
{"id":36,"date":"2025-07-30T10:47:12","date_gmt":"2025-07-30T08:47:12","guid":{"rendered":"https:\/\/turomas.unanimecreativos.com\/?page_id=36"},"modified":"2026-03-26T13:07:30","modified_gmt":"2026-03-26T12:07:30","slug":"events","status":"publish","type":"page","link":"https:\/\/turomas.unanimecreativos.com\/de\/events\/","title":{"rendered":"Eventos"},"content":{"rendered":"\n\t<section class=\"section\" id=\"section_351480819\">\n\t\t<div class=\"section-bg fill\" >\n\t\t\t\t\t\t\t\t\t\n\t\t\t\n\n\t\t<\/div>\n\n\t\t\n\n\t\t<div class=\"section-content relative\">\n\t\t\t\n\t<div id=\"ux-lottie-3942773177\" class=\"ux-lottie lottie lottie-top-right\">\n\t\t\t\t<lottie-player class=\"ux-lottie__player\" data-params=\"{&quot;src&quot;:&quot;\\\/lotties\\\/linea-02.json&quot;,&quot;loop&quot;:false,&quot;autoplay&quot;:true,&quot;controls&quot;:false,&quot;speed&quot;:&quot;0.6&quot;,&quot;direction&quot;:1,&quot;trigger&quot;:&quot;&quot;,&quot;mouseout&quot;:&quot;&quot;,&quot;start&quot;:0,&quot;end&quot;:100,&quot;scrollActionType&quot;:&quot;seek&quot;,&quot;visibilityStart&quot;:0,&quot;visibilityEnd&quot;:100,&quot;id&quot;:&quot;ux-lottie-3942773177&quot;}\"><\/lottie-player>\n\t\t\t\t\n<style>\n#ux-lottie-3942773177 {\n  width: 410px;\n  height: 272px;\n}\n<\/style>\n\t<\/div>\n\t\n\t<div id=\"gap-1685019376\" class=\"gap-element clearfix\" style=\"display:block; height:auto;\">\n\t\t\n<style>\n#gap-1685019376 {\n  padding-top: 140px;\n}\n@media (min-width:850px) {\n  #gap-1685019376 {\n    padding-top: 180px;\n  }\n}\n<\/style>\n\t<\/div>\n\t\n<div class=\"row\"  id=\"row-1569748615\">\n\n\t<div id=\"col-346565624\" class=\"col medium-6 small-12 large-6\"  >\n\t\t\t\t<div class=\"col-inner\"  >\n\t\t\t\n\t\t\t\n\t<div id=\"gap-1663711941\" class=\"gap-element clearfix\" style=\"display:block; height:auto;\">\n\t\t\n<style>\n#gap-1663711941 {\n  padding-top: 7px;\n}\n<\/style>\n\t<\/div>\n\t\n\t<div id=\"text-3767039159\" class=\"text txt-m-0\">\n\t\t\n<h2>TUROMAS Veranstaltungen<\/h2>\n\t\t\n<style>\n#text-3767039159 {\n  font-size: 2.5rem;\n  line-height: 1.2;\n  color: #7c7c7c;\n}\n#text-3767039159 > * {\n  color: #7c7c7c;\n}\n@media (min-width:550px) {\n  #text-3767039159 {\n    font-size: 3.5rem;\n  }\n}\n@media (min-width:850px) {\n  #text-3767039159 {\n    font-size: 4rem;\n  }\n}\n<\/style>\n\t<\/div>\n\t\n\t<div id=\"gap-472888427\" class=\"gap-element clearfix\" style=\"display:block; height:auto;\">\n\t\t\n<style>\n#gap-472888427 {\n  padding-top: 24px;\n}\n<\/style>\n\t<\/div>\n\t\n<div class=\"is-divider divider clearfix\" style=\"margin-top:0px;margin-bottom:0px;max-width:80px;height:4px;background-color:rgb(237, 129, 24);\"><\/div>\n\t<div id=\"gap-1824309544\" class=\"gap-element clearfix\" style=\"display:block; height:auto;\">\n\t\t\n<style>\n#gap-1824309544 {\n  padding-top: 30px;\n}\n<\/style>\n\t<\/div>\n\t\n\t<div id=\"text-1972294220\" class=\"text balance txt-m-0\">\n\t\t\n<p>Turomas nimmt an Veranstaltungen und Messen auf der ganzen Welt teil. Nutzen Sie die Gelegenheit, uns pers\u00f6nlich kennenzulernen.<br \/>\n\t\t\n<style>\n#text-1972294220 {\n  font-size: 1.125rem;\n  line-height: 1.3;\n}\n@media (min-width:550px) {\n  #text-1972294220 {\n    font-size: 1.35rem;\n  }\n}\n@media (min-width:850px) {\n  #text-1972294220 {\n    font-size: 1.5rem;\n  }\n}\n<\/style>\n\t<\/div>\n\t\n\t<div id=\"gap-261656746\" class=\"gap-element clearfix\" style=\"display:block; height:auto;\">\n\t\t\n<style>\n#gap-261656746 {\n  padding-top: 32px;\n}\n<\/style>\n\t<\/div>\n\t\n<a href=\"#events\" class=\"button primary has-icon icon-arrow\" >\n\t\t<span>Termin f\u00fcr eine Veranstaltung anfragen<\/span>\n\t<\/a>\n\n\t\t<\/div>\n\t\t\t\t\t<\/div>\n\n\t\n<\/div>\n\t<div id=\"gap-1413846375\" class=\"gap-element clearfix\" style=\"display:block; height:auto;\">\n\t\t\n<style>\n#gap-1413846375 {\n  padding-top: 80px;\n}\n<\/style>\n\t<\/div>\n\t\n<div class=\"row\"  id=\"row-1151413040\">\n\n\t<div id=\"col-45499201\" class=\"col all-events-col small-12 large-12\"  >\n\t\t\t\t<div class=\"col-inner\"  >\n\t\t\t\n\t\t\t\n\n            <div class=\"lasts-events-container all-events\">\n                                    <div class=\"last-event-item\">\n                        <h3>GLASSTECH MEXIKO<\/h3>\n                        <div class=\"evento-description\">\n                            <span class=\"date-place\">Juli 2026<\/span>\n                            <span class=\"date-place\">Mexiko-Stadt | Mexiko<\/span>\n                            <p><p>Die Pr\u00e4senz auf der Glasstech Mexico st\u00e4rkt das Engagement in diesem strategisch wichtigen Markt f\u00fcr die Glasindustrie.<\/p>\n<\/p>\n                        <\/div>\n                        <a href=\"#events\" data-event=\"GLASSTECH MEXIKO\"\n                            class=\"button is-outline has-icon icon-arrow custom-event-info-button\"><span>\n                                Termin vereinbaren                            <\/span><\/a>\n                    <\/div>\n                                    <div class=\"last-event-item\">\n                        <h3>GLASSBUILD AMERICA<\/h3>\n                        <div class=\"evento-description\">\n                            <span class=\"date-place\">September 2026<\/span>\n                            <span class=\"date-place\">Las Vegas | USA<\/span>\n                            <p><p>Die Teilnahme an der GlassBuild America festigt die Positionierung in einem der wichtigsten M\u00e4rkte f\u00fcr die Glasindustrie. Die Messe bietet die M\u00f6glichkeit, L\u00f6sungen zu pr\u00e4sentieren und Beziehungen zu Fachleuten sowie Unternehmen der Branche auf internationaler Ebene zu st\u00e4rken.<\/p>\n<\/p>\n                        <\/div>\n                        <a href=\"#events\" data-event=\"GLASSBUILD AMERICA\"\n                            class=\"button is-outline has-icon icon-arrow custom-event-info-button\"><span>\n                                Termin vereinbaren                            <\/span><\/a>\n                    <\/div>\n                                    <div class=\"last-event-item\">\n                        <h3>GLASSTEC<\/h3>\n                        <div class=\"evento-description\">\n                            <span class=\"date-place\">Oktober 2026<\/span>\n                            <span class=\"date-place\">D\u00fcsseldorf | Deutschland<\/span>\n                            <p><p>Die Glasstec, die weltweit wichtigste Messe f\u00fcr die Glasindustrie, wird der ausgew\u00e4hlte Rahmen f\u00fcr die Pr\u00e4sentation der neuesten technologischen Innovationen sein.<\/p>\n<\/p>\n                        <\/div>\n                        <a href=\"#events\" data-event=\"GLASSTEC\"\n                            class=\"button is-outline has-icon icon-arrow custom-event-info-button\"><span>\n                                Termin vereinbaren                            <\/span><\/a>\n                    <\/div>\n                            <\/div>\n\n            <div class=\"custom-events-pagination\">\n                            <\/div>\n\n            \n\n\t\t<\/div>\n\t\t\t\t\t<\/div>\n\n\t\n<\/div>\n\t\t<\/div>\n\n\t\t\n<style>\n#section_351480819 {\n  padding-top: 0px;\n  padding-bottom: 0px;\n}\n<\/style>\n\t<\/section>\n\t\n<span class=\"scroll-to\" data-label=\"Scroll to: #events\" data-bullet=\"false\" data-link=\"#events\" data-title=\"events\" data-offset-type=\"custom\" data-offset=\"140\"><a name=\"events\"><\/a><\/span>\n\n\t<section class=\"section\" id=\"section_290928275\">\n\t\t<div class=\"section-bg fill\" >\n\t\t\t\t\t\t\t\t\t\n\t\t\t\n\n\t\t<\/div>\n\n\t\t\n\n\t\t<div class=\"section-content relative\">\n\t\t\t\n<div class=\"row row-collapse row-full-width align-equal\"  id=\"row-666929099\">\n\n\t<div id=\"col-800246904\" class=\"col image-height-fit medium-6 small-12 large-6\"  >\n\t\t\t\t<div class=\"col-inner\"  >\n\t\t\t\n\t\t\t\n\t<div class=\"img has-hover x md-x lg-x y md-y lg-y\" id=\"image_94721553\">\n\t\t\t\t\t\t\t\t<div class=\"img-inner dark\" >\n\t\t\t<img loading=\"lazy\" decoding=\"async\" width=\"950\" height=\"994\" src=\"https:\/\/turomas.unanimecreativos.com\/de\/wp-content\/uploads\/2025\/09\/contacto-image-left-4.jpg\" class=\"attachment-large size-large\" alt=\"\" srcset=\"https:\/\/turomas.unanimecreativos.com\/de\/wp-content\/uploads\/2025\/09\/contacto-image-left-4.jpg 950w, https:\/\/turomas.unanimecreativos.com\/de\/wp-content\/uploads\/2025\/09\/contacto-image-left-4-287x300.jpg 287w, https:\/\/turomas.unanimecreativos.com\/de\/wp-content\/uploads\/2025\/09\/contacto-image-left-4-768x804.jpg 768w\" sizes=\"auto, (max-width: 950px) 100vw, 950px\" \/>\t\t\t\t\t\t\n\t\t\t\t\t<\/div>\n\t\t\t\t\t\t\t\t\n<style>\n#image_94721553 {\n  width: 100%;\n}\n<\/style>\n\t<\/div>\n\t\n\t\t<\/div>\n\t\t\t\t\t<\/div>\n\n\t\n\n\t<div id=\"col-573425876\" class=\"col medium-6 small-12 large-6\"  >\n\t\t\t\t<div class=\"col-inner\"  >\n\t\t\t\n\t\t\t\n\t<div id=\"text-3974270591\" class=\"text fw-200 txt-m-0 pretitle\">\n\t\t\n<p>Unsere Leidenschaft, Ihr Fortschritt<\/p>\n\t\t\n<style>\n#text-3974270591 {\n  font-size: 1.25rem;\n}\n<\/style>\n\t<\/div>\n\t\n\t<div id=\"gap-927585842\" class=\"gap-element clearfix\" style=\"display:block; height:auto;\">\n\t\t\n<style>\n#gap-927585842 {\n  padding-top: 7px;\n}\n<\/style>\n\t<\/div>\n\t\n\t<div id=\"text-1534051402\" class=\"text txt-m-0\">\n\t\t\n<h2>Terminanfrage f\u00fcr eine Veranstaltung<\/h2>\n\t\t\n<style>\n#text-1534051402 {\n  font-size: 2.5rem;\n  line-height: 1.2;\n  color: #7c7c7c;\n}\n#text-1534051402 > * {\n  color: #7c7c7c;\n}\n@media (min-width:550px) {\n  #text-1534051402 {\n    font-size: 3rem;\n  }\n}\n@media (min-width:850px) {\n  #text-1534051402 {\n    font-size: 3.5rem;\n  }\n}\n<\/style>\n\t<\/div>\n\t\n\t<div id=\"gap-1814292172\" class=\"gap-element clearfix\" style=\"display:block; height:auto;\">\n\t\t\n<style>\n#gap-1814292172 {\n  padding-top: 30px;\n}\n<\/style>\n\t<\/div>\n\t\n\n<div class=\"frm_forms  with_frm_style frm_style_estilo-de-formidable\" id=\"frm_form_7_container\" >\n<form enctype=\"multipart\/form-data\" method=\"post\" class=\"frm-show-form  frm_pro_form \" id=\"form_contact-form22\" >\n<div class=\"frm_form_fields \">\n<fieldset>\n<legend class=\"frm_screen_reader\">Termin f\u00fcr eine Veranstaltung vereinbaren<\/legend>\r\n\r\n<div class=\"frm_fields_container\">\n<input type=\"hidden\" name=\"frm_action\" value=\"create\" \/>\n<input type=\"hidden\" name=\"form_id\" value=\"7\" \/>\n<input type=\"hidden\" name=\"frm_hide_fields_7\" id=\"frm_hide_fields_7\" value=\"\" \/>\n<input type=\"hidden\" name=\"form_key\" value=\"contact-form22\" \/>\n<input type=\"hidden\" name=\"item_meta[0]\" value=\"\" \/>\n<input type=\"hidden\" id=\"frm_submit_entry_7\" name=\"frm_submit_entry_7\" value=\"7c64dcd0e9\" \/><input type=\"hidden\" name=\"_wp_http_referer\" value=\"\/de\/wp-json\/wp\/v2\/pages\/36\" \/><div id=\"frm_field_38_container\" class=\"frm_form_field form-field  frm_required_field frm_none_container\">\r\n\t<label for=\"field_c167\" id=\"field_c167_label\" class=\"frm_primary_label\">Unternehmen *\r\n\t\t<span class=\"frm_required\" aria-hidden=\"true\">*<\/span>\r\n\t<\/label>\r\n\t<input  type=\"text\" id=\"field_c167\" name=\"item_meta[38]\" value=\"\"  placeholder=\"Unternehmen *\" data-reqmsg=\"Unternehmen * kann nicht leer sein.\" aria-required=\"true\" data-invmsg=\"Unternehmen * no es v\u00e1lido\" aria-invalid=\"false\"   \/>\r\n\t\r\n\t\r\n<\/div>\n<div id=\"frm_field_39_container\" class=\"frm_form_field form-field  frm_required_field frm_none_container\">\r\n\t<label for=\"field_ks4y92\" id=\"field_ks4y92_label\" class=\"frm_primary_label\">Ansprechpartner *\r\n\t\t<span class=\"frm_required\" aria-hidden=\"true\">*<\/span>\r\n\t<\/label>\r\n\t<input  type=\"text\" id=\"field_ks4y92\" name=\"item_meta[39]\" value=\"\"  placeholder=\"Ansprechpartner *\" data-reqmsg=\"Ansprechpartner * kann nicht leer sein.\" aria-required=\"true\" data-invmsg=\"Ansprechpartner * no es v\u00e1lido\" aria-invalid=\"false\"   \/>\r\n\t\r\n\t\r\n<\/div>\n<div id=\"frm_field_40_container\" class=\"frm_form_field form-field  frm_required_field frm_none_container frm_full\">\r\n\t<label for=\"field_29yf4d22\" id=\"field_29yf4d22_label\" class=\"frm_primary_label\">Email\r\n\t\t<span class=\"frm_required\" aria-hidden=\"true\">*<\/span>\r\n\t<\/label>\r\n\t<input type=\"email\" id=\"field_29yf4d22\" name=\"item_meta[40]\" value=\"\"  placeholder=\"Email *\" data-reqmsg=\"Email kann nicht leer sein.\" aria-required=\"true\" data-invmsg=\"Bitte gib eine g\u00fcltige E-Mail-Adresse ein\" aria-invalid=\"false\"  \/>\r\n\t\r\n\t\r\n<\/div>\n<div id=\"frm_field_41_container\" class=\"frm_form_field form-field  frm_required_field frm_none_container\">\r\n\t<label for=\"field_5mma2\" id=\"field_5mma2_label\" class=\"frm_primary_label\">Telefon *\r\n\t\t<span class=\"frm_required\" aria-hidden=\"true\">*<\/span>\r\n\t<\/label>\r\n\t<input type=\"tel\" id=\"field_5mma2\" name=\"item_meta[41]\" value=\"\"  placeholder=\"Telefon *\" data-reqmsg=\"Telefon * kann nicht leer sein.\" aria-required=\"true\" data-invmsg=\"Telefon * ist ung\u00fcltig\" aria-invalid=\"false\" pattern=\"((\\+\\d{1,3}(-|.| )?\\(?\\d\\)?(-| |.)?\\d{1,5})|(\\(?\\d{2,6}\\)?))(-|.| )?(\\d{3,4})(-|.| )?(\\d{4})(( x| ext)\\d{1,5}){0,1}$\"  \/>\r\n\t\r\n\t\r\n<\/div>\n<div id=\"frm_field_42_container\" class=\"frm_form_field form-field  frm_required_field frm_none_container\">\r\n\t<label for=\"field_k4b7l2\" id=\"field_k4b7l2_label\" class=\"frm_primary_label\">Land *\r\n\t\t<span class=\"frm_required\" aria-hidden=\"true\">*<\/span>\r\n\t<\/label>\r\n\t\t\t<select  name=\"item_meta[42]\" id=\"field_k4b7l2\"  data-placeholder=\"Land *\"  data-placeholder=\" \" placeholder=\"Land *\" data-reqmsg=\"Land * kann nicht leer sein.\" aria-required=\"true\" data-invmsg=\"Land * ist ung\u00fcltig\" class=\"frm_slimselect\" aria-invalid=\"false\"  >\n\t\t\t\t\t\t\t<option  data-placeholder=\"true\" value=\"\" class=\"frm-select-placeholder\">\n\t\t\t\t\tLand *\t\t\t\t<\/option>\n\t\t\t\t\t\t<\/select>\n\t\t\r\n\t\r\n\t\r\n<\/div>\n<div id=\"frm_field_43_container\" class=\"frm_form_field form-field  frm_required_field frm_none_container\">\r\n\t<label for=\"field_y9ulk2\" id=\"field_y9ulk2_label\" class=\"frm_primary_label\">Provinz *\r\n\t\t<span class=\"frm_required\" aria-hidden=\"true\">*<\/span>\r\n\t<\/label>\r\n\t\t\t<select  name=\"item_meta[43]\" id=\"field_y9ulk2\"  data-placeholder=\"Provinz *\"  data-placeholder=\" \" placeholder=\"Provinz *\" data-reqmsg=\"Provinz * kann nicht leer sein.\" aria-required=\"true\" data-invmsg=\"Provinz * ist ung\u00fcltig\" class=\"frm_slimselect\" aria-invalid=\"false\"  >\n\t\t\t\t\t\t\t<option  data-placeholder=\"true\" value=\"\" class=\"frm-select-placeholder\">\n\t\t\t\t\tProvinz *\t\t\t\t<\/option>\n\t\t\t\t\t\t<\/select>\n\t\t\r\n\t\r\n\t\r\n<\/div>\n<div id=\"frm_field_44_container\" class=\"frm_form_field form-field  frm_none_container frm_full\">\r\n\t<label for=\"field_9jv0r122\" id=\"field_9jv0r122_label\" class=\"frm_primary_label\">Nachricht *\r\n\t\t<span class=\"frm_required\" aria-hidden=\"true\"><\/span>\r\n\t<\/label>\r\n\t<textarea name=\"item_meta[44]\" id=\"field_9jv0r122\" rows=\"5\"  placeholder=\"Nachricht *\" data-invmsg=\"Nachricht * ist ung\u00fcltig\" aria-invalid=\"false\"  ><\/textarea>\r\n\t\r\n\t\r\n<\/div>\n<div id=\"frm_field_45_container\" class=\"frm_form_field form-field  frm_required_field frm_none_container vertical_radio\">\r\n\t<div  id=\"field_crsvq2_label\" class=\"frm_primary_label\">DSGVO\r\n\t\t<span class=\"frm_required\" aria-hidden=\"true\">*<\/span>\r\n\t<\/div>\r\n\t<div class=\"frm_opt_container\" aria-labelledby=\"field_crsvq2_label\" role=\"group\">\t\t<div class=\"frm_checkbox\" id=\"frm_checkbox_45-0\">\t\t\t<label  for=\"field_crsvq2-0\">\n\t\t\t<input type=\"checkbox\" name=\"item_meta[45][]\" id=\"field_crsvq2-0\" value=\"Ich habe die Datenschutzerkl\u00e4rung gelesen und akzeptiere sie\"  data-reqmsg=\"DSGVO kann nicht leer sein.\" data-invmsg=\"DSGVO ist ung\u00fcltig\"   aria-required=\"true\"  \/> Ich habe die Datenschutzerkl\u00e4rung gelesen und akzeptiere sie<\/label><\/div>\n<\/div>\r\n\t\r\n\t\r\n<\/div>\n<input type=\"hidden\" name=\"item_meta[46]\" id=\"field_evento-field\" value=\"\"     \/>\n<div id=\"frm_field_47_container\" class=\"frm_form_field form-field \">\r\n\t<div class=\"frm_submit frm_flex\">\r\n<button class=\"frm_button_submit frm_final_submit button primary is-outline has-icon\" type=\"submit\"   formnovalidate=\"formnovalidate\"><span>Absenden<\/span><\/button>\r\n\r\n\r\n\r\n<\/div>\r\n<\/div>\n\t<input type=\"hidden\" name=\"item_key\" value=\"\" \/>\n\t\t\t<div id=\"frm_field_168_container\">\n\t\t\t<label for=\"field_kd6r5\" >\n\t\t\t\tFalls Du menschlich bist, lasse dieses Feld leer.\t\t\t<\/label>\n\t\t\t<input  id=\"field_kd6r5\" type=\"text\" class=\"frm_form_field form-field frm_verify\" name=\"item_meta[168]\" value=\"\"  \/>\n\t\t<\/div>\n\t\t<input name=\"frm_state\" type=\"hidden\" value=\"\/JTAQtMOACwlAktGmNgX4XCxgRuJtYxF9vDrSTbxsXaFiKsaP+rtAjObcOgrM6hj\" \/><\/div>\n<\/fieldset>\n<\/div>\n\n<\/form>\n<\/div>\n\n\n\t\t<\/div>\n\t\t\t\t\n<style>\n#col-573425876 > .col-inner {\n  padding: 50px 15px 50px 15px;\n}\n@media (min-width:550px) {\n  #col-573425876 > .col-inner {\n    padding: 50px 50px 50px 50px;\n  }\n}\n@media (min-width:850px) {\n  #col-573425876 > .col-inner {\n    padding: 80px 15% 80px 15%;\n  }\n}\n<\/style>\n\t<\/div>\n\n\t\n\n<style>\n#row-666929099 > .col > .col-inner {\n  background-color: rgb(246, 246, 246);\n}\n<\/style>\n<\/div>\n\t\t<\/div>\n\n\t\t\n<style>\n#section_290928275 {\n  padding-top: 0px;\n  padding-bottom: 0px;\n}\n<\/style>\n\t<\/section>\n\t\n","protected":false},"excerpt":{"rendered":"","protected":false},"author":1,"featured_media":1340,"parent":0,"menu_order":0,"comment_status":"closed","ping_status":"closed","template":"","meta":{"_acf_changed":false,"footnotes":""},"class_list":["post-36","page","type-page","status-publish","has-post-thumbnail","hentry"],"acf":[],"yoast_head":"<!-- This site is optimized with the Yoast SEO plugin v27.1.1 - https:\/\/yoast.com\/product\/yoast-seo-wordpress\/ -->\n<title>Eventos y Ferias | Turomas<\/title>\n<meta name=\"description\" content=\"Conoce nuestras \u00faltimas ferias y participaciones internacionales. En los eventos y ferias puedes ver nuestras soluciones y hablar con el equipo. \u00a1Cont\u00e1ctanos!\" \/>\n<meta name=\"robots\" content=\"index, follow, max-snippet:-1, max-image-preview:large, max-video-preview:-1\" \/>\n<link rel=\"canonical\" href=\"https:\/\/turomas.unanimecreativos.com\/de\/events\/\" \/>\n<meta property=\"og:locale\" content=\"de_DE\" \/>\n<meta property=\"og:type\" content=\"article\" \/>\n<meta property=\"og:title\" content=\"Eventos y Ferias | Turomas\" \/>\n<meta property=\"og:description\" content=\"Conoce nuestras \u00faltimas ferias y participaciones internacionales. En los eventos y ferias puedes ver nuestras soluciones y hablar con el equipo. \u00a1Cont\u00e1ctanos!\" \/>\n<meta property=\"og:url\" content=\"https:\/\/turomas.unanimecreativos.com\/de\/events\/\" \/>\n<meta property=\"og:site_name\" content=\"Turomas DE\" \/>\n<meta property=\"article:modified_time\" content=\"2026-03-26T12:07:30+00:00\" \/>\n<meta property=\"og:image\" content=\"https:\/\/turomas.unanimecreativos.com\/de\/wp-content\/uploads\/2025\/09\/turomas-timeline-14-4.jpg\" \/>\n\t<meta property=\"og:image:width\" content=\"655\" \/>\n\t<meta property=\"og:image:height\" content=\"655\" \/>\n\t<meta property=\"og:image:type\" content=\"image\/jpeg\" \/>\n<meta name=\"twitter:card\" content=\"summary_large_image\" \/>\n<meta name=\"twitter:label1\" content=\"Gesch\u00e4tzte Lesezeit\" \/>\n\t<meta name=\"twitter:data1\" content=\"2\u00a0Minuten\" \/>\n<script type=\"application\/ld+json\" class=\"yoast-schema-graph\">{\"@context\":\"https:\/\/schema.org\",\"@graph\":[{\"@type\":\"WebPage\",\"@id\":\"https:\/\/turomas.unanimecreativos.com\/de\/events\/\",\"url\":\"https:\/\/turomas.unanimecreativos.com\/de\/events\/\",\"name\":\"Eventos y Ferias | Turomas\",\"isPartOf\":{\"@id\":\"https:\/\/turomas.unanimecreativos.com\/de\/#website\"},\"primaryImageOfPage\":{\"@id\":\"https:\/\/turomas.unanimecreativos.com\/de\/events\/#primaryimage\"},\"image\":{\"@id\":\"https:\/\/turomas.unanimecreativos.com\/de\/events\/#primaryimage\"},\"thumbnailUrl\":\"https:\/\/turomas.unanimecreativos.com\/de\/wp-content\/uploads\/2025\/09\/turomas-timeline-14-4.jpg\",\"datePublished\":\"2025-07-30T08:47:12+00:00\",\"dateModified\":\"2026-03-26T12:07:30+00:00\",\"description\":\"Conoce nuestras \u00faltimas ferias y participaciones internacionales. En los eventos y ferias puedes ver nuestras soluciones y hablar con el equipo. \u00a1Cont\u00e1ctanos!\",\"breadcrumb\":{\"@id\":\"https:\/\/turomas.unanimecreativos.com\/de\/events\/#breadcrumb\"},\"inLanguage\":\"de\",\"potentialAction\":[{\"@type\":\"ReadAction\",\"target\":[\"https:\/\/turomas.unanimecreativos.com\/de\/events\/\"]}]},{\"@type\":\"ImageObject\",\"inLanguage\":\"de\",\"@id\":\"https:\/\/turomas.unanimecreativos.com\/de\/events\/#primaryimage\",\"url\":\"https:\/\/turomas.unanimecreativos.com\/de\/wp-content\/uploads\/2025\/09\/turomas-timeline-14-4.jpg\",\"contentUrl\":\"https:\/\/turomas.unanimecreativos.com\/de\/wp-content\/uploads\/2025\/09\/turomas-timeline-14-4.jpg\",\"width\":655,\"height\":655,\"caption\":\"eventos\"},{\"@type\":\"BreadcrumbList\",\"@id\":\"https:\/\/turomas.unanimecreativos.com\/de\/events\/#breadcrumb\",\"itemListElement\":[{\"@type\":\"ListItem\",\"position\":1,\"name\":\"Portada\",\"item\":\"https:\/\/turomas.unanimecreativos.com\/de\/\"},{\"@type\":\"ListItem\",\"position\":2,\"name\":\"Eventos\"}]},{\"@type\":\"WebSite\",\"@id\":\"https:\/\/turomas.unanimecreativos.com\/de\/#website\",\"url\":\"https:\/\/turomas.unanimecreativos.com\/de\/\",\"name\":\"Turomas DE\",\"description\":\"\",\"potentialAction\":[{\"@type\":\"SearchAction\",\"target\":{\"@type\":\"EntryPoint\",\"urlTemplate\":\"https:\/\/turomas.unanimecreativos.com\/de\/?s={search_term_string}\"},\"query-input\":{\"@type\":\"PropertyValueSpecification\",\"valueRequired\":true,\"valueName\":\"search_term_string\"}}],\"inLanguage\":\"de\"}]}<\/script>\n<!-- \/ Yoast SEO plugin. -->","yoast_head_json":{"title":"Eventos y Ferias | Turomas","description":"Conoce nuestras \u00faltimas ferias y participaciones internacionales. En los eventos y ferias puedes ver nuestras soluciones y hablar con el equipo. \u00a1Cont\u00e1ctanos!","robots":{"index":"index","follow":"follow","max-snippet":"max-snippet:-1","max-image-preview":"max-image-preview:large","max-video-preview":"max-video-preview:-1"},"canonical":"https:\/\/turomas.unanimecreativos.com\/de\/events\/","og_locale":"de_DE","og_type":"article","og_title":"Eventos y Ferias | Turomas","og_description":"Conoce nuestras \u00faltimas ferias y participaciones internacionales. En los eventos y ferias puedes ver nuestras soluciones y hablar con el equipo. \u00a1Cont\u00e1ctanos!","og_url":"https:\/\/turomas.unanimecreativos.com\/de\/events\/","og_site_name":"Turomas DE","article_modified_time":"2026-03-26T12:07:30+00:00","og_image":[{"width":655,"height":655,"url":"https:\/\/turomas.unanimecreativos.com\/de\/wp-content\/uploads\/2025\/09\/turomas-timeline-14-4.jpg","type":"image\/jpeg"}],"twitter_card":"summary_large_image","twitter_misc":{"Gesch\u00e4tzte Lesezeit":"2\u00a0Minuten"},"schema":{"@context":"https:\/\/schema.org","@graph":[{"@type":"WebPage","@id":"https:\/\/turomas.unanimecreativos.com\/de\/events\/","url":"https:\/\/turomas.unanimecreativos.com\/de\/events\/","name":"Eventos y Ferias | Turomas","isPartOf":{"@id":"https:\/\/turomas.unanimecreativos.com\/de\/#website"},"primaryImageOfPage":{"@id":"https:\/\/turomas.unanimecreativos.com\/de\/events\/#primaryimage"},"image":{"@id":"https:\/\/turomas.unanimecreativos.com\/de\/events\/#primaryimage"},"thumbnailUrl":"https:\/\/turomas.unanimecreativos.com\/de\/wp-content\/uploads\/2025\/09\/turomas-timeline-14-4.jpg","datePublished":"2025-07-30T08:47:12+00:00","dateModified":"2026-03-26T12:07:30+00:00","description":"Conoce nuestras \u00faltimas ferias y participaciones internacionales. En los eventos y ferias puedes ver nuestras soluciones y hablar con el equipo. \u00a1Cont\u00e1ctanos!","breadcrumb":{"@id":"https:\/\/turomas.unanimecreativos.com\/de\/events\/#breadcrumb"},"inLanguage":"de","potentialAction":[{"@type":"ReadAction","target":["https:\/\/turomas.unanimecreativos.com\/de\/events\/"]}]},{"@type":"ImageObject","inLanguage":"de","@id":"https:\/\/turomas.unanimecreativos.com\/de\/events\/#primaryimage","url":"https:\/\/turomas.unanimecreativos.com\/de\/wp-content\/uploads\/2025\/09\/turomas-timeline-14-4.jpg","contentUrl":"https:\/\/turomas.unanimecreativos.com\/de\/wp-content\/uploads\/2025\/09\/turomas-timeline-14-4.jpg","width":655,"height":655,"caption":"eventos"},{"@type":"BreadcrumbList","@id":"https:\/\/turomas.unanimecreativos.com\/de\/events\/#breadcrumb","itemListElement":[{"@type":"ListItem","position":1,"name":"Portada","item":"https:\/\/turomas.unanimecreativos.com\/de\/"},{"@type":"ListItem","position":2,"name":"Eventos"}]},{"@type":"WebSite","@id":"https:\/\/turomas.unanimecreativos.com\/de\/#website","url":"https:\/\/turomas.unanimecreativos.com\/de\/","name":"Turomas DE","description":"","potentialAction":[{"@type":"SearchAction","target":{"@type":"EntryPoint","urlTemplate":"https:\/\/turomas.unanimecreativos.com\/de\/?s={search_term_string}"},"query-input":{"@type":"PropertyValueSpecification","valueRequired":true,"valueName":"search_term_string"}}],"inLanguage":"de"}]}},"_links":{"self":[{"href":"https:\/\/turomas.unanimecreativos.com\/de\/wp-json\/wp\/v2\/pages\/36","targetHints":{"allow":["GET"]}}],"collection":[{"href":"https:\/\/turomas.unanimecreativos.com\/de\/wp-json\/wp\/v2\/pages"}],"about":[{"href":"https:\/\/turomas.unanimecreativos.com\/de\/wp-json\/wp\/v2\/types\/page"}],"author":[{"embeddable":true,"href":"https:\/\/turomas.unanimecreativos.com\/de\/wp-json\/wp\/v2\/users\/1"}],"replies":[{"embeddable":true,"href":"https:\/\/turomas.unanimecreativos.com\/de\/wp-json\/wp\/v2\/comments?post=36"}],"version-history":[{"count":4,"href":"https:\/\/turomas.unanimecreativos.com\/de\/wp-json\/wp\/v2\/pages\/36\/revisions"}],"predecessor-version":[{"id":5931,"href":"https:\/\/turomas.unanimecreativos.com\/de\/wp-json\/wp\/v2\/pages\/36\/revisions\/5931"}],"wp:featuredmedia":[{"embeddable":true,"href":"https:\/\/turomas.unanimecreativos.com\/de\/wp-json\/wp\/v2\/media\/1340"}],"wp:attachment":[{"href":"https:\/\/turomas.unanimecreativos.com\/de\/wp-json\/wp\/v2\/media?parent=36"}],"curies":[{"name":"wp","href":"https:\/\/api.w.org\/{rel}","templated":true}]}}