
{"id":93,"date":"2025-07-30T13:07:19","date_gmt":"2025-07-30T11:07:19","guid":{"rendered":"https:\/\/turomas.unanimecreativos.com\/?page_id=93"},"modified":"2026-03-25T08:45:22","modified_gmt":"2026-03-25T07:45:22","slug":"rechtliche-hinweise","status":"publish","type":"page","link":"https:\/\/turomas.unanimecreativos.com\/de\/rechtliche-hinweise\/","title":{"rendered":"Condiciones Legales"},"content":{"rendered":"\n\t<section class=\"section\" id=\"section_1534405047\">\n\t\t<div class=\"section-bg fill\" >\n\t\t\t\t\t\t\t\t\t\n\t\t\t\n\n\t\t<\/div>\n\n\t\t\n\n\t\t<div class=\"section-content relative\">\n\t\t\t\n<div class=\"row\"  id=\"row-1288530227\">\n\n\t<div id=\"col-1852752995\" class=\"col small-12 large-12\"  >\n\t\t\t\t<div class=\"col-inner\"  >\n\t\t\t\n\t\t\t\n\t<div id=\"gap-794827707\" class=\"gap-element clearfix\" style=\"display:block; height:auto;\">\n\t\t\n<style>\n#gap-794827707 {\n  padding-top: 50px;\n}\n<\/style>\n\t<\/div>\n\t\n\t<div id=\"text-1326666782\" class=\"text fw-500\">\n\t\t\n<p>RECHTLICHE HINWEISE<\/p>\n\t\t\n<style>\n#text-1326666782 {\n  font-size: 2rem;\n}\n<\/style>\n\t<\/div>\n\t\n\t<div id=\"text-1828043930\" class=\"text\">\n\t\t\n<p><strong>GESETZ \u00dcBER DIENSTE DER INFORMATIONSGESELLSCHAFT (LSSI)<\/strong><\/p>\n<p>TUROMAS S.L., Verantwortlicher f\u00fcr die Website, im Folgenden der VERANTWORTLICHE, stellt den Nutzern dieses Dokument zur Verf\u00fcgung, um den Verpflichtungen gem\u00e4\u00df dem Gesetz 34\/2002 vom 11. Juli \u00fcber Dienste der Informationsgesellschaft und den elektronischen Gesch\u00e4ftsverkehr (LSSICE) nachzukommen und alle Nutzer der Website \u00fcber die Nutzungsbedingungen zu informieren.<\/p>\n<p>Jede Person, die auf diese Website zugreift, \u00fcbernimmt die Rolle eines Nutzers und verpflichtet sich zur strikten Einhaltung der hier dargelegten Bestimmungen sowie aller anderen geltenden gesetzlichen Vorschriften.<\/p>\n<p>TUROMAS S.L. beh\u00e4lt sich das Recht vor, jede Art von Information, die auf der Website erscheinen kann, zu \u00e4ndern, ohne dass eine Verpflichtung zur Vorank\u00fcndigung oder Benachrichtigung der Nutzer besteht; die Ver\u00f6ffentlichung auf der Website von TUROMAS S.L. gilt als ausreichend.<\/p>\n\t\t\n<style>\n#text-1828043930 {\n  font-size: 1rem;\n}\n<\/style>\n\t<\/div>\n\t\n\t<div id=\"text-779966550\" class=\"text\">\n\t\t\n<p><strong>1. IDENTIFIZIERENDE DATEN<\/strong><\/p>\n\t\t\n<style>\n#text-779966550 {\n  font-size: 1rem;\n}\n<\/style>\n\t<\/div>\n\t\n\t<div id=\"text-1224846042\" class=\"text\">\n\t\t\n<p>Domain-Name: www.turomas.com\/<br \/>\nHandelsname: TUROMAS<br \/>\nFirmenname: TUROMAS S.L.<br \/>\nNIF (Steuernummer): B44237345<br \/>\nFirmensitz: CARRETERA ESTACI\u00d3N, KM. 15,8, 44415 Rubielos de Mora (Teruel), Spanien<br \/>\nTelefon: +34 978 804 158<br \/>\nE-Mail: info@turomas.com<\/p>\n\t\t\n<style>\n#text-1224846042 {\n  font-size: 1rem;\n}\n<\/style>\n\t<\/div>\n\t\n\t<div id=\"text-930452134\" class=\"text\">\n\t\t\n<p><strong>2. RECHTE AN GEISTIGEM UND GEWERBLICHEM EIGENTUM<\/strong><\/p>\n\t\t\n<style>\n#text-930452134 {\n  font-size: 1rem;\n}\n<\/style>\n\t<\/div>\n\t\n\t<div id=\"text-4097049453\" class=\"text\">\n\t\t\n<p>Die Website, einschlie\u00dflich, aber nicht beschr\u00e4nkt auf Programmierung, Bearbeitung, Zusammenstellung und andere f\u00fcr ihr Funktionieren notwendige Elemente, Designs, Logos, Texte und\/oder Grafiken, ist Eigentum des VERANTWORTLICHEN oder verf\u00fcgt gegebenenfalls \u00fcber eine Lizenz oder ausdr\u00fcckliche Genehmigung der Urheber. Alle Inhalte der Website sind ordnungsgem\u00e4\u00df durch die Vorschriften zum geistigen und gewerblichen Eigentum gesch\u00fctzt und in den entsprechenden \u00f6ffentlichen Registern eingetragen.<\/p>\n<p>Unabh\u00e4ngig von dem Zweck, f\u00fcr den sie bestimmt waren, bedarf die vollst\u00e4ndige oder teilweise Vervielf\u00e4ltigung, Nutzung, Verwertung, Verbreitung und Vermarktung in jedem Fall der vorherigen schriftlichen Genehmigung durch den VERANTWORTLICHEN. Jede nicht zuvor genehmigte Nutzung wird als schwerwiegende Verletzung der geistigen oder gewerblichen Eigentumsrechte des Urhebers betrachtet.<\/p>\n<p>Die Designs, Logos, Texte und\/oder Grafiken, die nicht dem VERANTWORTLICHEN geh\u00f6ren und auf der Website erscheinen k\u00f6nnen, geh\u00f6ren ihren jeweiligen Eigent\u00fcmern, die selbst f\u00fcr etwaige Streitigkeiten verantwortlich sind, die in Bezug auf diese entstehen k\u00f6nnten. Der VERANTWORTLICHE gestattet Dritten ausdr\u00fccklich, direkt auf die spezifischen Inhalte der Website zu verlinken und in jedem Fall auf die Haupt-Website www.turomas.com\/ weiterzuleiten.<\/p>\n<p>Der VERANTWORTLICHE erkennt zugunsten der Inhaber die entsprechenden Rechte an geistigem und gewerblichen Eigentum an. Die blo\u00dfe Erw\u00e4hnung oder das Erscheinen auf der Website impliziert weder das Bestehen von Rechten oder einer Haftung des VERANTWORTLICHEN f\u00fcr diese, noch eine Unterst\u00fctzung, ein Sponsoring oder eine Empfehlung durch denselben.<\/p>\n<p>F\u00fcr Anmerkungen zu m\u00f6glichen Verletzungen von Rechten des geistigen oder gewerblichen Eigentums sowie zu den Inhalten der Website k\u00f6nnen Sie sich per E-Mail an info@turomas.com wenden.<\/p>\n\t\t\n<style>\n#text-4097049453 {\n  font-size: 1rem;\n}\n<\/style>\n\t<\/div>\n\t\n\t<div id=\"text-4252564357\" class=\"text\">\n\t\t\n<p><strong>3. HAFTUNGSAUSSCHLUSS<\/strong><\/p>\n\t\t\n<style>\n#text-4252564357 {\n  font-size: 1rem;\n}\n<\/style>\n\t<\/div>\n\t\n\t<div id=\"text-764460383\" class=\"text\">\n\t\t\n<p>Der VERANTWORTLICHE ist von jeglicher Haftung befreit, die sich aus den auf seiner Website ver\u00f6ffentlichten Informationen ergibt, sofern er keine tats\u00e4chliche Kenntnis davon hat, dass diese Informationen von einem ihm fremden Dritten manipuliert oder eingef\u00fcgt wurden, oder, falls er davon Kenntnis hat, mit der gebotenen Sorgfalt gehandelt hat, um die Daten zu entfernen oder den Zugang zu ihnen unm\u00f6glich zu machen.<\/p>\n<p><strong>Verwendung von Cookies<\/strong><br \/>\nDiese Website kann technische Cookies verwenden (kleine Informationsdateien, die der Server an den Computer der Person sendet, die auf die Seite zugreift), um bestimmte Funktionen auszuf\u00fchren, die f\u00fcr das ordnungsgem\u00e4\u00dfe Funktionieren und die Anzeige der Website als unerl\u00e4sslich erachtet werden. Die verwendeten Cookies sind in jedem Fall tempor\u00e4r und dienen ausschlie\u00dflich dazu, die Navigation effizienter zu gestalten; sie verschwinden am Ende der Sitzung des Nutzers. In keinem Fall liefern diese Cookies von sich aus personenbezogene Daten und werden nicht f\u00fcr deren Erhebung verwendet.<\/p>\n<p>Durch die Verwendung von Cookies ist es auch m\u00f6glich, dass der Server den vom Nutzer verwendeten Browser erkennt, um die Navigation zu vereinfachen, indem beispielsweise registrierten Nutzern der Zugang zu Bereichen, Diensten oder Werbeaktionen erm\u00f6glicht wird, ohne dass sie sich bei jedem Besuch neu anmelden m\u00fcssen. Sie k\u00f6nnen auch zur Messung der Besucherzahlen, des Traffics usw. verwendet werden. In diesen F\u00e4llen handelt es sich um technisch nicht notwendige, aber f\u00fcr den Nutzer vorteilhafte Cookies. Diese Website installiert keine nicht notwendigen Cookies ohne die vorherige Zustimmung des Nutzers.<\/p>\n<p>Der Nutzer hat die M\u00f6glichkeit, seinen Browser so zu konfigurieren, dass er \u00fcber den Empfang von Cookies informiert wird und deren Installation auf seinem Ger\u00e4t verhindern kann. Bitte konsultieren Sie die Anweisungen Ihres Browsers f\u00fcr weitere Informationen.<\/p>\n<p><strong>Link-Richtlinie<\/strong><br \/>\nVon der Website aus ist es m\u00f6glich, auf Inhalte von Websites Dritter weitergeleitet zu werden. Da der VERANTWORTLICHE die von Dritten auf ihren jeweiligen Websites eingestellten Inhalte nicht immer kontrollieren kann, \u00fcbernimmt er keinerlei Haftung f\u00fcr diese Inhalte. In jedem Fall wird er Inhalte, die gegen nationale oder internationale Rechtsvorschriften, die guten Sitten oder die \u00f6ffentliche Ordnung versto\u00dfen k\u00f6nnten, unverz\u00fcglich entfernen und die zust\u00e4ndigen Beh\u00f6rden \u00fcber den betreffenden Inhalt informieren.<\/p>\n<p>Der VERANTWORTLICHE ist nicht verantwortlich f\u00fcr Informationen und Inhalte, die unter anderem in Foren, Chats, Blog-Generatoren, Kommentaren, sozialen Netzwerken oder anderen Medien gespeichert sind, die es Dritten erm\u00f6glichen, Inhalte unabh\u00e4ngig auf der Website des VERANTWORTLICHEN zu ver\u00f6ffentlichen. In \u00dcbereinstimmung mit den Artikeln 11 und 16 der LSSICE stellt er sich jedoch allen Nutzern, Beh\u00f6rden und Sicherheitskr\u00e4ften zur Verf\u00fcgung und arbeitet aktiv an der Entfernung oder Sperrung aller Inhalte mit, die gegen die Gesetzgebung, Rechte Dritter oder die \u00f6ffentliche Ordnung versto\u00dfen k\u00f6nnten.<\/p>\n<p>Diese Website wurde \u00fcberpr\u00fcft und getestet, um ein ordnungsgem\u00e4\u00dfes Funktionieren zu gew\u00e4hrleisten. Grunds\u00e4tzlich kann der Betrieb an 365 Tagen im Jahr rund um die Uhr garantiert werden. Der VERANTWORTLICHE schlie\u00dft jedoch nicht aus, dass bestimmte Programmierfehler vorliegen oder Ursachen h\u00f6herer Gewalt, Naturkatastrophen, Streiks oder \u00e4hnliche Umst\u00e4nde eintreten, die den Zugriff auf die Website unm\u00f6glich machen.<\/p>\n<p><strong>IP-Adressen<\/strong><br \/>\nDie Server der Website k\u00f6nnen automatisch die vom Nutzer verwendete IP-Adresse und den Domain-Namen erkennen. Eine IP-Adresse ist eine Nummer, die einem Computer automatisch zugewiesen wird, wenn er eine Verbindung zum Internet herstellt. Alle diese Informationen werden in einer Aktivit\u00e4tsdatei des Servers protokolliert, die die sp\u00e4tere Verarbeitung der Daten erm\u00f6glicht, um ausschlie\u00dflich statistische Messungen \u00fcber die Anzahl der Seitenaufrufe, die Anzahl der Besuche, die Reihenfolge der Besuche usw. zu erhalten.<\/p>\n\t\t\n<style>\n#text-764460383 {\n  font-size: 1rem;\n}\n<\/style>\n\t<\/div>\n\t\n\t<div id=\"text-250793772\" class=\"text\">\n\t\t\n<p><strong>4. ANWENDBARES RECHT UND GERICHTSSTAND<\/strong><\/p>\n\t\t\n<style>\n#text-250793772 {\n  font-size: 1rem;\n}\n<\/style>\n\t<\/div>\n\t\n\t<div id=\"text-3497337821\" class=\"text\">\n\t\t\n<p>F\u00fcr die Beilegung aller Streitigkeiten oder Fragen im Zusammenhang mit dieser Website oder den auf ihr durchgef\u00fchrten Aktivit\u00e4ten gilt die spanische Gesetzgebung, der sich die Parteien ausdr\u00fccklich unterwerfen. Zust\u00e4ndig f\u00fcr die Beilegung aller Konflikte, die sich aus oder im Zusammenhang mit der Nutzung ergeben, sind die Gerichte am Wohnsitz des NUTZERS oder am Ort der Erf\u00fcllung der Verpflichtung.<\/p>\n\t\t\n<style>\n#text-3497337821 {\n  font-size: 1rem;\n}\n<\/style>\n\t<\/div>\n\t\n\t<div id=\"gap-565264054\" class=\"gap-element clearfix\" style=\"display:block; height:auto;\">\n\t\t\n<style>\n#gap-565264054 {\n  padding-top: 50px;\n}\n<\/style>\n\t<\/div>\n\t\n\t\t<\/div>\n\t\t\t\t\t<\/div>\n\n\t\n<\/div>\n\t\t<\/div>\n\n\t\t\n<style>\n#section_1534405047 {\n  padding-top: 30px;\n  padding-bottom: 30px;\n}\n<\/style>\n\t<\/section>\n\t\n","protected":false},"excerpt":{"rendered":"","protected":false},"author":1,"featured_media":0,"parent":0,"menu_order":0,"comment_status":"closed","ping_status":"closed","template":"","meta":{"_acf_changed":false,"footnotes":""},"class_list":["post-93","page","type-page","status-publish","hentry"],"acf":[],"yoast_head":"<!-- This site is optimized with the Yoast SEO plugin v27.1.1 - https:\/\/yoast.com\/product\/yoast-seo-wordpress\/ -->\n<title>Condiciones Legales - Turomas DE<\/title>\n<meta name=\"robots\" content=\"noindex, follow\" \/>\n<meta property=\"og:locale\" content=\"de_DE\" \/>\n<meta property=\"og:type\" content=\"article\" \/>\n<meta property=\"og:title\" content=\"Condiciones Legales - Turomas DE\" \/>\n<meta property=\"og:url\" content=\"https:\/\/turomas.unanimecreativos.com\/de\/rechtliche-hinweise\/\" \/>\n<meta property=\"og:site_name\" content=\"Turomas DE\" \/>\n<meta property=\"article:modified_time\" content=\"2026-03-25T07:45:22+00:00\" \/>\n<meta name=\"twitter:card\" content=\"summary_large_image\" \/>\n<meta name=\"twitter:label1\" content=\"Gesch\u00e4tzte Lesezeit\" \/>\n\t<meta name=\"twitter:data1\" content=\"8\u00a0Minuten\" \/>\n<script type=\"application\/ld+json\" class=\"yoast-schema-graph\">{\"@context\":\"https:\/\/schema.org\",\"@graph\":[{\"@type\":\"WebPage\",\"@id\":\"https:\/\/turomas.unanimecreativos.com\/de\/rechtliche-hinweise\/\",\"url\":\"https:\/\/turomas.unanimecreativos.com\/de\/rechtliche-hinweise\/\",\"name\":\"Condiciones Legales - Turomas DE\",\"isPartOf\":{\"@id\":\"https:\/\/turomas.unanimecreativos.com\/de\/#website\"},\"datePublished\":\"2025-07-30T11:07:19+00:00\",\"dateModified\":\"2026-03-25T07:45:22+00:00\",\"breadcrumb\":{\"@id\":\"https:\/\/turomas.unanimecreativos.com\/de\/rechtliche-hinweise\/#breadcrumb\"},\"inLanguage\":\"de\",\"potentialAction\":[{\"@type\":\"ReadAction\",\"target\":[\"https:\/\/turomas.unanimecreativos.com\/de\/rechtliche-hinweise\/\"]}]},{\"@type\":\"BreadcrumbList\",\"@id\":\"https:\/\/turomas.unanimecreativos.com\/de\/rechtliche-hinweise\/#breadcrumb\",\"itemListElement\":[{\"@type\":\"ListItem\",\"position\":1,\"name\":\"Portada\",\"item\":\"https:\/\/turomas.unanimecreativos.com\/de\/\"},{\"@type\":\"ListItem\",\"position\":2,\"name\":\"Condiciones Legales\"}]},{\"@type\":\"WebSite\",\"@id\":\"https:\/\/turomas.unanimecreativos.com\/de\/#website\",\"url\":\"https:\/\/turomas.unanimecreativos.com\/de\/\",\"name\":\"Turomas DE\",\"description\":\"\",\"potentialAction\":[{\"@type\":\"SearchAction\",\"target\":{\"@type\":\"EntryPoint\",\"urlTemplate\":\"https:\/\/turomas.unanimecreativos.com\/de\/?s={search_term_string}\"},\"query-input\":{\"@type\":\"PropertyValueSpecification\",\"valueRequired\":true,\"valueName\":\"search_term_string\"}}],\"inLanguage\":\"de\"}]}<\/script>\n<!-- \/ Yoast SEO plugin. -->","yoast_head_json":{"title":"Condiciones Legales - Turomas DE","robots":{"index":"noindex","follow":"follow"},"og_locale":"de_DE","og_type":"article","og_title":"Condiciones Legales - Turomas DE","og_url":"https:\/\/turomas.unanimecreativos.com\/de\/rechtliche-hinweise\/","og_site_name":"Turomas DE","article_modified_time":"2026-03-25T07:45:22+00:00","twitter_card":"summary_large_image","twitter_misc":{"Gesch\u00e4tzte Lesezeit":"8\u00a0Minuten"},"schema":{"@context":"https:\/\/schema.org","@graph":[{"@type":"WebPage","@id":"https:\/\/turomas.unanimecreativos.com\/de\/rechtliche-hinweise\/","url":"https:\/\/turomas.unanimecreativos.com\/de\/rechtliche-hinweise\/","name":"Condiciones Legales - Turomas DE","isPartOf":{"@id":"https:\/\/turomas.unanimecreativos.com\/de\/#website"},"datePublished":"2025-07-30T11:07:19+00:00","dateModified":"2026-03-25T07:45:22+00:00","breadcrumb":{"@id":"https:\/\/turomas.unanimecreativos.com\/de\/rechtliche-hinweise\/#breadcrumb"},"inLanguage":"de","potentialAction":[{"@type":"ReadAction","target":["https:\/\/turomas.unanimecreativos.com\/de\/rechtliche-hinweise\/"]}]},{"@type":"BreadcrumbList","@id":"https:\/\/turomas.unanimecreativos.com\/de\/rechtliche-hinweise\/#breadcrumb","itemListElement":[{"@type":"ListItem","position":1,"name":"Portada","item":"https:\/\/turomas.unanimecreativos.com\/de\/"},{"@type":"ListItem","position":2,"name":"Condiciones Legales"}]},{"@type":"WebSite","@id":"https:\/\/turomas.unanimecreativos.com\/de\/#website","url":"https:\/\/turomas.unanimecreativos.com\/de\/","name":"Turomas DE","description":"","potentialAction":[{"@type":"SearchAction","target":{"@type":"EntryPoint","urlTemplate":"https:\/\/turomas.unanimecreativos.com\/de\/?s={search_term_string}"},"query-input":{"@type":"PropertyValueSpecification","valueRequired":true,"valueName":"search_term_string"}}],"inLanguage":"de"}]}},"_links":{"self":[{"href":"https:\/\/turomas.unanimecreativos.com\/de\/wp-json\/wp\/v2\/pages\/93","targetHints":{"allow":["GET"]}}],"collection":[{"href":"https:\/\/turomas.unanimecreativos.com\/de\/wp-json\/wp\/v2\/pages"}],"about":[{"href":"https:\/\/turomas.unanimecreativos.com\/de\/wp-json\/wp\/v2\/types\/page"}],"author":[{"embeddable":true,"href":"https:\/\/turomas.unanimecreativos.com\/de\/wp-json\/wp\/v2\/users\/1"}],"replies":[{"embeddable":true,"href":"https:\/\/turomas.unanimecreativos.com\/de\/wp-json\/wp\/v2\/comments?post=93"}],"version-history":[{"count":2,"href":"https:\/\/turomas.unanimecreativos.com\/de\/wp-json\/wp\/v2\/pages\/93\/revisions"}],"predecessor-version":[{"id":5801,"href":"https:\/\/turomas.unanimecreativos.com\/de\/wp-json\/wp\/v2\/pages\/93\/revisions\/5801"}],"wp:attachment":[{"href":"https:\/\/turomas.unanimecreativos.com\/de\/wp-json\/wp\/v2\/media?parent=93"}],"curies":[{"name":"wp","href":"https:\/\/api.w.org\/{rel}","templated":true}]}}