
{"id":97,"date":"2025-07-30T13:07:42","date_gmt":"2025-07-30T11:07:42","guid":{"rendered":"https:\/\/turomas.unanimecreativos.com\/?page_id=97"},"modified":"2026-03-25T08:40:35","modified_gmt":"2026-03-25T07:40:35","slug":"datenschutzerklaerung","status":"publish","type":"page","link":"https:\/\/turomas.unanimecreativos.com\/de\/datenschutzerklaerung\/","title":{"rendered":"Pol\u00edtica de privacidad"},"content":{"rendered":"\n\t<section class=\"section\" id=\"section_1377908667\">\n\t\t<div class=\"section-bg fill\" >\n\t\t\t\t\t\t\t\t\t\n\t\t\t\n\n\t\t<\/div>\n\n\t\t\n\n\t\t<div class=\"section-content relative\">\n\t\t\t\n<div class=\"row\"  id=\"row-361983409\">\n\n\t<div id=\"col-1890912817\" class=\"col small-12 large-12\"  >\n\t\t\t\t<div class=\"col-inner\"  >\n\t\t\t\n\t\t\t\n\t<div id=\"gap-842196499\" class=\"gap-element clearfix\" style=\"display:block; height:auto;\">\n\t\t\n<style>\n#gap-842196499 {\n  padding-top: 50px;\n}\n<\/style>\n\t<\/div>\n\t\n\t<div id=\"text-3294568526\" class=\"text fw-500\">\n\t\t\n<p>Datenschutzerkl\u00e4rung<\/p>\n\t\t\n<style>\n#text-3294568526 {\n  font-size: 2rem;\n}\n<\/style>\n\t<\/div>\n\t\n\t<div id=\"text-2568104622\" class=\"text fw-500\">\n\t\t\n<p>1. INFORMATIONEN F\u00dcR DEN NUTZER<\/p>\n\t\t\n<style>\n#text-2568104622 {\n  font-size: 1rem;\n}\n<\/style>\n\t<\/div>\n\t\n\t<div id=\"text-739954408\" class=\"text fw-500\">\n\t\t\n<p>Wer ist f\u00fcr die Verarbeitung Ihrer personenbezogenen Daten verantwortlich?<\/p>\n\t\t\n<style>\n#text-739954408 {\n  font-size: 1rem;\n}\n<\/style>\n\t<\/div>\n\t\n\t<div id=\"text-955415333\" class=\"text\">\n\t\t\n<p>TUROMAS S.L. ist der VERANTWORTLICHE f\u00fcr die Verarbeitung der personenbezogenen Daten des NUTZERS und informiert Sie dar\u00fcber, dass diese Daten gem\u00e4\u00df den Bestimmungen der Verordnung (EU) 2016\/679 vom 27. April (DSGVO) und des spanischen Organgesetzes 3\/2018 vom 5. Dezember (LOPDGDD) verarbeitet werden.<\/p>\n\t\t\n<style>\n#text-955415333 {\n  font-size: 1rem;\n}\n<\/style>\n\t<\/div>\n\t\n\t<div id=\"text-2095528682\" class=\"text fw-500\">\n\t\t\n<p>Wozu verarbeiten wir Ihre personenbezogenen Daten?<\/p>\n\t\t\n<style>\n#text-2095528682 {\n  font-size: 1rem;\n}\n<\/style>\n\t<\/div>\n\t\n\t<div id=\"text-3765887513\" class=\"text\">\n\t\t\n<p>Um eine Gesch\u00e4ftsbeziehung mit dem Nutzer aufrechtzuerhalten. Die zur Durchf\u00fchrung der Verarbeitung vorgesehenen Vorg\u00e4nge sind:<\/p>\n<ul>\n<li>Versand von Werbemitteilungen per E-Mail, Fax, SMS, MMS, \u00fcber soziale Netzwerke oder jedes andere derzeitige oder zuk\u00fcnftige elektronische oder physische Medium, das die Durchf\u00fchrung von Werbemitteilungen erm\u00f6glicht. Diese Mitteilungen werden vom VERANTWORTLICHEN durchgef\u00fchrt und beziehen sich auf dessen Produkte und Dienstleistungen oder auf die seiner Partner oder Lieferanten, mit denen er eine Werbevereinbarung getroffen hat. In diesem Fall haben Dritte niemals Zugriff auf die personenbezogenen Daten.<\/li>\n<li>Durchf\u00fchrung von Marktstudien und statistischen Analysen.<\/li>\n<li>Bearbeitung von Auftr\u00e4gen, Anfragen, Beantwortung von R\u00fcckfragen oder jeglicher Art von Anfragen, die vom NUTZER \u00fcber eine der auf der Website des VERANTWORTLICHEN zur Verf\u00fcgung gestellten Kontaktm\u00f6glichkeiten gestellt werden.<\/li>\n<li>Versand des Online-Newsletters \u00fcber Neuigkeiten, Angebote und Werbeaktionen im Rahmen unserer T\u00e4tigkeit.<\/li>\n<\/ul>\n\t\t\n<style>\n#text-3765887513 {\n  font-size: 1rem;\n}\n<\/style>\n\t<\/div>\n\t\n\t<div id=\"text-4038573934\" class=\"text fw-500\">\n\t\t\n<p>Aus welchem Grund d\u00fcrfen wir Ihre personenbezogenen Daten verarbeiten?<\/p>\n\t\t\n<style>\n#text-4038573934 {\n  font-size: 1rem;\n}\n<\/style>\n\t<\/div>\n\t\n\t<div id=\"text-1366459412\" class=\"text\">\n\t\t\n<p>Weil die Verarbeitung gem\u00e4\u00df Artikel 6 der DSGVO wie folgt legitimiert ist:<\/p>\n<ul>\n<li>Mit der Einwilligung des NUTZERS: Versand von Werbemitteilungen und des Newsletters.<\/li>\n<li>Aufgrund eines berechtigten Interesses des VERANTWORTLICHEN: Durchf\u00fchrung von Marktstudien, statistischen Analysen usw. sowie Bearbeitung von Auftr\u00e4gen, Anfragen usw. auf Wunsch des NUTZERS.<\/li>\n<\/ul>\n\t\t\n<style>\n#text-1366459412 {\n  font-size: 1rem;\n}\n<\/style>\n\t<\/div>\n\t\n\t<div id=\"text-2639805860\" class=\"text fw-500\">\n\t\t\n<p>Wie lange werden wir Ihre personenbezogenen Daten speichern?<\/p>\n\t\t\n<style>\n#text-2639805860 {\n  font-size: 1rem;\n}\n<\/style>\n\t<\/div>\n\t\n\t<div id=\"text-1967123243\" class=\"text\">\n\t\t\n<p>Sie werden nicht l\u00e4nger gespeichert, als es zur Aufrechterhaltung des Verarbeitungszwecks erforderlich ist oder als es gesetzliche Aufbewahrungsfristen vorschreiben; sobald dies nicht mehr erforderlich ist, werden sie mit angemessenen Sicherheitsma\u00dfnahmen gel\u00f6scht, um die Anonymisierung der Daten oder deren vollst\u00e4ndige Vernichtung zu gew\u00e4hrleisten.<\/p>\n\t\t\n<style>\n#text-1967123243 {\n  font-size: 1rem;\n}\n<\/style>\n\t<\/div>\n\t\n\t<div id=\"text-3066736363\" class=\"text fw-500\">\n\t\t\n<p>An wen geben wir Ihre personenbezogenen Daten weiter?<\/p>\n\t\t\n<style>\n#text-3066736363 {\n  font-size: 1rem;\n}\n<\/style>\n\t<\/div>\n\t\n\t<div id=\"text-1369332013\" class=\"text\">\n\t\t\n<p>Eine Weitergabe personenbezogener Daten an Dritte ist nicht vorgesehen, es sei denn, dies ist f\u00fcr die Entwicklung und Erf\u00fcllung der Verarbeitungszwecke erforderlich (z. B. an unsere Kommunikationsdienstleister). Mit diesen Dienstleistern hat der VERANTWORTLICHE die gem\u00e4\u00df den geltenden Datenschutzbestimmungen erforderlichen Vertraulichkeits- und Auftragsverarbeitungsvertr\u00e4ge abgeschlossen.<\/p>\n<p>Welche Rechte haben Sie?<\/p>\n<p>Der NUTZER hat folgende Rechte:<\/p>\n<ul>\n<li>Das Recht, die Einwilligung jederzeit zu widerrufen.<\/li>\n<li>Recht auf Auskunft, Berichtigung, Daten\u00fcbertragbarkeit und L\u00f6schung Ihrer Daten sowie auf Einschr\u00e4nkung oder Widerspruch gegen deren Verarbeitung.<\/li>\n<li>Recht auf Einreichung einer Beschwerde bei der Aufsichtsbeh\u00f6rde (www.aepd.es), wenn Sie der Ansicht sind, dass die Verarbeitung nicht den geltenden Vorschriften entspricht.<\/li>\n<\/ul>\n<p><strong>Kontaktdaten zur Aus\u00fcbung Ihrer Rechte:<\/strong><\/p>\n<p>TUROMAS S.L. CARRETERA ESTACI\u00d3N, KM. 15,8, \u2013 44415 Rubielos de Mora (Teruel). E-Mail: info@turomas.com<\/p>\n\t\t\n<style>\n#text-1369332013 {\n  font-size: 1rem;\n}\n<\/style>\n\t<\/div>\n\t\n\t<div id=\"text-1756759663\" class=\"text fw-500\">\n\t\t\n<p>2. VERPFLICHTENDER ODER FREIWILLIGER CHARAKTER DER VOM NUTZER BEREITGESTELLTEN INFORMATIONEN<\/p>\n\t\t\n<style>\n#text-1756759663 {\n  font-size: 1rem;\n}\n<\/style>\n\t<\/div>\n\t\n\t<div id=\"text-2880874899\" class=\"text\">\n\t\t\n<p>Durch das Ankreuzen der entsprechenden K\u00e4stchen und die Eingabe von Daten in die mit einem Sternchen (*) gekennzeichneten Felder im Kontaktformular oder in Download-Formularen erkl\u00e4ren sich die NUTZER ausdr\u00fccklich, freiwillig und unmissverst\u00e4ndlich damit einverstanden, dass ihre Daten f\u00fcr die Bearbeitung ihrer Anfrage durch den Anbieter erforderlich sind, wobei die Angabe von Daten in den \u00fcbrigen Feldern freiwillig ist. Der NUTZER garantiert, dass die dem VERANTWORTLICHEN zur Verf\u00fcgung gestellten personenbezogenen Daten wahrheitsgem\u00e4\u00df sind, und \u00fcbernimmt die Verantwortung f\u00fcr die Mitteilung etwaiger \u00c4nderungen dieser Daten.<\/p>\n<p>Der VERANTWORTLICHE weist darauf hin, dass alle \u00fcber die Website angeforderten Daten obligatorisch sind, da sie f\u00fcr die Erbringung einer optimalen Dienstleistung f\u00fcr den NUTZER erforderlich sind. Werden nicht alle Daten angegeben, kann nicht garantiert werden, dass die bereitgestellten Informationen und Dienstleistungen vollst\u00e4ndig auf Ihre Bed\u00fcrfnisse zugeschnitten sind.<\/p>\n\t\t\n<style>\n#text-2880874899 {\n  font-size: 1rem;\n}\n<\/style>\n\t<\/div>\n\t\n\t<div id=\"text-350687940\" class=\"text fw-500\">\n\t\t\n<p>3. SICHERHEITSMASSNAHMEN<\/p>\n\t\t\n<style>\n#text-350687940 {\n  font-size: 1rem;\n}\n<\/style>\n\t<\/div>\n\t\n\t<div id=\"text-2332800864\" class=\"text\">\n\t\t\n<p>Der VERANTWORTLICHE erf\u00fcllt gem\u00e4\u00df den geltenden Bestimmungen zum Schutz personenbezogener Daten alle Bestimmungen der DSGVO- und LOPDGDD-Vorschriften f\u00fcr die Verarbeitung der personenbezogenen Daten unter seiner Verantwortung, insbesondere die in Artikel 5 der DSGVO beschriebenen Grunds\u00e4tze. Demnach werden die Daten auf rechtm\u00e4\u00dfige, faire und transparente Weise gegen\u00fcber der betroffenen Person verarbeitet und sind f\u00fcr die Zwecke, f\u00fcr die sie verarbeitet werden, angemessen, erheblich und auf das notwendige Ma\u00df beschr\u00e4nkt.<\/p>\n<p>Der VERANTWORTLICHE garantiert, dass er geeignete technische und organisatorische Ma\u00dfnahmen getroffen hat, um die in der DSGVO und im LOPDGDD festgelegten Sicherheitsma\u00dfnahmen anzuwenden, um die Rechte und Freiheiten der NUTZER zu sch\u00fctzen, und ihnen die entsprechenden Informationen zur Verf\u00fcgung gestellt hat, damit sie diese aus\u00fcben k\u00f6nnen.<\/p>\n<p>F\u00fcr weitere Informationen zu den Datenschutzgarantien k\u00f6nnen Sie sich an den VERANTWORTLICHEN wenden: TUROMAS S.L. CARRETERA ESTACI\u00d3N, KM. 15,8, \u2013 44415 Rubielos de Mora (Teruel). E-Mail: info@turomas.com<\/p>\n\t\t\n<style>\n#text-2332800864 {\n  font-size: 1rem;\n}\n<\/style>\n\t<\/div>\n\t\n\t<div id=\"gap-1015329791\" class=\"gap-element clearfix\" style=\"display:block; height:auto;\">\n\t\t\n<style>\n#gap-1015329791 {\n  padding-top: 50px;\n}\n<\/style>\n\t<\/div>\n\t\n\t\t<\/div>\n\t\t\t\t\t<\/div>\n\n\t\n<\/div>\n\t\t<\/div>\n\n\t\t\n<style>\n#section_1377908667 {\n  padding-top: 30px;\n  padding-bottom: 30px;\n}\n<\/style>\n\t<\/section>\n\t\n","protected":false},"excerpt":{"rendered":"","protected":false},"author":1,"featured_media":0,"parent":0,"menu_order":0,"comment_status":"closed","ping_status":"closed","template":"","meta":{"_acf_changed":false,"footnotes":""},"class_list":["post-97","page","type-page","status-publish","hentry"],"acf":[],"yoast_head":"<!-- This site is optimized with the Yoast SEO plugin v27.1.1 - https:\/\/yoast.com\/product\/yoast-seo-wordpress\/ -->\n<title>Pol\u00edtica de privacidad - Turomas DE<\/title>\n<meta name=\"robots\" content=\"noindex, follow\" \/>\n<meta property=\"og:locale\" content=\"de_DE\" \/>\n<meta property=\"og:type\" content=\"article\" \/>\n<meta property=\"og:title\" content=\"Pol\u00edtica de privacidad - Turomas DE\" \/>\n<meta property=\"og:url\" content=\"https:\/\/turomas.unanimecreativos.com\/de\/datenschutzerklaerung\/\" \/>\n<meta property=\"og:site_name\" content=\"Turomas DE\" \/>\n<meta property=\"article:modified_time\" content=\"2026-03-25T07:40:35+00:00\" \/>\n<meta name=\"twitter:card\" content=\"summary_large_image\" \/>\n<meta name=\"twitter:label1\" content=\"Gesch\u00e4tzte Lesezeit\" \/>\n\t<meta name=\"twitter:data1\" content=\"5\u00a0Minuten\" \/>\n<script type=\"application\/ld+json\" class=\"yoast-schema-graph\">{\"@context\":\"https:\/\/schema.org\",\"@graph\":[{\"@type\":\"WebPage\",\"@id\":\"https:\/\/turomas.unanimecreativos.com\/de\/datenschutzerklaerung\/\",\"url\":\"https:\/\/turomas.unanimecreativos.com\/de\/datenschutzerklaerung\/\",\"name\":\"Pol\u00edtica de privacidad - Turomas DE\",\"isPartOf\":{\"@id\":\"https:\/\/turomas.unanimecreativos.com\/de\/#website\"},\"datePublished\":\"2025-07-30T11:07:42+00:00\",\"dateModified\":\"2026-03-25T07:40:35+00:00\",\"breadcrumb\":{\"@id\":\"https:\/\/turomas.unanimecreativos.com\/de\/datenschutzerklaerung\/#breadcrumb\"},\"inLanguage\":\"de\",\"potentialAction\":[{\"@type\":\"ReadAction\",\"target\":[\"https:\/\/turomas.unanimecreativos.com\/de\/datenschutzerklaerung\/\"]}]},{\"@type\":\"BreadcrumbList\",\"@id\":\"https:\/\/turomas.unanimecreativos.com\/de\/datenschutzerklaerung\/#breadcrumb\",\"itemListElement\":[{\"@type\":\"ListItem\",\"position\":1,\"name\":\"Portada\",\"item\":\"https:\/\/turomas.unanimecreativos.com\/de\/\"},{\"@type\":\"ListItem\",\"position\":2,\"name\":\"Pol\u00edtica de privacidad\"}]},{\"@type\":\"WebSite\",\"@id\":\"https:\/\/turomas.unanimecreativos.com\/de\/#website\",\"url\":\"https:\/\/turomas.unanimecreativos.com\/de\/\",\"name\":\"Turomas DE\",\"description\":\"\",\"potentialAction\":[{\"@type\":\"SearchAction\",\"target\":{\"@type\":\"EntryPoint\",\"urlTemplate\":\"https:\/\/turomas.unanimecreativos.com\/de\/?s={search_term_string}\"},\"query-input\":{\"@type\":\"PropertyValueSpecification\",\"valueRequired\":true,\"valueName\":\"search_term_string\"}}],\"inLanguage\":\"de\"}]}<\/script>\n<!-- \/ Yoast SEO plugin. -->","yoast_head_json":{"title":"Pol\u00edtica de privacidad - Turomas DE","robots":{"index":"noindex","follow":"follow"},"og_locale":"de_DE","og_type":"article","og_title":"Pol\u00edtica de privacidad - Turomas DE","og_url":"https:\/\/turomas.unanimecreativos.com\/de\/datenschutzerklaerung\/","og_site_name":"Turomas DE","article_modified_time":"2026-03-25T07:40:35+00:00","twitter_card":"summary_large_image","twitter_misc":{"Gesch\u00e4tzte Lesezeit":"5\u00a0Minuten"},"schema":{"@context":"https:\/\/schema.org","@graph":[{"@type":"WebPage","@id":"https:\/\/turomas.unanimecreativos.com\/de\/datenschutzerklaerung\/","url":"https:\/\/turomas.unanimecreativos.com\/de\/datenschutzerklaerung\/","name":"Pol\u00edtica de privacidad - Turomas DE","isPartOf":{"@id":"https:\/\/turomas.unanimecreativos.com\/de\/#website"},"datePublished":"2025-07-30T11:07:42+00:00","dateModified":"2026-03-25T07:40:35+00:00","breadcrumb":{"@id":"https:\/\/turomas.unanimecreativos.com\/de\/datenschutzerklaerung\/#breadcrumb"},"inLanguage":"de","potentialAction":[{"@type":"ReadAction","target":["https:\/\/turomas.unanimecreativos.com\/de\/datenschutzerklaerung\/"]}]},{"@type":"BreadcrumbList","@id":"https:\/\/turomas.unanimecreativos.com\/de\/datenschutzerklaerung\/#breadcrumb","itemListElement":[{"@type":"ListItem","position":1,"name":"Portada","item":"https:\/\/turomas.unanimecreativos.com\/de\/"},{"@type":"ListItem","position":2,"name":"Pol\u00edtica de privacidad"}]},{"@type":"WebSite","@id":"https:\/\/turomas.unanimecreativos.com\/de\/#website","url":"https:\/\/turomas.unanimecreativos.com\/de\/","name":"Turomas DE","description":"","potentialAction":[{"@type":"SearchAction","target":{"@type":"EntryPoint","urlTemplate":"https:\/\/turomas.unanimecreativos.com\/de\/?s={search_term_string}"},"query-input":{"@type":"PropertyValueSpecification","valueRequired":true,"valueName":"search_term_string"}}],"inLanguage":"de"}]}},"_links":{"self":[{"href":"https:\/\/turomas.unanimecreativos.com\/de\/wp-json\/wp\/v2\/pages\/97","targetHints":{"allow":["GET"]}}],"collection":[{"href":"https:\/\/turomas.unanimecreativos.com\/de\/wp-json\/wp\/v2\/pages"}],"about":[{"href":"https:\/\/turomas.unanimecreativos.com\/de\/wp-json\/wp\/v2\/types\/page"}],"author":[{"embeddable":true,"href":"https:\/\/turomas.unanimecreativos.com\/de\/wp-json\/wp\/v2\/users\/1"}],"replies":[{"embeddable":true,"href":"https:\/\/turomas.unanimecreativos.com\/de\/wp-json\/wp\/v2\/comments?post=97"}],"version-history":[{"count":2,"href":"https:\/\/turomas.unanimecreativos.com\/de\/wp-json\/wp\/v2\/pages\/97\/revisions"}],"predecessor-version":[{"id":5799,"href":"https:\/\/turomas.unanimecreativos.com\/de\/wp-json\/wp\/v2\/pages\/97\/revisions\/5799"}],"wp:attachment":[{"href":"https:\/\/turomas.unanimecreativos.com\/de\/wp-json\/wp\/v2\/media?parent=97"}],"curies":[{"name":"wp","href":"https:\/\/api.w.org\/{rel}","templated":true}]}}