
{"id":1906,"date":"2025-10-14T17:18:57","date_gmt":"2025-10-14T15:18:57","guid":{"rendered":"https:\/\/turomas.unanimecreativos.com\/?page_id=1906"},"modified":"2026-03-23T17:28:42","modified_gmt":"2026-03-23T16:28:42","slug":"auditoria","status":"publish","type":"page","link":"https:\/\/turomas.unanimecreativos.com\/pt\/auditoria\/","title":{"rendered":"Auditor\u00eda"},"content":{"rendered":"\n\t<section class=\"section step-form-section\" id=\"section_1541033057\">\n\t\t<div class=\"section-bg fill\" >\n\t\t\t\t\t\t\t\t\t\n\t\t\t\n\n\t\t<\/div>\n\n\t\t\n\n\t\t<div class=\"section-content relative\">\n\t\t\t\n<div class=\"row\"  id=\"row-1286013580\">\n\n\t<div id=\"col-1953590267\" class=\"col small-12 large-12\"  >\n\t\t\t\t<div class=\"col-inner\"  >\n\t\t\t\n\t\t\t\n\n<div class=\"frm_forms  with_frm_style frm_style_estilo-de-formidable\" id=\"frm_form_8_container\" data-token=\"e0c13e1bc878515379acb83c1e0325cd\">\n<form enctype=\"multipart\/form-data\" method=\"post\" class=\"frm-show-form  frm_pro_form  frm_slideup \" id=\"form_g4or4\" data-token=\"e0c13e1bc878515379acb83c1e0325cd\">\n<div class=\"frm_form_fields  frm_page_num_1\">\n<fieldset>\n<legend class=\"frm_screen_reader\">Auditor\u00eda Form<\/legend>\r\n\r\n<div class=\"frm_fields_container\">\n<div class=\"frm_rootline_group\" role=\"group\" tabindex=\"0\" aria-label=\"Page 1 of 3\" ><ul class=\"frm_page_bar frm_rootline_3 frm_progress frm_progress_line frm_no_numbers  \"><li class=\"frm_rootline_single frm_current_page\"><input type=\"button\" value=\"1\" data-page=\"\" class=\" frm_page_1\" aria-disabled=\"true\" data-field=\"0\" aria-label=\"P\u00e1gina 1\"  \/><\/li><li class=\"frm_rootline_single\"><input type=\"button\" value=\"2\" data-page=\"4\" class=\"frm_page_skip frm_page_2\" data-field=\"49\" aria-label=\"Siguiente\"  \/><\/li><li class=\"frm_rootline_single\"><input type=\"button\" value=\"3\" data-page=\"156\" class=\"frm_page_skip frm_page_3\" data-field=\"125\" aria-label=\"Page 3\"  \/><\/li><\/ul><div class=\"frm_clearfix\"><\/div><\/div><input type=\"hidden\" name=\"frm_action\" value=\"create\" \/>\n<input type=\"hidden\" name=\"form_id\" value=\"8\" \/>\n<input type=\"hidden\" name=\"frm_hide_fields_8\" id=\"frm_hide_fields_8\" value=\"\" \/>\n<input type=\"hidden\" name=\"form_key\" value=\"g4or4\" \/>\n<input type=\"hidden\" name=\"item_meta[0]\" value=\"\" \/>\n<input type=\"hidden\" id=\"frm_submit_entry_8\" name=\"frm_submit_entry_8\" value=\"7c64dcd0e9\" \/><input type=\"hidden\" name=\"_wp_http_referer\" value=\"\/pt\/wp-json\/wp\/v2\/pages\/1906\" \/><div id=\"frm_field_48_container\" class=\"frm_form_field  frm_html_container form-field\">\n<h1>Auditoria TUROMAS<\/h1>\n<div class=\"is-divider divider clearfix\" style=\"margin-top: 0px; margin-bottom: 0px; max-width: 80px; height: 4px; background-color: #ed8118;\"><\/div>\n<h3>Descubra a melhor solu\u00e7\u00e3o de corte de acordo com as suas necessidades de produ\u00e7\u00e3o.<\/h3>\n<p>Preparamos um breve question\u00e1rio para conhecer em profundidade suas necessidades em armazenamento, carga e corte de vidro, e ajud\u00e1-lo a identificar oportunidades de melhoria no seu processo de produ\u00e7\u00e3o.<\/p>\n<p>A partir de suas respostas, nossa equipe de especialistas analisar\u00e1 qual \u00e9 a solu\u00e7\u00e3o de corte mais adequada para sua empresa.<\/p>\n<p>Oferecemos tecnologia avan\u00e7ada em m\u00e1quinas para armazenamento, carga e corte de vidro, juntamente com sistemas de automa\u00e7\u00e3o personalizados e software inteligente. Tudo orientado para otimizar seus recursos, aumentar a produtividade e reduzir custos.<\/p><\/div>\n<input type=\"hidden\" name=\"frm_page_order_8\" id=\"frm_page_order_8\" value=\"4\" \/><input type=\"hidden\" name=\"item_meta[50]\" id=\"field_k4sug-0\" value=\"\"     \/>\n<input type=\"hidden\" name=\"item_meta[51]\" id=\"field_q476z\" value=\"\"     \/>\n<input type=\"hidden\" name=\"item_meta[53]\" id=\"field_qcziu-0\" value=\"\"     \/>\n<input type=\"hidden\" name=\"item_meta[54]\" id=\"field_r2g6e\" value=\"\"     \/>\n<input type=\"hidden\" name=\"item_meta[56]\" id=\"field_2cwpz-0\" value=\"\"     \/>\n<input type=\"hidden\" name=\"item_meta[57]\" id=\"field_i41de\" value=\"\"     \/>\n<input type=\"hidden\" name=\"item_meta[59]\" id=\"field_uhn1-0\" value=\"\"     \/>\n<input type=\"hidden\" name=\"item_meta[60]\" id=\"field_uew1j\" value=\"\"     \/>\n<input type=\"hidden\" name=\"item_meta[62]\" id=\"field_vsktv-0\" value=\"\"     \/>\n<input type=\"hidden\" name=\"item_meta[63]\" id=\"field_ite7b\" value=\"\"     \/>\n<input type=\"hidden\" name=\"item_meta[65]\" id=\"field_dm2w0-0\" value=\"\"     \/>\n<input type=\"hidden\" name=\"item_meta[66]\" id=\"field_erb29\" value=\"\"     \/>\n<input type=\"hidden\" name=\"item_meta[68]\" id=\"field_4hkvy-0\" value=\"\"     \/>\n<input type=\"hidden\" name=\"item_meta[69]\" id=\"field_4ai3d\" value=\"\"     \/>\n<input type=\"hidden\" name=\"item_meta[71]\" id=\"field_3i8du-0\" value=\"\"     \/>\n<input type=\"hidden\" name=\"item_meta[72]\" id=\"field_zcbiw\" value=\"\"     \/>\n<input type=\"hidden\" name=\"item_meta[74]\" id=\"field_5ucww-0\" value=\"\"     \/>\n<input type=\"hidden\" name=\"item_meta[75]\" id=\"field_hv098\" value=\"\"     \/>\n<input type=\"hidden\" name=\"item_meta[77]\" id=\"field_uk03e-0\" value=\"\"     \/>\n<input type=\"hidden\" name=\"item_meta[78]\" id=\"field_cr23b\" value=\"\"     \/>\n<input type=\"hidden\" name=\"item_meta[80]\" id=\"field_35tyh-0\" value=\"\"     \/>\n<input type=\"hidden\" name=\"item_meta[81]\" id=\"field_qh1zy\" value=\"\"     \/>\n<input type=\"hidden\" name=\"item_meta[83]\" id=\"field_rsu3j-0\" value=\"\"     \/>\n<input type=\"hidden\" name=\"item_meta[84]\" id=\"field_96nr5\" value=\"\"     \/>\n<input type=\"hidden\" name=\"item_meta[86]\" id=\"field_ie9bg\" value=\"\"     \/>\n<input type=\"hidden\" name=\"item_meta[87]\" id=\"field_1cewk\" value=\"\"     \/>\n<input type=\"hidden\" name=\"item_meta[89]\" id=\"field_em5t4\" value=\"\"     \/>\n<input type=\"hidden\" name=\"item_meta[90]\" id=\"field_7gd2u-0\" value=\"\"     \/>\n<input type=\"hidden\" name=\"item_meta[91]\" id=\"field_mpgs0\" value=\"\"     \/>\n<input type=\"hidden\" name=\"item_meta[92]\" id=\"field_bjhat\" value=\"\"     \/>\n<input type=\"hidden\" name=\"item_meta[94]\" id=\"field_ljnge\" value=\"\"     \/>\n<input type=\"hidden\" name=\"item_meta[95]\" id=\"field_5rssw\" value=\"\"     \/>\n<input type=\"hidden\" name=\"item_meta[97]\" id=\"field_fnc5j\" value=\"\"     \/>\n<input type=\"hidden\" name=\"item_meta[98]\" id=\"field_11jze\" value=\"\"     \/>\n<input type=\"hidden\" name=\"item_meta[100]\" id=\"field_50g1q-0\" value=\"\"     \/>\n<input type=\"hidden\" name=\"item_meta[101]\" id=\"field_m5fcg\" value=\"\"     \/>\n<input type=\"hidden\" name=\"item_meta[103]\" id=\"field_aq4ls-0\" value=\"\"     \/>\n<input type=\"hidden\" name=\"item_meta[104]\" id=\"field_2kyzm\" value=\"\"     \/>\n<input type=\"hidden\" name=\"item_meta[106]\" id=\"field_9abj5-0\" value=\"\"     \/>\n<input type=\"hidden\" name=\"item_meta[107]\" id=\"field_er2u3\" value=\"\"     \/>\n<input type=\"hidden\" name=\"item_meta[109]\" id=\"field_by63e-0\" value=\"\"     \/>\n<input type=\"hidden\" name=\"item_meta[110]\" id=\"field_jih5a\" value=\"\"     \/>\n<input type=\"hidden\" name=\"item_meta[112]\" id=\"field_zq9o-0\" value=\"\"     \/>\n<input type=\"hidden\" name=\"item_meta[113]\" id=\"field_4gev5\" value=\"\"     \/>\n<input type=\"hidden\" name=\"item_meta[115]\" id=\"field_vepzx-0\" value=\"\"     \/>\n<input type=\"hidden\" name=\"item_meta[116]\" id=\"field_zcfez\" value=\"\"     \/>\n<input type=\"hidden\" name=\"item_meta[118]\" id=\"field_dqllr-0\" value=\"\"     \/>\n<input type=\"hidden\" name=\"item_meta[119]\" id=\"field_gqc7r\" value=\"\"     \/>\n<input type=\"hidden\" name=\"item_meta[121]\" id=\"field_9wdmz-0\" value=\"\"     \/>\n<input type=\"hidden\" name=\"item_meta[122]\" id=\"field_19xyf\" value=\"\"     \/>\n<input type=\"hidden\" name=\"item_meta[124]\" id=\"field_dwr50-0\" value=\"\"     \/>\n<input type=\"hidden\" name=\"item_meta[125]\" id=\"field_dvv4i\" value=\"\"     \/>\n<input type=\"hidden\" name=\"item_meta[126]\" id=\"field_vtgcj\" value=\"\"     \/>\n<input type=\"hidden\" name=\"item_meta[127]\" id=\"field_wu8v5\" value=\"\"  autocomplete=\"email\"     \/>\n<input type=\"hidden\" name=\"item_meta[128]\" id=\"field_9fd1a\" value=\"\"     \/>\n<input type=\"hidden\" name=\"item_meta[129]\" id=\"field_pm9a0\" value=\"Espa\u00f1a\"  data-placeholder=\"Pa\u00eds\"  data-frmval=\"Espa\u00f1a\"   \/>\n<input type=\"hidden\" name=\"item_meta[130]\" id=\"field_h7bml\" value=\"\"  data-placeholder=\"Provincia\"     \/>\n<input type=\"hidden\" name=\"item_meta[131]\" id=\"field_enviar4\" value=\"\"     \/>\n\t<input type=\"hidden\" name=\"item_key\" value=\"\" \/>\n\t\t\t<div id=\"frm_field_169_container\">\n\t\t\t<label for=\"field_17n15\" >\n\t\t\t\tIf you are human, leave this field blank.\t\t\t<\/label>\n\t\t\t<input  id=\"field_17n15\" type=\"text\" class=\"frm_form_field form-field frm_verify\" name=\"item_meta[169]\" value=\"\"  \/>\n\t\t<\/div>\n\t\t<input name=\"frm_state\" type=\"hidden\" value=\"hi1clwZ2D6Yv5qV0GXBJmBPKCyWr3\/mcUCK3IcC+m1LD0A+qA+W1G2c\/EG8k8wtC\" \/><div class=\"frm_submit frm_flex\">\r\n<button class=\"frm_button_submit button primary is-outline has-icon\" type=\"submit\"  ><span>INICIAR A AUDITORIA<\/span><\/button>\r\n\r\n\r\n\r\n<\/div><\/div>\n<\/fieldset>\n<\/div>\n\n<\/form>\n<\/div>\n\n\n\t\t<\/div>\n\t\t\t\t\t<\/div>\n\n\t\n<\/div>\n\t\t<\/div>\n\n\t\t\n<style>\n#section_1541033057 {\n  padding-top: 30px;\n  padding-bottom: 30px;\n  min-height: 80vh;\n}\n<\/style>\n\t<\/section>\n\t\n","protected":false},"excerpt":{"rendered":"","protected":false},"author":1,"featured_media":0,"parent":0,"menu_order":0,"comment_status":"closed","ping_status":"closed","template":"","meta":{"_acf_changed":false,"footnotes":""},"class_list":["post-1906","page","type-page","status-publish","hentry"],"acf":[],"yoast_head":"<!-- This site is optimized with the Yoast SEO plugin v27.1.1 - https:\/\/yoast.com\/product\/yoast-seo-wordpress\/ -->\n<title>Auditor\u00eda - Turomas PT<\/title>\n<meta name=\"robots\" content=\"index, follow, max-snippet:-1, max-image-preview:large, max-video-preview:-1\" \/>\n<link rel=\"canonical\" href=\"https:\/\/turomas.unanimecreativos.com\/pt\/auditoria\/\" \/>\n<meta property=\"og:locale\" content=\"pt_PT\" \/>\n<meta property=\"og:type\" content=\"article\" \/>\n<meta property=\"og:title\" content=\"Auditor\u00eda - Turomas PT\" \/>\n<meta property=\"og:url\" content=\"https:\/\/turomas.unanimecreativos.com\/pt\/auditoria\/\" \/>\n<meta property=\"og:site_name\" content=\"Turomas PT\" \/>\n<meta property=\"article:modified_time\" content=\"2026-03-23T16:28:42+00:00\" \/>\n<meta name=\"twitter:card\" content=\"summary_large_image\" \/>\n<script type=\"application\/ld+json\" class=\"yoast-schema-graph\">{\"@context\":\"https:\/\/schema.org\",\"@graph\":[{\"@type\":\"WebPage\",\"@id\":\"https:\/\/turomas.unanimecreativos.com\/pt\/auditoria\/\",\"url\":\"https:\/\/turomas.unanimecreativos.com\/pt\/auditoria\/\",\"name\":\"Auditor\u00eda - Turomas PT\",\"isPartOf\":{\"@id\":\"https:\/\/turomas.unanimecreativos.com\/pt\/#website\"},\"datePublished\":\"2025-10-14T15:18:57+00:00\",\"dateModified\":\"2026-03-23T16:28:42+00:00\",\"breadcrumb\":{\"@id\":\"https:\/\/turomas.unanimecreativos.com\/pt\/auditoria\/#breadcrumb\"},\"inLanguage\":\"pt-PT\",\"potentialAction\":[{\"@type\":\"ReadAction\",\"target\":[\"https:\/\/turomas.unanimecreativos.com\/pt\/auditoria\/\"]}]},{\"@type\":\"BreadcrumbList\",\"@id\":\"https:\/\/turomas.unanimecreativos.com\/pt\/auditoria\/#breadcrumb\",\"itemListElement\":[{\"@type\":\"ListItem\",\"position\":1,\"name\":\"Portada\",\"item\":\"https:\/\/turomas.unanimecreativos.com\/pt\/\"},{\"@type\":\"ListItem\",\"position\":2,\"name\":\"Auditor\u00eda\"}]},{\"@type\":\"WebSite\",\"@id\":\"https:\/\/turomas.unanimecreativos.com\/pt\/#website\",\"url\":\"https:\/\/turomas.unanimecreativos.com\/pt\/\",\"name\":\"Turomas PT\",\"description\":\"\",\"potentialAction\":[{\"@type\":\"SearchAction\",\"target\":{\"@type\":\"EntryPoint\",\"urlTemplate\":\"https:\/\/turomas.unanimecreativos.com\/pt\/?s={search_term_string}\"},\"query-input\":{\"@type\":\"PropertyValueSpecification\",\"valueRequired\":true,\"valueName\":\"search_term_string\"}}],\"inLanguage\":\"pt-PT\"}]}<\/script>\n<!-- \/ Yoast SEO plugin. -->","yoast_head_json":{"title":"Auditor\u00eda - Turomas PT","robots":{"index":"index","follow":"follow","max-snippet":"max-snippet:-1","max-image-preview":"max-image-preview:large","max-video-preview":"max-video-preview:-1"},"canonical":"https:\/\/turomas.unanimecreativos.com\/pt\/auditoria\/","og_locale":"pt_PT","og_type":"article","og_title":"Auditor\u00eda - Turomas PT","og_url":"https:\/\/turomas.unanimecreativos.com\/pt\/auditoria\/","og_site_name":"Turomas PT","article_modified_time":"2026-03-23T16:28:42+00:00","twitter_card":"summary_large_image","schema":{"@context":"https:\/\/schema.org","@graph":[{"@type":"WebPage","@id":"https:\/\/turomas.unanimecreativos.com\/pt\/auditoria\/","url":"https:\/\/turomas.unanimecreativos.com\/pt\/auditoria\/","name":"Auditor\u00eda - Turomas PT","isPartOf":{"@id":"https:\/\/turomas.unanimecreativos.com\/pt\/#website"},"datePublished":"2025-10-14T15:18:57+00:00","dateModified":"2026-03-23T16:28:42+00:00","breadcrumb":{"@id":"https:\/\/turomas.unanimecreativos.com\/pt\/auditoria\/#breadcrumb"},"inLanguage":"pt-PT","potentialAction":[{"@type":"ReadAction","target":["https:\/\/turomas.unanimecreativos.com\/pt\/auditoria\/"]}]},{"@type":"BreadcrumbList","@id":"https:\/\/turomas.unanimecreativos.com\/pt\/auditoria\/#breadcrumb","itemListElement":[{"@type":"ListItem","position":1,"name":"Portada","item":"https:\/\/turomas.unanimecreativos.com\/pt\/"},{"@type":"ListItem","position":2,"name":"Auditor\u00eda"}]},{"@type":"WebSite","@id":"https:\/\/turomas.unanimecreativos.com\/pt\/#website","url":"https:\/\/turomas.unanimecreativos.com\/pt\/","name":"Turomas PT","description":"","potentialAction":[{"@type":"SearchAction","target":{"@type":"EntryPoint","urlTemplate":"https:\/\/turomas.unanimecreativos.com\/pt\/?s={search_term_string}"},"query-input":{"@type":"PropertyValueSpecification","valueRequired":true,"valueName":"search_term_string"}}],"inLanguage":"pt-PT"}]}},"_links":{"self":[{"href":"https:\/\/turomas.unanimecreativos.com\/pt\/wp-json\/wp\/v2\/pages\/1906","targetHints":{"allow":["GET"]}}],"collection":[{"href":"https:\/\/turomas.unanimecreativos.com\/pt\/wp-json\/wp\/v2\/pages"}],"about":[{"href":"https:\/\/turomas.unanimecreativos.com\/pt\/wp-json\/wp\/v2\/types\/page"}],"author":[{"embeddable":true,"href":"https:\/\/turomas.unanimecreativos.com\/pt\/wp-json\/wp\/v2\/users\/1"}],"replies":[{"embeddable":true,"href":"https:\/\/turomas.unanimecreativos.com\/pt\/wp-json\/wp\/v2\/comments?post=1906"}],"version-history":[{"count":1,"href":"https:\/\/turomas.unanimecreativos.com\/pt\/wp-json\/wp\/v2\/pages\/1906\/revisions"}],"predecessor-version":[{"id":5742,"href":"https:\/\/turomas.unanimecreativos.com\/pt\/wp-json\/wp\/v2\/pages\/1906\/revisions\/5742"}],"wp:attachment":[{"href":"https:\/\/turomas.unanimecreativos.com\/pt\/wp-json\/wp\/v2\/media?parent=1906"}],"curies":[{"name":"wp","href":"https:\/\/api.w.org\/{rel}","templated":true}]}}