
{"id":36,"date":"2025-07-30T10:47:12","date_gmt":"2025-07-30T08:47:12","guid":{"rendered":"https:\/\/turomas.unanimecreativos.com\/?page_id=36"},"modified":"2026-03-26T09:58:38","modified_gmt":"2026-03-26T08:58:38","slug":"eventos","status":"publish","type":"page","link":"https:\/\/turomas.unanimecreativos.com\/pt\/eventos\/","title":{"rendered":"Eventos"},"content":{"rendered":"\n\t<section class=\"section\" id=\"section_129733058\">\n\t\t<div class=\"section-bg fill\" >\n\t\t\t\t\t\t\t\t\t\n\t\t\t\n\n\t\t<\/div>\n\n\t\t\n\n\t\t<div class=\"section-content relative\">\n\t\t\t\n\t<div id=\"ux-lottie-2510266533\" class=\"ux-lottie lottie lottie-top-right\">\n\t\t\t\t<lottie-player class=\"ux-lottie__player\" data-params=\"{&quot;src&quot;:&quot;\\\/lotties\\\/linea-02.json&quot;,&quot;loop&quot;:false,&quot;autoplay&quot;:true,&quot;controls&quot;:false,&quot;speed&quot;:&quot;0.6&quot;,&quot;direction&quot;:1,&quot;trigger&quot;:&quot;&quot;,&quot;mouseout&quot;:&quot;&quot;,&quot;start&quot;:0,&quot;end&quot;:100,&quot;scrollActionType&quot;:&quot;seek&quot;,&quot;visibilityStart&quot;:0,&quot;visibilityEnd&quot;:100,&quot;id&quot;:&quot;ux-lottie-2510266533&quot;}\"><\/lottie-player>\n\t\t\t\t\n<style>\n#ux-lottie-2510266533 {\n  width: 410px;\n  height: 272px;\n}\n<\/style>\n\t<\/div>\n\t\n\t<div id=\"gap-2041240359\" class=\"gap-element clearfix\" style=\"display:block; height:auto;\">\n\t\t\n<style>\n#gap-2041240359 {\n  padding-top: 140px;\n}\n@media (min-width:850px) {\n  #gap-2041240359 {\n    padding-top: 180px;\n  }\n}\n<\/style>\n\t<\/div>\n\t\n<div class=\"row\"  id=\"row-1619443425\">\n\n\t<div id=\"col-422063071\" class=\"col medium-6 small-12 large-6\"  >\n\t\t\t\t<div class=\"col-inner\"  >\n\t\t\t\n\t\t\t\n\t<div id=\"gap-1033959267\" class=\"gap-element clearfix\" style=\"display:block; height:auto;\">\n\t\t\n<style>\n#gap-1033959267 {\n  padding-top: 7px;\n}\n<\/style>\n\t<\/div>\n\t\n\t<div id=\"text-3389992808\" class=\"text txt-m-0\">\n\t\t\n<h2>Eventos Turomas<\/h2>\n\t\t\n<style>\n#text-3389992808 {\n  font-size: 2.5rem;\n  line-height: 1.2;\n  color: #7c7c7c;\n}\n#text-3389992808 > * {\n  color: #7c7c7c;\n}\n@media (min-width:550px) {\n  #text-3389992808 {\n    font-size: 3.5rem;\n  }\n}\n@media (min-width:850px) {\n  #text-3389992808 {\n    font-size: 4rem;\n  }\n}\n<\/style>\n\t<\/div>\n\t\n\t<div id=\"gap-885436401\" class=\"gap-element clearfix\" style=\"display:block; height:auto;\">\n\t\t\n<style>\n#gap-885436401 {\n  padding-top: 24px;\n}\n<\/style>\n\t<\/div>\n\t\n<div class=\"is-divider divider clearfix\" style=\"margin-top:0px;margin-bottom:0px;max-width:80px;height:4px;background-color:rgb(237, 129, 24);\"><\/div>\n\t<div id=\"gap-1841884717\" class=\"gap-element clearfix\" style=\"display:block; height:auto;\">\n\t\t\n<style>\n#gap-1841884717 {\n  padding-top: 30px;\n}\n<\/style>\n\t<\/div>\n\t\n\t<div id=\"text-2552546912\" class=\"text balance txt-m-0\">\n\t\t\n<p>A Turomas participa em eventos e feiras em todo o mundo. Aproveite a oportunidade para nos conhecer pessoalmente.<\/p>\n\t\t\n<style>\n#text-2552546912 {\n  font-size: 1.125rem;\n  line-height: 1.3;\n}\n@media (min-width:550px) {\n  #text-2552546912 {\n    font-size: 1.35rem;\n  }\n}\n@media (min-width:850px) {\n  #text-2552546912 {\n    font-size: 1.5rem;\n  }\n}\n<\/style>\n\t<\/div>\n\t\n\t<div id=\"gap-744967680\" class=\"gap-element clearfix\" style=\"display:block; height:auto;\">\n\t\t\n<style>\n#gap-744967680 {\n  padding-top: 32px;\n}\n<\/style>\n\t<\/div>\n\t\n<a href=\"#events\" class=\"button primary has-icon icon-arrow\" >\n\t\t<span>Solicitar reuni\u00e3o para evento<\/span>\n\t<\/a>\n\n\t\t<\/div>\n\t\t\t\t\t<\/div>\n\n\t\n<\/div>\n\t<div id=\"gap-1874415310\" class=\"gap-element clearfix\" style=\"display:block; height:auto;\">\n\t\t\n<style>\n#gap-1874415310 {\n  padding-top: 80px;\n}\n<\/style>\n\t<\/div>\n\t\n<div class=\"row\"  id=\"row-3955177\">\n\n\t<div id=\"col-1457956586\" class=\"col all-events-col small-12 large-12\"  >\n\t\t\t\t<div class=\"col-inner\"  >\n\t\t\t\n\t\t\t\n\n            <div class=\"lasts-events-container all-events\">\n                                    <div class=\"last-event-item\">\n                        <h3>GLASSTECH M\u00c9XICO<\/h3>\n                        <div class=\"evento-description\">\n                            <span class=\"date-place\">Julho 2026<\/span>\n                            <span class=\"date-place\">Cidade do M\u00e9xico | M\u00e9xico<\/span>\n                            <p><p>A presen\u00e7a na Glasstech M\u00e9xico refor\u00e7a o compromisso com este mercado estrat\u00e9gico para a ind\u00fastria do vidro.<br \/>\nO evento ser\u00e1 uma oportunidade para conhecer suas solu\u00e7\u00f5es e o trabalho que desenvolve por meio de sua equipe e delega\u00e7\u00e3o no pa\u00eds.<\/p>\n<\/p>\n                        <\/div>\n                        <a href=\"#events\" data-event=\"GLASSTECH M\u00c9XICO\"\n                            class=\"button is-outline has-icon icon-arrow custom-event-info-button\"><span>\n                                Marcar uma consulta                            <\/span><\/a>\n                    <\/div>\n                                    <div class=\"last-event-item\">\n                        <h3>GLASSBUILD AMERICA<\/h3>\n                        <div class=\"evento-description\">\n                            <span class=\"date-place\">Setembro 2026<\/span>\n                            <span class=\"date-place\">Las Vegas | EUA<\/span>\n                            <p><p>A participa\u00e7\u00e3o na GlassBuild America consolida seu posicionamento em um dos mercados mais relevantes para a ind\u00fastria do vidro. O evento permitir\u00e1 apresentar suas solu\u00e7\u00f5es e fortalecer rela\u00e7\u00f5es com profissionais e empresas do setor em n\u00edvel internacional.<\/p>\n<\/p>\n                        <\/div>\n                        <a href=\"#events\" data-event=\"GLASSBUILD AMERICA\"\n                            class=\"button is-outline has-icon icon-arrow custom-event-info-button\"><span>\n                                Marcar uma consulta                            <\/span><\/a>\n                    <\/div>\n                                    <div class=\"last-event-item\">\n                        <h3>GLASSTEC<\/h3>\n                        <div class=\"evento-description\">\n                            <span class=\"date-place\">Outubro 2026<\/span>\n                            <span class=\"date-place\">D\u00fcsseldorf | Alemanha<\/span>\n                            <p><p>A Glasstec, a feira mais importante do mundo para a ind\u00fastria do vidro, ser\u00e1 o cen\u00e1rio escolhido para a apresenta\u00e7\u00e3o das \u00faltimas novidades tecnol\u00f3gicas.<br \/>\nUm encontro chave a n\u00edvel internacional que marcar\u00e1 o rumo da inova\u00e7\u00e3o e da tecnologia do setor.<\/p>\n<\/p>\n                        <\/div>\n                        <a href=\"#events\" data-event=\"GLASSTEC\"\n                            class=\"button is-outline has-icon icon-arrow custom-event-info-button\"><span>\n                                Marcar uma consulta                            <\/span><\/a>\n                    <\/div>\n                            <\/div>\n\n            <div class=\"custom-events-pagination\">\n                            <\/div>\n\n            \n\n\t\t<\/div>\n\t\t\t\t\t<\/div>\n\n\t\n<\/div>\n\t\t<\/div>\n\n\t\t\n<style>\n#section_129733058 {\n  padding-top: 0px;\n  padding-bottom: 0px;\n}\n<\/style>\n\t<\/section>\n\t\n<span class=\"scroll-to\" data-label=\"Scroll to: #events\" data-bullet=\"false\" data-link=\"#events\" data-title=\"events\" data-offset-type=\"custom\" data-offset=\"140\"><a name=\"events\"><\/a><\/span>\n\n\t<section class=\"section\" id=\"section_828628550\">\n\t\t<div class=\"section-bg fill\" >\n\t\t\t\t\t\t\t\t\t\n\t\t\t\n\n\t\t<\/div>\n\n\t\t\n\n\t\t<div class=\"section-content relative\">\n\t\t\t\n<div class=\"row row-collapse row-full-width align-equal\"  id=\"row-1050882594\">\n\n\t<div id=\"col-1793579775\" class=\"col image-height-fit medium-6 small-12 large-6\"  >\n\t\t\t\t<div class=\"col-inner\"  >\n\t\t\t\n\t\t\t\n\t<div class=\"img has-hover x md-x lg-x y md-y lg-y\" id=\"image_299880910\">\n\t\t\t\t\t\t\t\t<div class=\"img-inner dark\" >\n\t\t\t<img loading=\"lazy\" decoding=\"async\" width=\"950\" height=\"994\" src=\"https:\/\/turomas.unanimecreativos.com\/pt\/wp-content\/uploads\/2025\/09\/contacto-image-left-3.jpg\" class=\"attachment-large size-large\" alt=\"\" srcset=\"https:\/\/turomas.unanimecreativos.com\/pt\/wp-content\/uploads\/2025\/09\/contacto-image-left-3.jpg 950w, https:\/\/turomas.unanimecreativos.com\/pt\/wp-content\/uploads\/2025\/09\/contacto-image-left-3-287x300.jpg 287w, https:\/\/turomas.unanimecreativos.com\/pt\/wp-content\/uploads\/2025\/09\/contacto-image-left-3-768x804.jpg 768w\" sizes=\"auto, (max-width: 950px) 100vw, 950px\" \/>\t\t\t\t\t\t\n\t\t\t\t\t<\/div>\n\t\t\t\t\t\t\t\t\n<style>\n#image_299880910 {\n  width: 100%;\n}\n<\/style>\n\t<\/div>\n\t\n\t\t<\/div>\n\t\t\t\t\t<\/div>\n\n\t\n\n\t<div id=\"col-222510427\" class=\"col medium-6 small-12 large-6\"  >\n\t\t\t\t<div class=\"col-inner\"  >\n\t\t\t\n\t\t\t\n\t<div id=\"text-1653652805\" class=\"text fw-200 txt-m-0 pretitle\">\n\t\t\n<p>A nossa paix\u00e3o, o seu progresso<\/p>\n\t\t\n<style>\n#text-1653652805 {\n  font-size: 1.25rem;\n}\n<\/style>\n\t<\/div>\n\t\n\t<div id=\"gap-2035582413\" class=\"gap-element clearfix\" style=\"display:block; height:auto;\">\n\t\t\n<style>\n#gap-2035582413 {\n  padding-top: 7px;\n}\n<\/style>\n\t<\/div>\n\t\n\t<div id=\"text-4088557665\" class=\"text txt-m-0\">\n\t\t\n<h2>Solicita\u00e7\u00e3o de reuni\u00e3o<br \/>\npara o evento<\/h2>\n\t\t\n<style>\n#text-4088557665 {\n  font-size: 2.5rem;\n  line-height: 1.2;\n  color: #7c7c7c;\n}\n#text-4088557665 > * {\n  color: #7c7c7c;\n}\n@media (min-width:550px) {\n  #text-4088557665 {\n    font-size: 3rem;\n  }\n}\n@media (min-width:850px) {\n  #text-4088557665 {\n    font-size: 3.5rem;\n  }\n}\n<\/style>\n\t<\/div>\n\t\n\t<div id=\"gap-2068878921\" class=\"gap-element clearfix\" style=\"display:block; height:auto;\">\n\t\t\n<style>\n#gap-2068878921 {\n  padding-top: 30px;\n}\n<\/style>\n\t<\/div>\n\t\n\n<div class=\"frm_forms  with_frm_style frm_style_estilo-de-formidable\" id=\"frm_form_7_container\" >\n<form enctype=\"multipart\/form-data\" method=\"post\" class=\"frm-show-form  frm_pro_form \" id=\"form_contact-form2\" >\n<div class=\"frm_form_fields \">\n<fieldset>\n<legend class=\"frm_screen_reader\">Solicitar reuni\u00f3n para evento<\/legend>\r\n\r\n<div class=\"frm_fields_container\">\n<input type=\"hidden\" name=\"frm_action\" value=\"create\" \/>\n<input type=\"hidden\" name=\"form_id\" value=\"7\" \/>\n<input type=\"hidden\" name=\"frm_hide_fields_7\" id=\"frm_hide_fields_7\" value=\"\" \/>\n<input type=\"hidden\" name=\"form_key\" value=\"contact-form2\" \/>\n<input type=\"hidden\" name=\"item_meta[0]\" value=\"\" \/>\n<input type=\"hidden\" id=\"frm_submit_entry_7\" name=\"frm_submit_entry_7\" value=\"7c64dcd0e9\" \/><input type=\"hidden\" name=\"_wp_http_referer\" value=\"\/pt\/wp-json\/wp\/v2\/pages\/36\" \/><div id=\"frm_field_38_container\" class=\"frm_form_field form-field  frm_required_field frm_none_container\">\r\n\t<label for=\"field_c167\" id=\"field_c167_label\" class=\"frm_primary_label\">Empresa\r\n\t\t<span class=\"frm_required\" aria-hidden=\"true\">*<\/span>\r\n\t<\/label>\r\n\t<input  type=\"text\" id=\"field_c167\" name=\"item_meta[38]\" value=\"\"  placeholder=\"Empresa *\" data-reqmsg=\"Empresa n\u00e3o pode ficar em branco\" aria-required=\"true\" data-invmsg=\"Empresa no es v\u00e1lido\" aria-invalid=\"false\"   \/>\r\n\t\r\n\t\r\n<\/div>\n<div id=\"frm_field_39_container\" class=\"frm_form_field form-field  frm_required_field frm_none_container\">\r\n\t<label for=\"field_ks4y92\" id=\"field_ks4y92_label\" class=\"frm_primary_label\">Persona de contacto\r\n\t\t<span class=\"frm_required\" aria-hidden=\"true\">*<\/span>\r\n\t<\/label>\r\n\t<input  type=\"text\" id=\"field_ks4y92\" name=\"item_meta[39]\" value=\"\"  placeholder=\"Pessoa de contacto *\" data-reqmsg=\"Persona de contacto n\u00e3o pode ficar em branco\" aria-required=\"true\" data-invmsg=\"Persona de contacto no es v\u00e1lido\" aria-invalid=\"false\"   \/>\r\n\t\r\n\t\r\n<\/div>\n<div id=\"frm_field_40_container\" class=\"frm_form_field form-field  frm_required_field frm_none_container frm_full\">\r\n\t<label for=\"field_29yf4d2\" id=\"field_29yf4d2_label\" class=\"frm_primary_label\">Email\r\n\t\t<span class=\"frm_required\" aria-hidden=\"true\">*<\/span>\r\n\t<\/label>\r\n\t<input type=\"email\" id=\"field_29yf4d2\" name=\"item_meta[40]\" value=\"\"  placeholder=\"Email *\" data-reqmsg=\"Email n\u00e3o pode ficar em branco\" aria-required=\"true\" data-invmsg=\"Por favor, introduza um endere\u00e7o de e-mail v\u00e1lido\" aria-invalid=\"false\"  \/>\r\n\t\r\n\t\r\n<\/div>\n<div id=\"frm_field_41_container\" class=\"frm_form_field form-field  frm_required_field frm_none_container\">\r\n\t<label for=\"field_5mma2\" id=\"field_5mma2_label\" class=\"frm_primary_label\">Tel\u00e9fono \r\n\t\t<span class=\"frm_required\" aria-hidden=\"true\">*<\/span>\r\n\t<\/label>\r\n\t<input type=\"tel\" id=\"field_5mma2\" name=\"item_meta[41]\" value=\"\"  placeholder=\"Telefone *\" data-reqmsg=\"Tel\u00e9fono  n\u00e3o pode ficar em branco\" aria-required=\"true\" data-invmsg=\"Tel\u00e9fono  n\u00e3o \u00e9 v\u00e1lido\" aria-invalid=\"false\" pattern=\"((\\+\\d{1,3}(-|.| )?\\(?\\d\\)?(-| |.)?\\d{1,5})|(\\(?\\d{2,6}\\)?))(-|.| )?(\\d{3,4})(-|.| )?(\\d{4})(( x| ext)\\d{1,5}){0,1}$\"  \/>\r\n\t\r\n\t\r\n<\/div>\n<div id=\"frm_field_42_container\" class=\"frm_form_field form-field  frm_required_field frm_none_container\">\r\n\t<label for=\"field_k4b7l2\" id=\"field_k4b7l2_label\" class=\"frm_primary_label\">Pa\u00eds\r\n\t\t<span class=\"frm_required\" aria-hidden=\"true\">*<\/span>\r\n\t<\/label>\r\n\t\t\t<select  name=\"item_meta[42]\" id=\"field_k4b7l2\"  data-placeholder=\"Pa\u00eds *\"  data-placeholder=\" \" placeholder=\"Pa\u00eds *\" data-reqmsg=\"Pa\u00eds n\u00e3o pode ficar em branco\" aria-required=\"true\" data-invmsg=\"Pa\u00eds is invalid\" class=\"frm_slimselect\" aria-invalid=\"false\"  >\n\t\t\t\t\t\t\t<option  data-placeholder=\"true\" value=\"\" class=\"frm-select-placeholder\">\n\t\t\t\t\tPa\u00eds *\t\t\t\t<\/option>\n\t\t\t\t\t\t<\/select>\n\t\t\r\n\t\r\n\t\r\n<\/div>\n<div id=\"frm_field_43_container\" class=\"frm_form_field form-field  frm_required_field frm_none_container\">\r\n\t<label for=\"field_y9ulk2\" id=\"field_y9ulk2_label\" class=\"frm_primary_label\">Provincia\r\n\t\t<span class=\"frm_required\" aria-hidden=\"true\">*<\/span>\r\n\t<\/label>\r\n\t\t\t<select  name=\"item_meta[43]\" id=\"field_y9ulk2\"  data-placeholder=\"Provincia *\"  data-placeholder=\" \" placeholder=\"Provincia *\" data-reqmsg=\"Provincia n\u00e3o pode ficar em branco\" aria-required=\"true\" data-invmsg=\"Provincia is invalid\" class=\"frm_slimselect\" aria-invalid=\"false\"  >\n\t\t\t\t\t\t\t<option  data-placeholder=\"true\" value=\"\" class=\"frm-select-placeholder\">\n\t\t\t\t\tProvincia *\t\t\t\t<\/option>\n\t\t\t\t\t\t<\/select>\n\t\t\r\n\t\r\n\t\r\n<\/div>\n<div id=\"frm_field_44_container\" class=\"frm_form_field form-field  frm_none_container frm_full\">\r\n\t<label for=\"field_9jv0r12\" id=\"field_9jv0r12_label\" class=\"frm_primary_label\">Message\r\n\t\t<span class=\"frm_required\" aria-hidden=\"true\"><\/span>\r\n\t<\/label>\r\n\t<textarea name=\"item_meta[44]\" id=\"field_9jv0r12\" rows=\"5\"  placeholder=\"Mensagem *\" data-invmsg=\"Message n\u00e3o \u00e9 v\u00e1lido\" aria-invalid=\"false\"  ><\/textarea>\r\n\t\r\n\t\r\n<\/div>\n<div id=\"frm_field_45_container\" class=\"frm_form_field form-field  frm_required_field frm_none_container vertical_radio\">\r\n\t<div  id=\"field_crsvq2_label\" class=\"frm_primary_label\">RGPD\r\n\t\t<span class=\"frm_required\" aria-hidden=\"true\">*<\/span>\r\n\t<\/div>\r\n\t<div class=\"frm_opt_container\" aria-labelledby=\"field_crsvq2_label\" role=\"group\">\t\t<div class=\"frm_checkbox\" id=\"frm_checkbox_45-0\">\t\t\t<label  for=\"field_crsvq2-0\">\n\t\t\t<input type=\"checkbox\" name=\"item_meta[45][]\" id=\"field_crsvq2-0\" value=\"He le\u00eddo y acepto la &lt;a href=&quot;\/pt\/politica-privacidad\/&quot; target=&quot;_blank&quot;&gt;pol\u00edtica de privacidade&lt;\/a&gt;\"  data-reqmsg=\"RGPD cannot be blank.\" data-invmsg=\"RGPD no es v\u00e1lido\"   aria-required=\"true\"  \/> He le\u00eddo y acepto la <a href=\"\/pt\/politica-privacidad\/\" target=\"_blank\">pol\u00edtica de privacidade<\/a><\/label><\/div>\n<\/div>\r\n\t\r\n\t\r\n<\/div>\n<input type=\"hidden\" name=\"item_meta[46]\" id=\"field_evento-field\" value=\"\"     \/>\n<div id=\"frm_field_47_container\" class=\"frm_form_field form-field \">\r\n\t<div class=\"frm_submit frm_flex\">\r\n<button class=\"frm_button_submit frm_final_submit button primary is-outline has-icon\" type=\"submit\"   formnovalidate=\"formnovalidate\"><span>Enviar<\/span><\/button>\r\n\r\n\r\n\r\n<\/div>\r\n<\/div>\n\t<input type=\"hidden\" name=\"item_key\" value=\"\" \/>\n\t\t\t<div id=\"frm_field_169_container\">\n\t\t\t<label for=\"field_6w62d\" >\n\t\t\t\tIf you are human, leave this field blank.\t\t\t<\/label>\n\t\t\t<input  id=\"field_6w62d\" type=\"text\" class=\"frm_form_field form-field frm_verify\" name=\"item_meta[169]\" value=\"\"  \/>\n\t\t<\/div>\n\t\t<input name=\"frm_state\" type=\"hidden\" value=\"hi1clwZ2D6Yv5qV0GXBJmHmnq+4NqiLYXM+UwIadOPfD0A+qA+W1G2c\/EG8k8wtC\" \/><\/div>\n<\/fieldset>\n<\/div>\n\n<\/form>\n<\/div>\n\n\n\t\t<\/div>\n\t\t\t\t\n<style>\n#col-222510427 > .col-inner {\n  padding: 50px 15px 50px 15px;\n}\n@media (min-width:550px) {\n  #col-222510427 > .col-inner {\n    padding: 50px 50px 50px 50px;\n  }\n}\n@media (min-width:850px) {\n  #col-222510427 > .col-inner {\n    padding: 80px 15% 80px 15%;\n  }\n}\n<\/style>\n\t<\/div>\n\n\t\n\n<style>\n#row-1050882594 > .col > .col-inner {\n  background-color: rgb(246, 246, 246);\n}\n<\/style>\n<\/div>\n\t\t<\/div>\n\n\t\t\n<style>\n#section_828628550 {\n  padding-top: 0px;\n  padding-bottom: 0px;\n}\n<\/style>\n\t<\/section>\n\t\n","protected":false},"excerpt":{"rendered":"","protected":false},"author":1,"featured_media":1340,"parent":0,"menu_order":0,"comment_status":"closed","ping_status":"closed","template":"","meta":{"_acf_changed":false,"footnotes":""},"class_list":["post-36","page","type-page","status-publish","has-post-thumbnail","hentry"],"acf":[],"yoast_head":"<!-- This site is optimized with the Yoast SEO plugin v27.1.1 - https:\/\/yoast.com\/product\/yoast-seo-wordpress\/ -->\n<title>Eventos y Ferias | Turomas<\/title>\n<meta name=\"description\" content=\"Conoce nuestras \u00faltimas ferias y participaciones internacionales. En los eventos y ferias puedes ver nuestras soluciones y hablar con el equipo. \u00a1Cont\u00e1ctanos!\" \/>\n<meta name=\"robots\" content=\"index, follow, max-snippet:-1, max-image-preview:large, max-video-preview:-1\" \/>\n<link rel=\"canonical\" href=\"https:\/\/turomas.unanimecreativos.com\/pt\/eventos\/\" \/>\n<meta property=\"og:locale\" content=\"pt_PT\" \/>\n<meta property=\"og:type\" content=\"article\" \/>\n<meta property=\"og:title\" content=\"Eventos y Ferias | Turomas\" \/>\n<meta property=\"og:description\" content=\"Conoce nuestras \u00faltimas ferias y participaciones internacionales. En los eventos y ferias puedes ver nuestras soluciones y hablar con el equipo. \u00a1Cont\u00e1ctanos!\" \/>\n<meta property=\"og:url\" content=\"https:\/\/turomas.unanimecreativos.com\/pt\/eventos\/\" \/>\n<meta property=\"og:site_name\" content=\"Turomas PT\" \/>\n<meta property=\"article:modified_time\" content=\"2026-03-26T08:58:38+00:00\" \/>\n<meta property=\"og:image\" content=\"https:\/\/turomas.unanimecreativos.com\/pt\/wp-content\/uploads\/2025\/09\/turomas-timeline-14-3.jpg\" \/>\n\t<meta property=\"og:image:width\" content=\"655\" \/>\n\t<meta property=\"og:image:height\" content=\"655\" \/>\n\t<meta property=\"og:image:type\" content=\"image\/jpeg\" \/>\n<meta name=\"twitter:card\" content=\"summary_large_image\" \/>\n<meta name=\"twitter:label1\" content=\"Tempo estimado de leitura\" \/>\n\t<meta name=\"twitter:data1\" content=\"1 minuto\" \/>\n<script type=\"application\/ld+json\" class=\"yoast-schema-graph\">{\"@context\":\"https:\/\/schema.org\",\"@graph\":[{\"@type\":\"WebPage\",\"@id\":\"https:\/\/turomas.unanimecreativos.com\/pt\/eventos\/\",\"url\":\"https:\/\/turomas.unanimecreativos.com\/pt\/eventos\/\",\"name\":\"Eventos y Ferias | Turomas\",\"isPartOf\":{\"@id\":\"https:\/\/turomas.unanimecreativos.com\/pt\/#website\"},\"primaryImageOfPage\":{\"@id\":\"https:\/\/turomas.unanimecreativos.com\/pt\/eventos\/#primaryimage\"},\"image\":{\"@id\":\"https:\/\/turomas.unanimecreativos.com\/pt\/eventos\/#primaryimage\"},\"thumbnailUrl\":\"https:\/\/turomas.unanimecreativos.com\/pt\/wp-content\/uploads\/2025\/09\/turomas-timeline-14-3.jpg\",\"datePublished\":\"2025-07-30T08:47:12+00:00\",\"dateModified\":\"2026-03-26T08:58:38+00:00\",\"description\":\"Conoce nuestras \u00faltimas ferias y participaciones internacionales. En los eventos y ferias puedes ver nuestras soluciones y hablar con el equipo. \u00a1Cont\u00e1ctanos!\",\"breadcrumb\":{\"@id\":\"https:\/\/turomas.unanimecreativos.com\/pt\/eventos\/#breadcrumb\"},\"inLanguage\":\"pt-PT\",\"potentialAction\":[{\"@type\":\"ReadAction\",\"target\":[\"https:\/\/turomas.unanimecreativos.com\/pt\/eventos\/\"]}]},{\"@type\":\"ImageObject\",\"inLanguage\":\"pt-PT\",\"@id\":\"https:\/\/turomas.unanimecreativos.com\/pt\/eventos\/#primaryimage\",\"url\":\"https:\/\/turomas.unanimecreativos.com\/pt\/wp-content\/uploads\/2025\/09\/turomas-timeline-14-3.jpg\",\"contentUrl\":\"https:\/\/turomas.unanimecreativos.com\/pt\/wp-content\/uploads\/2025\/09\/turomas-timeline-14-3.jpg\",\"width\":655,\"height\":655,\"caption\":\"eventos\"},{\"@type\":\"BreadcrumbList\",\"@id\":\"https:\/\/turomas.unanimecreativos.com\/pt\/eventos\/#breadcrumb\",\"itemListElement\":[{\"@type\":\"ListItem\",\"position\":1,\"name\":\"Portada\",\"item\":\"https:\/\/turomas.unanimecreativos.com\/pt\/\"},{\"@type\":\"ListItem\",\"position\":2,\"name\":\"Eventos\"}]},{\"@type\":\"WebSite\",\"@id\":\"https:\/\/turomas.unanimecreativos.com\/pt\/#website\",\"url\":\"https:\/\/turomas.unanimecreativos.com\/pt\/\",\"name\":\"Turomas PT\",\"description\":\"\",\"potentialAction\":[{\"@type\":\"SearchAction\",\"target\":{\"@type\":\"EntryPoint\",\"urlTemplate\":\"https:\/\/turomas.unanimecreativos.com\/pt\/?s={search_term_string}\"},\"query-input\":{\"@type\":\"PropertyValueSpecification\",\"valueRequired\":true,\"valueName\":\"search_term_string\"}}],\"inLanguage\":\"pt-PT\"}]}<\/script>\n<!-- \/ Yoast SEO plugin. -->","yoast_head_json":{"title":"Eventos y Ferias | Turomas","description":"Conoce nuestras \u00faltimas ferias y participaciones internacionales. En los eventos y ferias puedes ver nuestras soluciones y hablar con el equipo. \u00a1Cont\u00e1ctanos!","robots":{"index":"index","follow":"follow","max-snippet":"max-snippet:-1","max-image-preview":"max-image-preview:large","max-video-preview":"max-video-preview:-1"},"canonical":"https:\/\/turomas.unanimecreativos.com\/pt\/eventos\/","og_locale":"pt_PT","og_type":"article","og_title":"Eventos y Ferias | Turomas","og_description":"Conoce nuestras \u00faltimas ferias y participaciones internacionales. En los eventos y ferias puedes ver nuestras soluciones y hablar con el equipo. \u00a1Cont\u00e1ctanos!","og_url":"https:\/\/turomas.unanimecreativos.com\/pt\/eventos\/","og_site_name":"Turomas PT","article_modified_time":"2026-03-26T08:58:38+00:00","og_image":[{"width":655,"height":655,"url":"https:\/\/turomas.unanimecreativos.com\/pt\/wp-content\/uploads\/2025\/09\/turomas-timeline-14-3.jpg","type":"image\/jpeg"}],"twitter_card":"summary_large_image","twitter_misc":{"Tempo estimado de leitura":"1 minuto"},"schema":{"@context":"https:\/\/schema.org","@graph":[{"@type":"WebPage","@id":"https:\/\/turomas.unanimecreativos.com\/pt\/eventos\/","url":"https:\/\/turomas.unanimecreativos.com\/pt\/eventos\/","name":"Eventos y Ferias | Turomas","isPartOf":{"@id":"https:\/\/turomas.unanimecreativos.com\/pt\/#website"},"primaryImageOfPage":{"@id":"https:\/\/turomas.unanimecreativos.com\/pt\/eventos\/#primaryimage"},"image":{"@id":"https:\/\/turomas.unanimecreativos.com\/pt\/eventos\/#primaryimage"},"thumbnailUrl":"https:\/\/turomas.unanimecreativos.com\/pt\/wp-content\/uploads\/2025\/09\/turomas-timeline-14-3.jpg","datePublished":"2025-07-30T08:47:12+00:00","dateModified":"2026-03-26T08:58:38+00:00","description":"Conoce nuestras \u00faltimas ferias y participaciones internacionales. En los eventos y ferias puedes ver nuestras soluciones y hablar con el equipo. \u00a1Cont\u00e1ctanos!","breadcrumb":{"@id":"https:\/\/turomas.unanimecreativos.com\/pt\/eventos\/#breadcrumb"},"inLanguage":"pt-PT","potentialAction":[{"@type":"ReadAction","target":["https:\/\/turomas.unanimecreativos.com\/pt\/eventos\/"]}]},{"@type":"ImageObject","inLanguage":"pt-PT","@id":"https:\/\/turomas.unanimecreativos.com\/pt\/eventos\/#primaryimage","url":"https:\/\/turomas.unanimecreativos.com\/pt\/wp-content\/uploads\/2025\/09\/turomas-timeline-14-3.jpg","contentUrl":"https:\/\/turomas.unanimecreativos.com\/pt\/wp-content\/uploads\/2025\/09\/turomas-timeline-14-3.jpg","width":655,"height":655,"caption":"eventos"},{"@type":"BreadcrumbList","@id":"https:\/\/turomas.unanimecreativos.com\/pt\/eventos\/#breadcrumb","itemListElement":[{"@type":"ListItem","position":1,"name":"Portada","item":"https:\/\/turomas.unanimecreativos.com\/pt\/"},{"@type":"ListItem","position":2,"name":"Eventos"}]},{"@type":"WebSite","@id":"https:\/\/turomas.unanimecreativos.com\/pt\/#website","url":"https:\/\/turomas.unanimecreativos.com\/pt\/","name":"Turomas PT","description":"","potentialAction":[{"@type":"SearchAction","target":{"@type":"EntryPoint","urlTemplate":"https:\/\/turomas.unanimecreativos.com\/pt\/?s={search_term_string}"},"query-input":{"@type":"PropertyValueSpecification","valueRequired":true,"valueName":"search_term_string"}}],"inLanguage":"pt-PT"}]}},"_links":{"self":[{"href":"https:\/\/turomas.unanimecreativos.com\/pt\/wp-json\/wp\/v2\/pages\/36","targetHints":{"allow":["GET"]}}],"collection":[{"href":"https:\/\/turomas.unanimecreativos.com\/pt\/wp-json\/wp\/v2\/pages"}],"about":[{"href":"https:\/\/turomas.unanimecreativos.com\/pt\/wp-json\/wp\/v2\/types\/page"}],"author":[{"embeddable":true,"href":"https:\/\/turomas.unanimecreativos.com\/pt\/wp-json\/wp\/v2\/users\/1"}],"replies":[{"embeddable":true,"href":"https:\/\/turomas.unanimecreativos.com\/pt\/wp-json\/wp\/v2\/comments?post=36"}],"version-history":[{"count":3,"href":"https:\/\/turomas.unanimecreativos.com\/pt\/wp-json\/wp\/v2\/pages\/36\/revisions"}],"predecessor-version":[{"id":5945,"href":"https:\/\/turomas.unanimecreativos.com\/pt\/wp-json\/wp\/v2\/pages\/36\/revisions\/5945"}],"wp:featuredmedia":[{"embeddable":true,"href":"https:\/\/turomas.unanimecreativos.com\/pt\/wp-json\/wp\/v2\/media\/1340"}],"wp:attachment":[{"href":"https:\/\/turomas.unanimecreativos.com\/pt\/wp-json\/wp\/v2\/media?parent=36"}],"curies":[{"name":"wp","href":"https:\/\/api.w.org\/{rel}","templated":true}]}}