
{"id":93,"date":"2025-07-30T13:07:19","date_gmt":"2025-07-30T11:07:19","guid":{"rendered":"https:\/\/turomas.unanimecreativos.com\/?page_id=93"},"modified":"2026-03-27T09:46:14","modified_gmt":"2026-03-27T08:46:14","slug":"condicoes-legais","status":"publish","type":"page","link":"https:\/\/turomas.unanimecreativos.com\/pt\/condicoes-legais\/","title":{"rendered":"Condiciones Legales"},"content":{"rendered":"\n\t<section class=\"section\" id=\"section_976391728\">\n\t\t<div class=\"section-bg fill\" >\n\t\t\t\t\t\t\t\t\t\n\t\t\t\n\n\t\t<\/div>\n\n\t\t\n\n\t\t<div class=\"section-content relative\">\n\t\t\t\n<div class=\"row\"  id=\"row-404922792\">\n\n\t<div id=\"col-2129633989\" class=\"col small-12 large-12\"  >\n\t\t\t\t<div class=\"col-inner\"  >\n\t\t\t\n\t\t\t\n\t<div id=\"gap-170621513\" class=\"gap-element clearfix\" style=\"display:block; height:auto;\">\n\t\t\n<style>\n#gap-170621513 {\n  padding-top: 50px;\n}\n<\/style>\n\t<\/div>\n\t\n\t<div id=\"text-2726145324\" class=\"text fw-500\">\n\t\t\n<p>CONDI\u00c7\u00d5ES LEGAIS<\/p>\n\t\t\n<style>\n#text-2726145324 {\n  font-size: 2rem;\n}\n<\/style>\n\t<\/div>\n\t\n\t<div id=\"text-2473221587\" class=\"text\">\n\t\t\n<p><strong>LEI DOS SERVI\u00c7OS DA SOCIEDADE DE INFORMA\u00c7\u00c3O (LSSI)<\/strong><\/p>\n<p>\u00a0A TUROMAS S.L, respons\u00e1vel pelo website, doravante designada de RESPONS\u00c1VEL, coloca este documento \u00e0 disposi\u00e7\u00e3o dos utilizadores, com o qual pretende cumprir as obriga\u00e7\u00f5es estabelecidas na Lei 34\/2002, de 11 de julho, dos Servi\u00e7os da Sociedade de Informa\u00e7\u00e3o e de Com\u00e9rcio Eletr\u00f3nico (LSSICE), BOE N.\u00ba 166, bem como informar todos os utilizadores do website sobre as condi\u00e7\u00f5es de utiliza\u00e7\u00e3o.<\/p>\n<p>Qualquer pessoa que aceda a este s\u00edtio Web assume o papel de utilizador, comprometendo-se a respeitar e cumprir rigorosamente as disposi\u00e7\u00f5es aqui estabelecidas, bem como quaisquer outras disposi\u00e7\u00f5es legais aplic\u00e1veis.<\/p>\n<p>A TUROMAS S.L. reserva-se o direito de alterar qualquer tipo de informa\u00e7\u00e3o que possa constar no site, sem que haja obriga\u00e7\u00e3o de avisar previamente ou de informar os utilizadores sobre tais altera\u00e7\u00f5es, sendo considerada suficiente a publica\u00e7\u00e3o no site da TUROMAS S.L.<\/p>\n\t\t\n<style>\n#text-2473221587 {\n  font-size: 1rem;\n}\n<\/style>\n\t<\/div>\n\t\n\t<div id=\"text-264191739\" class=\"text\">\n\t\t\n<p><strong>DADOS DE IDENTIFICA\u00c7AO<\/strong><\/p>\n\t\t\n<style>\n#text-264191739 {\n  font-size: 1rem;\n}\n<\/style>\n\t<\/div>\n\t\n\t<div id=\"text-956403034\" class=\"text\">\n\t\t\n<p>Nome de dom\u00ednio: www.turomas.com\/ Nombre comercial: TUROMAS Denominaci\u00f3n social: TUROMAS S.L NIF: B44237345<br \/>\nSede social: CARRETERA ESTACI\u00d3N, KM. 15,8, 44415 Rubielos de Mora (Teruel) Tel\u00e9fono: 978804158<br \/>\nE-mail: info@turomas.com<\/p>\n\t\t\n<style>\n#text-956403034 {\n  font-size: 1rem;\n}\n<\/style>\n\t<\/div>\n\t\n\t<div id=\"text-669856050\" class=\"text\">\n\t\t\n<p><strong>DIREITOS DE PROPRIEDADE INTELECTUAL E INDUSTRIAL<\/strong><\/p>\n\t\t\n<style>\n#text-669856050 {\n  font-size: 1rem;\n}\n<\/style>\n\t<\/div>\n\t\n\t<div id=\"text-1341899527\" class=\"text\">\n\t\t\n<p>O site, incluindo, a t\u00edtulo enunciativo mas n\u00e3o limitativo, a sua programa\u00e7\u00e3o, edi\u00e7\u00e3o, compila\u00e7\u00e3o e demais elementos necess\u00e1rios ao seu funcionamento, os desenhos, log\u00f3tipos, texto e\/ou gr\u00e1ficos, s\u00e3o propriedade do RESPONS\u00c1VEL ou, se for o caso, este disp\u00f5e de licen\u00e7a ou autoriza\u00e7\u00e3o expressa por parte dos autores. Todos os conte\u00fados do site est\u00e3o devidamente protegidos pela legisla\u00e7\u00e3o em mat\u00e9ria de propriedade intelectual e industrial, bem como inscritos nos registos p\u00fablicos correspondentes.<br \/>Independentemente da finalidade a que se destinem, a reprodu\u00e7\u00e3o total ou parcial, a utiliza\u00e7\u00e3o, a explora\u00e7\u00e3o, a distribui\u00e7\u00e3o e a comercializa\u00e7\u00e3o requerem, em todos os casos, a autoriza\u00e7\u00e3o pr\u00e9via por escrito do RESPONS\u00c1VEL. Qualquer utiliza\u00e7\u00e3o n\u00e3o autorizada previamente \u00e9 considerada uma viola\u00e7\u00e3o grave dos direitos de propriedade intelectual ou industrial do autor.<br \/>Os desenhos, log\u00f3tipos, textos e\/ou gr\u00e1ficos que n\u00e3o perten\u00e7am ao RESPONS\u00c1VEL e que possam aparecer no site pertencem aos seus respetivos propriet\u00e1rios, sendo estes os respons\u00e1veis por qualquer eventual controv\u00e9rsia que possa surgir relativamente aos mesmos. O RESPONS\u00c1VEL autoriza expressamente que terceiros possam redirecionar diretamente para os conte\u00fados espec\u00edficos do site e, em qualquer caso, redirecionar para o site principal www.turomas.com\/.<br \/>O RESPONS\u00c1VEL reconhece a favor dos seus titulares os correspondentes direitos de propriedadeintelectual e industrial, n\u00e3o implicando a sua mera men\u00e7\u00e3o ou apari\u00e7\u00e3o no site a exist\u00eancia de quaisquer direitos ou responsabilidades sobre os mesmos, nem tampo menos o seu apoio, patroc\u00ednio ou recomenda\u00e7\u00e3o por parte do mesmo.<br \/>Para apresentar qualquer tipo de observa\u00e7\u00e3o relativamente a poss\u00edveis viola\u00e7\u00f5es dos direitos de propriedade intelectual ou industrial, bem como sobre qualquer conte\u00fado do site, pode faz\u00ea-lo atrav\u00e9s do e-mail info@turomas.com.<\/p>\n\t\t\n<style>\n#text-1341899527 {\n  font-size: 1rem;\n}\n<\/style>\n\t<\/div>\n\t\n\t<div id=\"text-1061712049\" class=\"text\">\n\t\t\n<p><strong>ISEN\u00c7\u00c3O DE RESPONSABILIDADE<\/strong><\/p>\n\t\t\n<style>\n#text-1061712049 {\n  font-size: 1rem;\n}\n<\/style>\n\t<\/div>\n\t\n\t<div id=\"text-4178670920\" class=\"text\">\n\t\t\n<p>O TITULAR ISENTA-SE de qualquer tipo de responsabilidade decorrente das informa\u00e7\u00f5es publicadas no seu site, desde que n\u00e3o tenha conhecimento efetivo de que essas informa\u00e7\u00f5es tenham sido manipuladas ou introduzidas por terceiros alheios ao mesmo ou, caso tenha, tenha agido com dilig\u00eancia para remover os dados ou impossibilitar o acesso aos mesmos.<\/p>\n<p><strong>Utiliza\u00e7\u00e3o de Cookies<\/strong><br \/>Este site pode utilizar cookies t\u00e9cnicas (pequenos ficheiros de informa\u00e7\u00e3o que o servidor envia para o computador de quem acede \u00e0 p\u00e1gina) para realizar determinadas fun\u00e7\u00f5es consideradas essenciais para o correto funcionamento e visualiza\u00e7\u00e3o do site. Os cookies utilizados t\u00eam, em qualquer caso, car\u00e1ter tempor\u00e1rio, com o \u00fanico objetivo de tornar a navega\u00e7\u00e3o mais eficaz, e desaparecem ao terminar a sess\u00e3o do utilizador. Em nenhum caso estes cookies fornecem, por si s\u00f3, dados de car\u00e1ter pessoal e n\u00e3o ser\u00e3o utilizados para a recolha dos mesmos.<br \/>Atrav\u00e9s da utiliza\u00e7\u00e3o de cookies, \u00e9 tamb\u00e9m poss\u00edvel que o servidor onde se encontra o site reconhe\u00e7a o navegador utilizado pelo utilizador, com o objetivo de facilitar a navega\u00e7\u00e3o, permitindo, por exemplo, que os utilizadores previamente registados tenham acesso a \u00e1reas, servi\u00e7os, promo\u00e7\u00f5es ou concursos reservados exclusivamente a eles, sem terem de se registar em cada visita. Tamb\u00e9m podem ser utilizados para medir a audi\u00eancia, par\u00e2metros de tr\u00e1fego, controlar o progresso e o n\u00famero de entradas, etc., sendo, nestes casos, cookies tecnicamente dispens\u00e1veis, mas ben\u00e9ficos para o utilizador. Este site n\u00e3o instalar\u00e1 cookies dispens\u00e1veis sem o consentimento pr\u00e9vio do utilizador.<br \/>O utilizador tem a possibilidade de configurar o seu navegador para ser alertado sobre a rece\u00e7\u00e3o de cookies e para impedir a sua instala\u00e7\u00e3o no seu equipamento. Por favor, consulte as instru\u00e7\u00f5es do seu navegador para obter mais informa\u00e7\u00f5es.<\/p>\n<p><strong>Pol\u00edtica de links<\/strong><br \/>A partir deste site, \u00e9 poss\u00edvel que seja redirecionado para conte\u00fados de sites de terceiros. Uma vez que o RESPONS\u00c1VEL n\u00e3o pode controlar sempre os conte\u00fados introduzidos por terceiros nos seus respetivos sites, n\u00e3o assume qualquer tipo de responsabilidade relativamente a esses conte\u00fados. Em qualquer caso, proceder\u00e1 \u00e0 remo\u00e7\u00e3o imediata de qualquer conte\u00fado que possa infringir a legisla\u00e7\u00e3o nacional ou internacional, a moral ou a ordem p\u00fablica, procedendo \u00e0 remo\u00e7\u00e3o imediata do redirecionamento para o referido site e comunicando o conte\u00fado em quest\u00e3o \u00e0s autoridades competentes.<br \/>O RESPONS\u00c1VEL n\u00e3o se responsabiliza pelas informa\u00e7\u00f5es e conte\u00fados armazenados, a t\u00edtulo exemplificativo mas n\u00e3o limitativo, em f\u00f3runs, chats, geradores de blogs, coment\u00e1rios, redes sociais ou qualquer outro meio que permita a terceiros publicar conte\u00fados de forma independente no site do RESPONS\u00c1VEL. No entanto, e em conformidade com o disposto nos artigos 11.\u00ba e 16.\u00ba da LSSICE, coloca-se \u00e0 disposi\u00e7\u00e3o de todos os utilizadores, autoridades e for\u00e7as de seguran\u00e7a, colaborando ativamente na remo\u00e7\u00e3o ou, se for o caso, no bloqueio de todos os conte\u00fados que possam afetar ou infringir a legisla\u00e7\u00e3o nacional ou internacional, os direitos de terceiros ou a moral e a ordem p\u00fablica. Caso o utilizador considere que existe no site algum conte\u00fado suscet\u00edvel de ser classificado desta forma, solicita-se que o notifique imediatamente ao administrador do site.<br \/>Este site foi revisto e testado para funcionar corretamente. Em princ\u00edpio, pode garantir-se o seu bom funcionamento 365 dias por ano, 24 horas por dia. No entanto, o RESPONS\u00c1VEL n\u00e3o descarta a possibilidade de existirem certos erros de programa\u00e7\u00e3o, ou de ocorrerem casos de for\u00e7a maior, cat\u00e1strofes naturais, greves ou circunst\u00e2ncias semelhantes que impossibilitem o acesso ao site.<\/p>\n<p><strong>Endere\u00e7os IP<\/strong><br \/>Os servidores do site podem detetar automaticamente o endere\u00e7o IP e o nome de dom\u00ednio utilizados pelo utilizador. Um endere\u00e7o IP \u00e9 um n\u00famero atribu\u00eddo automaticamente a um computador quando este se liga \u00e0 Internet. Todas estas informa\u00e7\u00f5es s\u00e3o registadas num ficheiro de atividade do servidor, o que permite o posterior processamento dos dados com o objetivo de obter medi\u00e7\u00f5es exclusivamente estat\u00edsticas que permitam conhecer o n\u00famero de visualiza\u00e7\u00f5es de p\u00e1ginas, o n\u00famero de visitas realizadas aos servidores web, a ordem das visitas, o ponto de acesso, etc.<\/p>\n\t\t\n<style>\n#text-4178670920 {\n  font-size: 1rem;\n}\n<\/style>\n\t<\/div>\n\t\n\t<div id=\"text-1833150804\" class=\"text\">\n\t\t\n<p><strong>LEI APLIC\u00c1VEL E JURISDI\u00c7\u00c3O<\/strong><\/p>\n\t\t\n<style>\n#text-1833150804 {\n  font-size: 1rem;\n}\n<\/style>\n\t<\/div>\n\t\n\t<div id=\"text-4098895259\" class=\"text\">\n\t\t\n<p>Para a resolu\u00e7\u00e3o de todos os lit\u00edgios ou quest\u00f5es relacionados com o presente s\u00edtio Web ou com as atividades nele desenvolvidas, ser\u00e1 aplic\u00e1vel a legisla\u00e7\u00e3o espanhola, \u00e0 qual as partes se submetem expressamente, sendo competentes para a resolu\u00e7\u00e3o de todos os conflitos decorrentes ou relacionados com a sua utiliza\u00e7\u00e3o os tribunais do domic\u00edlio do UTILIZADOR ou do local de cumprimento da obriga\u00e7\u00e3o.<\/p>\n\t\t\n<style>\n#text-4098895259 {\n  font-size: 1rem;\n}\n<\/style>\n\t<\/div>\n\t\n\t<div id=\"gap-34212504\" class=\"gap-element clearfix\" style=\"display:block; height:auto;\">\n\t\t\n<style>\n#gap-34212504 {\n  padding-top: 50px;\n}\n<\/style>\n\t<\/div>\n\t\n\t\t<\/div>\n\t\t\t\t\t<\/div>\n\n\t\n<\/div>\n\t\t<\/div>\n\n\t\t\n<style>\n#section_976391728 {\n  padding-top: 30px;\n  padding-bottom: 30px;\n}\n<\/style>\n\t<\/section>\n\t\n","protected":false},"excerpt":{"rendered":"","protected":false},"author":1,"featured_media":0,"parent":0,"menu_order":0,"comment_status":"closed","ping_status":"closed","template":"","meta":{"_acf_changed":false,"footnotes":""},"class_list":["post-93","page","type-page","status-publish","hentry"],"acf":[],"yoast_head":"<!-- This site is optimized with the Yoast SEO plugin v27.1.1 - https:\/\/yoast.com\/product\/yoast-seo-wordpress\/ -->\n<title>Condiciones Legales - Turomas PT<\/title>\n<meta name=\"robots\" content=\"noindex, follow\" \/>\n<meta property=\"og:locale\" content=\"pt_PT\" \/>\n<meta property=\"og:type\" content=\"article\" \/>\n<meta property=\"og:title\" content=\"Condiciones Legales - Turomas PT\" \/>\n<meta property=\"og:url\" content=\"https:\/\/turomas.unanimecreativos.com\/pt\/condicoes-legais\/\" \/>\n<meta property=\"og:site_name\" content=\"Turomas PT\" \/>\n<meta property=\"article:modified_time\" content=\"2026-03-27T08:46:14+00:00\" \/>\n<meta name=\"twitter:card\" content=\"summary_large_image\" \/>\n<meta name=\"twitter:label1\" content=\"Tempo estimado de leitura\" \/>\n\t<meta name=\"twitter:data1\" content=\"8 minutos\" \/>\n<script type=\"application\/ld+json\" class=\"yoast-schema-graph\">{\"@context\":\"https:\/\/schema.org\",\"@graph\":[{\"@type\":\"WebPage\",\"@id\":\"https:\/\/turomas.unanimecreativos.com\/pt\/condicoes-legais\/\",\"url\":\"https:\/\/turomas.unanimecreativos.com\/pt\/condicoes-legais\/\",\"name\":\"Condiciones Legales - Turomas PT\",\"isPartOf\":{\"@id\":\"https:\/\/turomas.unanimecreativos.com\/pt\/#website\"},\"datePublished\":\"2025-07-30T11:07:19+00:00\",\"dateModified\":\"2026-03-27T08:46:14+00:00\",\"breadcrumb\":{\"@id\":\"https:\/\/turomas.unanimecreativos.com\/pt\/condicoes-legais\/#breadcrumb\"},\"inLanguage\":\"pt-PT\",\"potentialAction\":[{\"@type\":\"ReadAction\",\"target\":[\"https:\/\/turomas.unanimecreativos.com\/pt\/condicoes-legais\/\"]}]},{\"@type\":\"BreadcrumbList\",\"@id\":\"https:\/\/turomas.unanimecreativos.com\/pt\/condicoes-legais\/#breadcrumb\",\"itemListElement\":[{\"@type\":\"ListItem\",\"position\":1,\"name\":\"Portada\",\"item\":\"https:\/\/turomas.unanimecreativos.com\/pt\/\"},{\"@type\":\"ListItem\",\"position\":2,\"name\":\"Condiciones Legales\"}]},{\"@type\":\"WebSite\",\"@id\":\"https:\/\/turomas.unanimecreativos.com\/pt\/#website\",\"url\":\"https:\/\/turomas.unanimecreativos.com\/pt\/\",\"name\":\"Turomas PT\",\"description\":\"\",\"potentialAction\":[{\"@type\":\"SearchAction\",\"target\":{\"@type\":\"EntryPoint\",\"urlTemplate\":\"https:\/\/turomas.unanimecreativos.com\/pt\/?s={search_term_string}\"},\"query-input\":{\"@type\":\"PropertyValueSpecification\",\"valueRequired\":true,\"valueName\":\"search_term_string\"}}],\"inLanguage\":\"pt-PT\"}]}<\/script>\n<!-- \/ Yoast SEO plugin. -->","yoast_head_json":{"title":"Condiciones Legales - Turomas PT","robots":{"index":"noindex","follow":"follow"},"og_locale":"pt_PT","og_type":"article","og_title":"Condiciones Legales - Turomas PT","og_url":"https:\/\/turomas.unanimecreativos.com\/pt\/condicoes-legais\/","og_site_name":"Turomas PT","article_modified_time":"2026-03-27T08:46:14+00:00","twitter_card":"summary_large_image","twitter_misc":{"Tempo estimado de leitura":"8 minutos"},"schema":{"@context":"https:\/\/schema.org","@graph":[{"@type":"WebPage","@id":"https:\/\/turomas.unanimecreativos.com\/pt\/condicoes-legais\/","url":"https:\/\/turomas.unanimecreativos.com\/pt\/condicoes-legais\/","name":"Condiciones Legales - Turomas PT","isPartOf":{"@id":"https:\/\/turomas.unanimecreativos.com\/pt\/#website"},"datePublished":"2025-07-30T11:07:19+00:00","dateModified":"2026-03-27T08:46:14+00:00","breadcrumb":{"@id":"https:\/\/turomas.unanimecreativos.com\/pt\/condicoes-legais\/#breadcrumb"},"inLanguage":"pt-PT","potentialAction":[{"@type":"ReadAction","target":["https:\/\/turomas.unanimecreativos.com\/pt\/condicoes-legais\/"]}]},{"@type":"BreadcrumbList","@id":"https:\/\/turomas.unanimecreativos.com\/pt\/condicoes-legais\/#breadcrumb","itemListElement":[{"@type":"ListItem","position":1,"name":"Portada","item":"https:\/\/turomas.unanimecreativos.com\/pt\/"},{"@type":"ListItem","position":2,"name":"Condiciones Legales"}]},{"@type":"WebSite","@id":"https:\/\/turomas.unanimecreativos.com\/pt\/#website","url":"https:\/\/turomas.unanimecreativos.com\/pt\/","name":"Turomas PT","description":"","potentialAction":[{"@type":"SearchAction","target":{"@type":"EntryPoint","urlTemplate":"https:\/\/turomas.unanimecreativos.com\/pt\/?s={search_term_string}"},"query-input":{"@type":"PropertyValueSpecification","valueRequired":true,"valueName":"search_term_string"}}],"inLanguage":"pt-PT"}]}},"_links":{"self":[{"href":"https:\/\/turomas.unanimecreativos.com\/pt\/wp-json\/wp\/v2\/pages\/93","targetHints":{"allow":["GET"]}}],"collection":[{"href":"https:\/\/turomas.unanimecreativos.com\/pt\/wp-json\/wp\/v2\/pages"}],"about":[{"href":"https:\/\/turomas.unanimecreativos.com\/pt\/wp-json\/wp\/v2\/types\/page"}],"author":[{"embeddable":true,"href":"https:\/\/turomas.unanimecreativos.com\/pt\/wp-json\/wp\/v2\/users\/1"}],"replies":[{"embeddable":true,"href":"https:\/\/turomas.unanimecreativos.com\/pt\/wp-json\/wp\/v2\/comments?post=93"}],"version-history":[{"count":3,"href":"https:\/\/turomas.unanimecreativos.com\/pt\/wp-json\/wp\/v2\/pages\/93\/revisions"}],"predecessor-version":[{"id":5956,"href":"https:\/\/turomas.unanimecreativos.com\/pt\/wp-json\/wp\/v2\/pages\/93\/revisions\/5956"}],"wp:attachment":[{"href":"https:\/\/turomas.unanimecreativos.com\/pt\/wp-json\/wp\/v2\/media?parent=93"}],"curies":[{"name":"wp","href":"https:\/\/api.w.org\/{rel}","templated":true}]}}