
{"id":95,"date":"2025-07-30T13:07:30","date_gmt":"2025-07-30T11:07:30","guid":{"rendered":"https:\/\/turomas.unanimecreativos.com\/?page_id=95"},"modified":"2026-03-25T09:20:17","modified_gmt":"2026-03-25T08:20:17","slug":"politica-de-cookies","status":"publish","type":"page","link":"https:\/\/turomas.unanimecreativos.com\/pt\/politica-de-cookies\/","title":{"rendered":"Pol\u00edtica de cookies"},"content":{"rendered":"\n\t<section class=\"section\" id=\"section_2058487895\">\n\t\t<div class=\"section-bg fill\" >\n\t\t\t\t\t\t\t\t\t\n\t\t\t\n\n\t\t<\/div>\n\n\t\t\n\n\t\t<div class=\"section-content relative\">\n\t\t\t\n<div class=\"row\"  id=\"row-594625380\">\n\n\t<div id=\"col-1626214243\" class=\"col small-12 large-12\"  >\n\t\t\t\t<div class=\"col-inner\"  >\n\t\t\t\n\t\t\t\n\t<div id=\"text-2522199963\" class=\"text fw-500\">\n\t\t\n<h1>INFORMA\u00c7\u00c3O SOBRE COOKIES<\/h1>\n\t\t\n<style>\n#text-2522199963 {\n  font-size: 2rem;\n  color: rgb(0,0,0);\n}\n#text-2522199963 > * {\n  color: rgb(0,0,0);\n}\n<\/style>\n\t<\/div>\n\t\n\t<div id=\"text-828722923\" class=\"text\">\n\t\t\n<p>Em conformidade com a Lei 34\/2002, de 11 de julho, relativa aos servi\u00e7os da sociedade da informa\u00e7\u00e3o e ao com\u00e9rcio eletr\u00f3nico (LSSI), em rela\u00e7\u00e3o ao Regulamento (UE) 2016\/679 do Parlamento Europeu e do Conselho, de 27 de abril de 2016, Regulamento Geral sobre a Prote\u00e7\u00e3o de Dados (RGPD) e a Lei Org\u00e2nica 3\/2018, de 5 de dezembro, sobre a Prote\u00e7\u00e3o de Dados e a Garantia dos Direitos Digitais (LOPDGDD), \u00e9 obrigat\u00f3rio obter o consentimento expresso do utilizador de todos os sites que utilizam cookies n\u00e3o essenciais, antes de este navegar nos mesmos.<\/p>\n<h3>O QUE S\u00c3O COOKIES?<\/h3>\n<p>Os cookies e outras tecnologias semelhantes, tais como objetos locais partilhados, cookies flash ou p\u00edxeis, s\u00e3o ferramentas utilizadas pelos servidores Web para armazenar e recuperar informa\u00e7\u00f5es sobre os seus visitantes, bem como para garantir o bom funcionamento do site.<\/p>\n<p>Atrav\u00e9s da utiliza\u00e7\u00e3o destes dispositivos, o servidor Web consegue recordar alguns dados relativos ao utilizador, tais como as suas prefer\u00eancias de visualiza\u00e7\u00e3o das p\u00e1ginas desse servidor, nome e palavra-passe, produtos que mais lhe interessam, etc..<\/p>\n<h3>COOKIES ABRANGIDAS PELA REGULAMENTA\u00c7\u00c3O E COOKIES ISENTAS<\/h3>\n<p>De acordo com a diretiva da UE, as cookies que requerem o consentimento informado do utilizador s\u00e3o as cookies anal\u00edticas e as de publicidade e afiliados, ficando isentas as de car\u00e1ter t\u00e9cnico e as necess\u00e1rias para o funcionamento do site ou a presta\u00e7\u00e3o de servi\u00e7os expressamente solicitados pelo utilizador.<\/p>\n<h3>TIPOS DE COOKIES<\/h3>\n<p><strong>DE ACORDO COM A FINALIDADE<\/strong><\/p>\n<ul>\n<li><strong><em>Cookies t\u00e9cnicas e funcionai<\/em>s:<\/strong> s\u00e3o aquelas que permitem ao utilizador navegar num site, plataforma ou aplica\u00e7\u00e3o e utilizar as diferentes op\u00e7\u00f5es ou servi\u00e7os nela dispon\u00edveis.<\/li>\n<li><strong><em>Cookies<\/em> anal\u00edticas:<\/strong> s\u00e3o aquelas que permitem ao respons\u00e1vel pelas mesmas acompanhar e analisar o comportamento dos utilizadores dos sites aos quais est\u00e3o associadas. A informa\u00e7\u00e3o recolhida atrav\u00e9s deste tipo de cookies \u00e9 utilizada na medi\u00e7\u00e3o da atividade dos sites, aplica\u00e7\u00f5es ou plataformas e na elabora\u00e7\u00e3o de perfis de navega\u00e7\u00e3o dos utilizadores desses sites, aplica\u00e7\u00f5es e plataformas, com o objetivo de introduzir melhorias com base na an\u00e1lise dos dados de utiliza\u00e7\u00e3o que os utilizadores fazem do servi\u00e7o.<\/li>\n<li><strong><em>Cookies<\/em> publicit\u00e1rios:<\/strong> s\u00e3o aqueles que permitem a gest\u00e3o, da forma mais eficaz poss\u00edvel, dos espa\u00e7os publicit\u00e1rios que, se for o caso, o editor tenha inclu\u00eddo numa p\u00e1gina web, aplica\u00e7\u00e3o ou plataforma a partir da qual presta o servi\u00e7o solicitado, com base em crit\u00e9rios como o conte\u00fado publicado ou a frequ\u00eancia com que os an\u00fancios s\u00e3o exibidos.<\/li>\n<li><strong><em>Cookies<\/em> de publicidad comportamental:<\/strong> recolhem informa\u00e7\u00f5es sobre as prefer\u00eancias e escolhas pessoais do utilizador (retargeting) para permitir a gest\u00e3o, da forma mais eficaz poss\u00edvel, dos espa\u00e7os publicit\u00e1rios que, se for o caso, o editor tenha inclu\u00eddo numa p\u00e1gina web, aplica\u00e7\u00e3o ou plataforma a partir da qual presta o servi\u00e7o solicitado.<\/li>\n<li><strong><em>Cookies<\/em> sociales:<\/strong> s\u00e3o definidos pelas plataformas de redes sociais nos servi\u00e7os para lhe permitir partilhar conte\u00fados com os seus amigos e redes. As plataformas de redes sociais t\u00eam a capacidade de rastrear a sua atividade online fora dos Servi\u00e7os. Isto pode afetar os conte\u00fados e as mensagens que v\u00ea noutros servi\u00e7os que visita.<\/li>\n<li><strong><em>Cookies<\/em> de afiliados:<\/strong> permitem rastrear as visitas provenientes de outros sites, com os quais o site estabelece um contrato de afilia\u00e7\u00e3o (empresas de afiliados).<\/li>\n<li><strong><em>Cookies<\/em> de seguridad:<\/strong> armazenam informa\u00e7\u00f5es encriptadas para evitar que os dados neles guardados fiquem vulner\u00e1veis a ataques maliciosos de terceiros.<\/li>\n<\/ul>\n<p><strong>DE ACORDO COM A PROPRIEDADE<\/strong><\/p>\n<ul>\n<li><strong> Cookies pr\u00f3prios<\/strong>: s\u00e3o aqueles que s\u00e3o enviados para o equipamento terminal do utilizador a partir de um equipamento ou dom\u00ednio gerido pelo pr\u00f3prio editor e a partir do qual \u00e9 prestado o servi\u00e7o solicitado pelo utilizador.<\/li>\n<li><strong><em>Cookies<\/em> de terceiros:<\/strong> s\u00e3o aqueles que s\u00e3o enviados para o equipamento terminal do utilizador a partir de um equipamento ou dom\u00ednio que n\u00e3o \u00e9 gerido pelo editor, mas por outra entidade que trata os dados obtidos atrav\u00e9s dos cookies.<\/li>\n<\/ul>\n<p><strong>DE ACORDO COM O PER\u00cdODO DE CONSERVA\u00c7\u00c3O<\/strong><\/p>\n<ul>\n<li><strong>Cookies de sess\u00e3o<\/strong>: s\u00e3o um tipo de cookies concebidos para recolher e armazenar dados enquanto o utilizador acede a um site.<\/li>\n<li><strong>Cookies persistentes<\/strong>: s\u00e3o um tipo de cookies em que os dados permanecem armazenados no terminal e podem ser acedidos e tratados durante um per\u00edodo definido pelo respons\u00e1vel pelo cookie, que pode variar entre alguns minutos e v\u00e1rios anos.<\/li>\n<\/ul>\n<h3>TRATAMENTO DE DADOS PESSOAIS<\/h3>\n<p>A TUROMAS S.L. \u00e9 a <strong>Respons\u00e1vel pelo tratamento<\/strong> dos dados pessoais do Titular dos Dados e informa-o de que estes dados ser\u00e3o tratados em conformidade com o disposto no Regulamento (UE) 2016\/679, de 27 de abril de 2016 (RGPD), pelo que lhe s\u00e3o fornecidas as seguintes informa\u00e7\u00f5es sobre o tratamento:<\/p>\n<p><strong>Finalidades do tratamento<\/strong>: conforme especificado na sec\u00e7\u00e3o relativa aos cookies utilizados neste site.<\/p>\n<p><strong>Legitimaci\u00f3n:<\/strong> consentimiento del interesado, salvo cookies necesarias.<\/p>\n<p><strong>Criterios de conservaci\u00f3n:<\/strong> seg\u00fan lo indicado en cada cookie.<\/p>\n<p><strong>Crit\u00e9rios de conserva\u00e7\u00e3o dos dados:<\/strong> conforme especificado na sec\u00e7\u00e3o relativa aos cookies utilizados no site..<\/p>\n<p><strong>Direitos do titular dos dados:<\/strong><\/p>\n<ul>\n<li>Direito de retirar o consentimento a qualquer momento;<\/li>\n<li>Direito de acesso, retifica\u00e7\u00e3o, portabilidade e apagamento dos seus dados, bem como de limita\u00e7\u00e3o ou oposi\u00e7\u00e3o ao seu tratamento;<\/li>\n<li>Direito de apresentar uma reclama\u00e7\u00e3o junto da Autoridade de Controlo (www.aepd.es) caso considere que o tratamento n\u00e3o est\u00e1 em conformidade com a legisla\u00e7\u00e3o<\/li>\n<\/ul>\n<p><strong>Contacto:<\/strong> TUROMAS S.L. Carretera Estaci\u00f3n, Km. 15,8 \u2013 44415 Rubielos de Mora (Teruel). E-mail: <a href=\"mailto:info@turomas.com\">info@turomas.com<\/a><\/p>\n<h3>COOKIES UTILIZADAS NESTE SITE<\/h3>\n<p>A partir deste painel, poder\u00e1 configurar as cookies que o site pode instalar no seu navegador, exceto as cookies t\u00e9cnicas ou funcionais que s\u00e3o necess\u00e1rias para a navega\u00e7\u00e3o e a utiliza\u00e7\u00e3o das diferentes op\u00e7\u00f5es ou servi\u00e7os oferecidos.<\/p>\n<p>As cookies selecionadas indicam que o utilizador autoriza a instala\u00e7\u00e3o no seu navegador e o tratamento de dados de acordo com as condi\u00e7\u00f5es estabelecidas na Pol\u00edtica de cookies.<\/p>\n<p>O utilizador pode marcar ou desmarcar a op\u00e7\u00e3o, consoante pretenda aceitar ou recusar a instala\u00e7\u00e3o de cookies.<\/p>\n<h3>COOKIES CONTROLADAS PELO EDITOR<\/h3>\n<h4>T\u00e9cnicas e funcionais<\/h4>\n<table border=\"1\">\n<tbody>\n<tr>\n<th>Propiedade<\/th>\n<th>Cookie<\/th>\n<th>Finalidade<\/th>\n<th>Prazo<\/th>\n<\/tr>\n<tr>\n<td>gstatic.com<\/td>\n<td>CONSENT<\/td>\n<td>Rastreador de consentimiento do Google<\/td>\n<td>16 anos<\/td>\n<\/tr>\n<tr>\n<td>turomas.com<\/td>\n<td>catAccCookies<\/td>\n<td>Cookie necess\u00e1rio para a utiliza\u00e7\u00e3o das op\u00e7\u00f5es e servi\u00e7os do site web<\/td>\n<td>22 horas<\/td>\n<\/tr>\n<tr>\n<td>youtube.com<\/td>\n<td>CONSENT<\/td>\n<td>Rastreador de consentimento de cookies do Google<\/td>\n<td>16 anos<\/td>\n<\/tr>\n<tr>\n<td>youtube.com<\/td>\n<td>PREF<\/td>\n<td>Guarda preferencias del usuario<\/td>\n<td>1 ano<\/td>\n<\/tr>\n<tr>\n<td>youtube.com<\/td>\n<td>YSC<\/td>\n<td>Identifica os v\u00eddeos visualizados<\/td>\n<td>2 meses<\/td>\n<\/tr>\n<\/tbody>\n<\/table>\n<h4>Anal\u00edticas<\/h4>\n<table border=\"1\">\n<tbody>\n<tr>\n<th>Propiedade<\/th>\n<th>Cookie<\/th>\n<th>Finalidade<\/th>\n<th>Prazo<\/th>\n<\/tr>\n<tr>\n<td>turomas.com<\/td>\n<td>_ga<\/td>\n<td>Identifica usuarios<\/td>\n<td>2 anos<\/td>\n<\/tr>\n<tr>\n<td>turomas.com<\/td>\n<td>_gat<\/td>\n<td>Monitoriza peticiones al servidor<\/td>\n<td>sess\u00e3o<\/td>\n<\/tr>\n<tr>\n<td>turomas.com<\/td>\n<td>_gid<\/td>\n<td>Identifica usuarios 24 h<\/td>\n<td>22 horas<\/td>\n<\/tr>\n<\/tbody>\n<\/table>\n<h4>Publicitarias<\/h4>\n<table border=\"1\">\n<tbody>\n<tr>\n<th>Propiedade<\/th>\n<th>Cookie<\/th>\n<th>Finalidade<\/th>\n<th>Prazo<\/th>\n<\/tr>\n<tr>\n<td>doubleclick.net<\/td>\n<td>IDE<\/td>\n<td>Orienta\u00e7\u00e3o e an\u00e1lise de campanhas<\/td>\n<td>4 meses<\/td>\n<\/tr>\n<tr>\n<td>youtube.com<\/td>\n<td>GPS<\/td>\n<td>Identificador de localiza\u00e7\u00e3o em telem\u00f3veis<\/td>\n<td>Sess\u00e3o<\/td>\n<\/tr>\n<tr>\n<td>youtube.com<\/td>\n<td>VISITOR_INFO1_LIVE<\/td>\n<td>Estimativa da largura de banda do YouTube<\/td>\n<td>3 meses<\/td>\n<\/tr>\n<\/tbody>\n<\/table>\n<h3>COOKIES DE TERCEIROS<\/h3>\n<p>Os servi\u00e7os de terceiros est\u00e3o fora do controlo do editor. Os fornecedores podem alterar a qualquer momento as suas condi\u00e7\u00f5es de servi\u00e7o, finalidade e utiliza\u00e7\u00e3o dos cookies, etc.<\/p>\n<p><strong>Fornecedores externos deste site:<\/strong><\/p>\n<table border=\"1\">\n<tbody>\n<tr>\n<th>Editor<\/th>\n<th>Pol\u00edtica de privacidade<\/th>\n<\/tr>\n<tr>\n<td>DoubleClick \/ Google Marketing<\/td>\n<td><a href=\"https:\/\/privacy.google.com\/take-control.html\">https:\/\/privacy.google.com\/take-control.html<\/a><\/td>\n<\/tr>\n<tr>\n<td>Google Analytics<\/td>\n<td><a href=\"https:\/\/privacy.google.com\/take-control.html\">https:\/\/privacy.google.com\/take-control.html<\/a><\/td>\n<\/tr>\n<tr>\n<td>Google<\/td>\n<td><a href=\"https:\/\/privacy.google.com\/take-control.html\">https:\/\/privacy.google.com\/take-control.html<\/a><\/td>\n<\/tr>\n<tr>\n<td>Youtube<\/td>\n<td><a href=\"https:\/\/privacy.google.com\/take-control.html\">https:\/\/privacy.google.com\/take-control.html<\/a><\/td>\n<\/tr>\n<\/tbody>\n<\/table>\n<h3>COMO GERIR OS COOKIES A PARTIR DO NAVEGADOR<\/h3>\n<table border=\"1\">\n<tbody>\n<tr>\n<th>Acci\u00f3n<\/th>\n<th>Descripci\u00f3n<\/th>\n<\/tr>\n<tr>\n<td>Eliminar os cookies do dispositivo<\/td>\n<td>Ao apagar o hist\u00f3rico do navegador, os cookies s\u00e3o eliminados, mas tamb\u00e9m se perdem os dados guardados.<\/td>\n<\/tr>\n<tr>\n<td>Gerir cookies espec\u00edficos do site<\/td>\n<td>\u00c9 poss\u00edvel ajustar as defini\u00e7\u00f5es de privacidade e cookies do navegador.<\/td>\n<\/tr>\n<tr>\n<td>Bloquear cookies<\/td>\n<td>Evite a sua instala\u00e7\u00e3o, embora isso possa afetar o funcionamento de alguns servi\u00e7os.<\/td>\n<\/tr>\n<\/tbody>\n<\/table>\n<h3>COMO ELIMINAR OS COOKIES DOS NAVEGADORES MAIS COMUNS<\/h3>\n<ul>\n<li><strong>Chrome:<\/strong> <a href=\"http:\/\/support.google.com\/chrome\/answer\/95647?hl=es\">http:\/\/support.google.com\/chrome\/answer\/95647?hl=es<\/a><\/li>\n<li><strong>Edge:<\/strong> <a href=\"https:\/\/support.microsoft.com\/es-es\/microsoft-edge\/eliminar-las-cookies-en-microsoft-edge-63947406-40ac-c3b8-57b9-2a946a29ae09\">https:\/\/support.microsoft.com\/es-es\/microsoft-edge\/eliminar-las-cookies-en-microsoft-edge-63947406-40ac-c3b8-57b9-2a946a29ae09<\/a><\/li>\n<li><strong>Explorer:<\/strong> <a href=\"https:\/\/support.microsoft.com\/es-es\/help\/278835\/how-to-delete-cookie-files-in-internet-explorer\">https:\/\/support.microsoft.com\/es-es\/help\/278835\/how-to-delete-cookie-files-in-internet-explorer<\/a><\/li>\n<li><strong>Firefox:<\/strong> <a href=\"https:\/\/www.mozilla.org\/es-ES\/privacy\/websites\/#cookies\">https:\/\/www.mozilla.org\/es-ES\/privacy\/websites\/#cookies<\/a><\/li>\n<li><strong>Safari:<\/strong> <a href=\"https:\/\/support.apple.com\/es-es\/guide\/safari\/sfri11471\/mac\">https:\/\/support.apple.com\/es-es\/guide\/safari\/sfri11471\/mac<\/a><\/li>\n<li><strong>Opera:<\/strong> <a href=\"https:\/\/help.opera.com\/en\/latest\/security-and-privacy\/#clearBrowsingData\">https:\/\/help.opera.com\/en\/latest\/security-and-privacy\/#clearBrowsingData<\/a><\/li>\n<\/ul>\n\t\t\n<style>\n#text-828722923 {\n  color: rgb(0,0,0);\n}\n#text-828722923 > * {\n  color: rgb(0,0,0);\n}\n<\/style>\n\t<\/div>\n\t\n\t\t<\/div>\n\t\t\t\t\t<\/div>\n\n\t\n<\/div>\n\t\t<\/div>\n\n\t\t\n<style>\n#section_2058487895 {\n  padding-top: 30px;\n  padding-bottom: 30px;\n}\n<\/style>\n\t<\/section>\n\t\n","protected":false},"excerpt":{"rendered":"","protected":false},"author":1,"featured_media":0,"parent":0,"menu_order":0,"comment_status":"closed","ping_status":"closed","template":"","meta":{"_acf_changed":false,"footnotes":""},"class_list":["post-95","page","type-page","status-publish","hentry"],"acf":[],"yoast_head":"<!-- This site is optimized with the Yoast SEO plugin v27.1.1 - https:\/\/yoast.com\/product\/yoast-seo-wordpress\/ -->\n<title>Pol\u00edtica de cookies - Turomas PT<\/title>\n<meta name=\"robots\" content=\"noindex, follow\" \/>\n<meta property=\"og:locale\" content=\"pt_PT\" \/>\n<meta property=\"og:type\" content=\"article\" \/>\n<meta property=\"og:title\" content=\"Pol\u00edtica de cookies - Turomas PT\" \/>\n<meta property=\"og:url\" content=\"https:\/\/turomas.unanimecreativos.com\/pt\/politica-de-cookies\/\" \/>\n<meta property=\"og:site_name\" content=\"Turomas PT\" \/>\n<meta property=\"article:modified_time\" content=\"2026-03-25T08:20:17+00:00\" \/>\n<meta name=\"twitter:card\" content=\"summary_large_image\" \/>\n<meta name=\"twitter:label1\" content=\"Tempo estimado de leitura\" \/>\n\t<meta name=\"twitter:data1\" content=\"4 minutos\" \/>\n<script type=\"application\/ld+json\" class=\"yoast-schema-graph\">{\"@context\":\"https:\/\/schema.org\",\"@graph\":[{\"@type\":\"WebPage\",\"@id\":\"https:\/\/turomas.unanimecreativos.com\/pt\/politica-de-cookies\/\",\"url\":\"https:\/\/turomas.unanimecreativos.com\/pt\/politica-de-cookies\/\",\"name\":\"Pol\u00edtica de cookies - Turomas PT\",\"isPartOf\":{\"@id\":\"https:\/\/turomas.unanimecreativos.com\/pt\/#website\"},\"datePublished\":\"2025-07-30T11:07:30+00:00\",\"dateModified\":\"2026-03-25T08:20:17+00:00\",\"breadcrumb\":{\"@id\":\"https:\/\/turomas.unanimecreativos.com\/pt\/politica-de-cookies\/#breadcrumb\"},\"inLanguage\":\"pt-PT\",\"potentialAction\":[{\"@type\":\"ReadAction\",\"target\":[\"https:\/\/turomas.unanimecreativos.com\/pt\/politica-de-cookies\/\"]}]},{\"@type\":\"BreadcrumbList\",\"@id\":\"https:\/\/turomas.unanimecreativos.com\/pt\/politica-de-cookies\/#breadcrumb\",\"itemListElement\":[{\"@type\":\"ListItem\",\"position\":1,\"name\":\"Portada\",\"item\":\"https:\/\/turomas.unanimecreativos.com\/pt\/\"},{\"@type\":\"ListItem\",\"position\":2,\"name\":\"Pol\u00edtica de cookies\"}]},{\"@type\":\"WebSite\",\"@id\":\"https:\/\/turomas.unanimecreativos.com\/pt\/#website\",\"url\":\"https:\/\/turomas.unanimecreativos.com\/pt\/\",\"name\":\"Turomas PT\",\"description\":\"\",\"potentialAction\":[{\"@type\":\"SearchAction\",\"target\":{\"@type\":\"EntryPoint\",\"urlTemplate\":\"https:\/\/turomas.unanimecreativos.com\/pt\/?s={search_term_string}\"},\"query-input\":{\"@type\":\"PropertyValueSpecification\",\"valueRequired\":true,\"valueName\":\"search_term_string\"}}],\"inLanguage\":\"pt-PT\"}]}<\/script>\n<!-- \/ Yoast SEO plugin. -->","yoast_head_json":{"title":"Pol\u00edtica de cookies - Turomas PT","robots":{"index":"noindex","follow":"follow"},"og_locale":"pt_PT","og_type":"article","og_title":"Pol\u00edtica de cookies - Turomas PT","og_url":"https:\/\/turomas.unanimecreativos.com\/pt\/politica-de-cookies\/","og_site_name":"Turomas PT","article_modified_time":"2026-03-25T08:20:17+00:00","twitter_card":"summary_large_image","twitter_misc":{"Tempo estimado de leitura":"4 minutos"},"schema":{"@context":"https:\/\/schema.org","@graph":[{"@type":"WebPage","@id":"https:\/\/turomas.unanimecreativos.com\/pt\/politica-de-cookies\/","url":"https:\/\/turomas.unanimecreativos.com\/pt\/politica-de-cookies\/","name":"Pol\u00edtica de cookies - Turomas PT","isPartOf":{"@id":"https:\/\/turomas.unanimecreativos.com\/pt\/#website"},"datePublished":"2025-07-30T11:07:30+00:00","dateModified":"2026-03-25T08:20:17+00:00","breadcrumb":{"@id":"https:\/\/turomas.unanimecreativos.com\/pt\/politica-de-cookies\/#breadcrumb"},"inLanguage":"pt-PT","potentialAction":[{"@type":"ReadAction","target":["https:\/\/turomas.unanimecreativos.com\/pt\/politica-de-cookies\/"]}]},{"@type":"BreadcrumbList","@id":"https:\/\/turomas.unanimecreativos.com\/pt\/politica-de-cookies\/#breadcrumb","itemListElement":[{"@type":"ListItem","position":1,"name":"Portada","item":"https:\/\/turomas.unanimecreativos.com\/pt\/"},{"@type":"ListItem","position":2,"name":"Pol\u00edtica de cookies"}]},{"@type":"WebSite","@id":"https:\/\/turomas.unanimecreativos.com\/pt\/#website","url":"https:\/\/turomas.unanimecreativos.com\/pt\/","name":"Turomas PT","description":"","potentialAction":[{"@type":"SearchAction","target":{"@type":"EntryPoint","urlTemplate":"https:\/\/turomas.unanimecreativos.com\/pt\/?s={search_term_string}"},"query-input":{"@type":"PropertyValueSpecification","valueRequired":true,"valueName":"search_term_string"}}],"inLanguage":"pt-PT"}]}},"_links":{"self":[{"href":"https:\/\/turomas.unanimecreativos.com\/pt\/wp-json\/wp\/v2\/pages\/95","targetHints":{"allow":["GET"]}}],"collection":[{"href":"https:\/\/turomas.unanimecreativos.com\/pt\/wp-json\/wp\/v2\/pages"}],"about":[{"href":"https:\/\/turomas.unanimecreativos.com\/pt\/wp-json\/wp\/v2\/types\/page"}],"author":[{"embeddable":true,"href":"https:\/\/turomas.unanimecreativos.com\/pt\/wp-json\/wp\/v2\/users\/1"}],"replies":[{"embeddable":true,"href":"https:\/\/turomas.unanimecreativos.com\/pt\/wp-json\/wp\/v2\/comments?post=95"}],"version-history":[{"count":2,"href":"https:\/\/turomas.unanimecreativos.com\/pt\/wp-json\/wp\/v2\/pages\/95\/revisions"}],"predecessor-version":[{"id":5840,"href":"https:\/\/turomas.unanimecreativos.com\/pt\/wp-json\/wp\/v2\/pages\/95\/revisions\/5840"}],"wp:attachment":[{"href":"https:\/\/turomas.unanimecreativos.com\/pt\/wp-json\/wp\/v2\/media?parent=95"}],"curies":[{"name":"wp","href":"https:\/\/api.w.org\/{rel}","templated":true}]}}