
{"id":97,"date":"2025-07-30T13:07:42","date_gmt":"2025-07-30T11:07:42","guid":{"rendered":"https:\/\/turomas.unanimecreativos.com\/?page_id=97"},"modified":"2026-03-27T10:05:16","modified_gmt":"2026-03-27T09:05:16","slug":"politica-de-privacidade","status":"publish","type":"page","link":"https:\/\/turomas.unanimecreativos.com\/pt\/politica-de-privacidade\/","title":{"rendered":"Pol\u00edtica de privacidad"},"content":{"rendered":"\n\t<section class=\"section\" id=\"section_1954574620\">\n\t\t<div class=\"section-bg fill\" >\n\t\t\t\t\t\t\t\t\t\n\t\t\t\n\n\t\t<\/div>\n\n\t\t\n\n\t\t<div class=\"section-content relative\">\n\t\t\t\n<div class=\"row\"  id=\"row-644343606\">\n\n\t<div id=\"col-1497409232\" class=\"col small-12 large-12\"  >\n\t\t\t\t<div class=\"col-inner\"  >\n\t\t\t\n\t\t\t\n\t<div id=\"gap-1202437517\" class=\"gap-element clearfix\" style=\"display:block; height:auto;\">\n\t\t\n<style>\n#gap-1202437517 {\n  padding-top: 50px;\n}\n<\/style>\n\t<\/div>\n\t\n\t<div id=\"text-642463335\" class=\"text fw-500\">\n\t\t\n<p>Pol\u00edtica de Privacidade<\/p>\n\t\t\n<style>\n#text-642463335 {\n  font-size: 2rem;\n}\n<\/style>\n\t<\/div>\n\t\n\t<div id=\"text-3022602750\" class=\"text fw-500\">\n\t\t\n<p>1. INFORMA\u00c7\u00c3O AO UTILIZADOR<\/p>\n\t\t\n<style>\n#text-3022602750 {\n  font-size: 1rem;\n}\n<\/style>\n\t<\/div>\n\t\n\t<div id=\"text-3729114413\" class=\"text fw-500\">\n\t\t\n<p>Quem \u00e9 o respons\u00e1vel pelo tratamento dos seus dados pessoais?<\/p>\n\t\t\n<style>\n#text-3729114413 {\n  font-size: 1rem;\n}\n<\/style>\n\t<\/div>\n\t\n\t<div id=\"text-2355118946\" class=\"text\">\n\t\t\n<p>A TUROMAS S.L. \u00e9 a RESPONS\u00c1VEL pelo tratamento dos dados pessoais do UTILIZADOR e informa-o de que esses dados ser\u00e3o tratados em conformidade com o disposto no Regulamento (UE) 2016\/679, de 27 de abril (RGPD), e na Lei Org\u00e2nica 3\/2018, de 5 de dezembro (LOPDGDD).<\/p>\n\t\t\n<style>\n#text-2355118946 {\n  font-size: 1rem;\n}\n<\/style>\n\t<\/div>\n\t\n\t<div id=\"text-2334581735\" class=\"text fw-500\">\n\t\t\n<p>Para que tratamos os seus dados pessoais?<\/p>\n\t\t\n<style>\n#text-2334581735 {\n  font-size: 1rem;\n}\n<\/style>\n\t<\/div>\n\t\n\t<div id=\"text-2371645632\" class=\"text\">\n\t\t\n<p>Para manter uma rela\u00e7\u00e3o comercial com o utilizador. As opera\u00e7\u00f5es previstas para o tratamento s\u00e3o:<\/p>\n<ul>\n<li>Envio de comunica\u00e7\u00f5es comerciais e publicit\u00e1rias por e-mail, fax, SMS, MMS, redes sociais ou qualquer outro meio eletr\u00f3nico ou f\u00edsico, presente ou futuro, que permita a realiza\u00e7\u00e3o de comunica\u00e7\u00f5es comerciais. Estas comunica\u00e7\u00f5es ser\u00e3o realizadas pelo RESPONS\u00c1VEL e estar\u00e3o relacionadas com os seus produtos e servi\u00e7os, ou com os dos seus colaboradores ou fornecedores, com os quais tenha celebrado algum acordo de promo\u00e7\u00e3o. Neste caso, os terceiros nunca ter\u00e3o acesso aos dados pessoais.<\/li>\n<li>Realizar estudos de mercado e an\u00e1lises estat\u00edsticas.<\/li>\n<li>Processar encomendas, pedidos, responder a consultas ou a qualquer tipo de pedido que seja feito pelo UTILIZADOR atrav\u00e9s de qualquer uma das formas de contacto disponibilizadas no site do RESPONS\u00c1VEL..<\/li>\n<li>Enviar a newsletter online sobre novidades, ofertas e promo\u00e7\u00f5es na nossa atividade.<\/li>\n<\/ul>\n\t\t\n<style>\n#text-2371645632 {\n  font-size: 1rem;\n}\n<\/style>\n\t<\/div>\n\t\n\t<div id=\"text-142422162\" class=\"text fw-500\">\n\t\t\n<p>Por que motivo podemos tratar os seus dados pessoais?<\/p>\n\t\t\n<style>\n#text-142422162 {\n  font-size: 1rem;\n}\n<\/style>\n\t<\/div>\n\t\n\t<div id=\"text-3900302518\" class=\"text\">\n\t\t\n<p>Porque o tratamento \u00e9 legitimado pelo artigo 6.\u00ba do RGPD da seguinte forma:<\/p>\n<ul>\n<li>Com o consentimento do UTILIZADOR: envio de comunica\u00e7\u00f5es comerciais e da newsletter.<\/li>\n<li>Por interesse leg\u00edtimo do RESPONS\u00c1VEL: realizar estudos de mercado, an\u00e1lises estat\u00edsticas, etc., e processar encomendas, pedidos, etc., a pedido do UTILIZADOR.<\/li>\n<\/ul>\n\t\t\n<style>\n#text-3900302518 {\n  font-size: 1rem;\n}\n<\/style>\n\t<\/div>\n\t\n\t<div id=\"text-4004312457\" class=\"text fw-500\">\n\t\t\n<p>Durante quanto tempo guardaremos os seus dados pessoais?<\/p>\n\t\t\n<style>\n#text-4004312457 {\n  font-size: 1rem;\n}\n<\/style>\n\t<\/div>\n\t\n\t<div id=\"text-339266857\" class=\"text\">\n\t\t\n<p>Ser\u00e3o conservados apenas durante o tempo necess\u00e1rio para cumprir a finalidade do tratamento ou enquanto existirem prescri\u00e7\u00f5es legais que determinem a sua conserva\u00e7\u00e3o e, quando j\u00e1 n\u00e3o for necess\u00e1rio para tal, ser\u00e3o eliminados com medidas de seguran\u00e7a adequadas para garantir a anonimiza\u00e7\u00e3o dos dados ou a sua destrui\u00e7\u00e3o total.<\/p>\n\t\t\n<style>\n#text-339266857 {\n  font-size: 1rem;\n}\n<\/style>\n\t<\/div>\n\t\n\t<div id=\"text-2784822385\" class=\"text fw-500\">\n\t\t\n<p>A quem fornecemos os seus dados pessoais?<\/p>\n\t\t\n<style>\n#text-2784822385 {\n  font-size: 1rem;\n}\n<\/style>\n\t<\/div>\n\t\n\t<div id=\"text-1275864474\" class=\"text\">\n\t\t\n<p>\u00a0N\u00e3o est\u00e1 prevista qualquer comunica\u00e7\u00e3o de dados pessoais a terceiros, salvo se tal for necess\u00e1rio para o desenvolvimento e execu\u00e7\u00e3o das finalidades do tratamento, aos nossos prestadores de servi\u00e7os relacionados com comunica\u00e7\u00f5es, com os quais o RESPONS\u00c1VEL tem celebrados os contratos de confidencialidade e de subcontratante exigidos pela legisla\u00e7\u00e3o em vigor em mat\u00e9ria de privacidade. Quais s\u00e3o os seus direitos? Os direitos do UTILIZADOR s\u00e3o:<\/p>\n<ul>\n<li>Direito de retirar o consentimento a qualquer momento.<\/li>\n<li>Direito de acesso, retifica\u00e7\u00e3o, portabilidade e supress\u00e3o dos seus dados, bem como de limita\u00e7\u00e3o ou oposi\u00e7\u00e3o ao seu tratamento.<\/li>\n<li>Direito de apresentar uma reclama\u00e7\u00e3o junto da autoridade de controlo (www.aepd.es) se considerar que o tratamento n\u00e3o est\u00e1 em conformidade com a legisla\u00e7\u00e3o em vigor.<\/li>\n<\/ul>\n<p><strong>Dados de contacto para exercer os seus direitos:<\/strong> TUROMAS S.L. CARRETERA ESTACI\u00d3N, KM. 15,8, \u2013 44415 Rubielos de Mora (Teruel). E-mail: info@turomas.com<\/p>\n\t\t\n<style>\n#text-1275864474 {\n  font-size: 1rem;\n}\n<\/style>\n\t<\/div>\n\t\n\t<div id=\"text-773965718\" class=\"text fw-500\">\n\t\t\n<p>2.  CAR\u00c1CTER OBRIGAT\u00d3RIO OU FACULTATIVO DAS INFORMA\u00c7\u00d5ES FORNECIDAS PELO UTILIZADOR<\/p>\n\t\t\n<style>\n#text-773965718 {\n  font-size: 1rem;\n}\n<\/style>\n\t<\/div>\n\t\n\t<div id=\"text-2611793435\" class=\"text\">\n\t\t\n<p>Os UTILIZADORES, ao assinalar as caixas correspondentes e ao introduzir dados nos campos assinalados com um asterisco (*) no formul\u00e1rio de contacto ou apresentados nos formul\u00e1rios de download, aceitam expressamente, de forma livre e inequ\u00edvoca, que os seus dados s\u00e3o necess\u00e1rios para que o prestador possa dar resposta ao seu pedido, sendo volunt\u00e1ria a inclus\u00e3o de dados nos restantes campos. O UTILIZADOR garante que os dados pessoais fornecidos ao RESPONS\u00c1VEL s\u00e3o verdadeiros e responsabiliza-se por comunicar qualquer altera\u00e7\u00e3o dos mesmos.<\/p>\n<p>O RESPONS\u00c1VEL informa que todos os dados solicitados atrav\u00e9s do site s\u00e3o obrigat\u00f3rios, uma vez que s\u00e3o necess\u00e1rios para a presta\u00e7\u00e3o de um servi\u00e7o de excel\u00eancia ao UTILIZADOR. Caso n\u00e3o sejam fornecidos todos os dados, n\u00e3o se garante que as informa\u00e7\u00f5es e os servi\u00e7os prestados correspondam plenamente \u00e0s suas necessidades.<\/p>\n\t\t\n<style>\n#text-2611793435 {\n  font-size: 1rem;\n}\n<\/style>\n\t<\/div>\n\t\n\t<div id=\"text-3451790114\" class=\"text fw-500\">\n\t\t\n<p>3. MEDIDAS DE SEGURAN\u00c7A<\/p>\n\t\t\n<style>\n#text-3451790114 {\n  font-size: 1rem;\n}\n<\/style>\n\t<\/div>\n\t\n\t<div id=\"text-1900179392\" class=\"text\">\n\t\t\n<p>Que, em conformidade com o disposto na legisla\u00e7\u00e3o em vigor em mat\u00e9ria de prote\u00e7\u00e3o de dados pessoais, o RESPONS\u00c1VEL cumpre todas as disposi\u00e7\u00f5es dos regulamentos RGPD e LOPDGDD para o tratamento dos dados pessoais sob a sua responsabilidade, e manifestamente os princ\u00edpios descritos no artigo 5.\u00ba do RGPD, segundo os quais os dados s\u00e3o tratados de forma l\u00edcita, leal e transparente em rela\u00e7\u00e3o ao titular dos dados e adequados, pertinentes e limitados ao necess\u00e1rio em rela\u00e7\u00e3o \u00e0s finalidades para as quais s\u00e3o tratados.<\/p>\n<p>O RESPONS\u00c1VEL garante que implementou pol\u00edticas t\u00e9cnicas e organizativas adequadas para aplicar as medidas de seguran\u00e7a estabelecidas pelo RGPD e pela LOPDGDD, com o objetivo de proteger os direitos e liberdades dos UTILIZADORES, e que lhes comunicou as informa\u00e7\u00f5es adequadas para que possam exerc\u00ea-los.<\/p>\n<p>Para mais informa\u00e7\u00f5es sobre as garantias de privacidade, pode contactar o RESPONS\u00c1VEL atrav\u00e9s da TUROMAS S.L. CARRETERA ESTACI\u00d3N, KM. 15,8, \u2013 44415 Rubielos de Mora (Teruel). E-mail: info@turomas.com<\/p>\n\t\t\n<style>\n#text-1900179392 {\n  font-size: 1rem;\n}\n<\/style>\n\t<\/div>\n\t\n\t<div id=\"gap-1492706036\" class=\"gap-element clearfix\" style=\"display:block; height:auto;\">\n\t\t\n<style>\n#gap-1492706036 {\n  padding-top: 50px;\n}\n<\/style>\n\t<\/div>\n\t\n\t\t<\/div>\n\t\t\t\t\t<\/div>\n\n\t\n<\/div>\n\t\t<\/div>\n\n\t\t\n<style>\n#section_1954574620 {\n  padding-top: 30px;\n  padding-bottom: 30px;\n}\n<\/style>\n\t<\/section>\n\t\n","protected":false},"excerpt":{"rendered":"","protected":false},"author":1,"featured_media":0,"parent":0,"menu_order":0,"comment_status":"closed","ping_status":"closed","template":"","meta":{"_acf_changed":false,"footnotes":""},"class_list":["post-97","page","type-page","status-publish","hentry"],"acf":[],"yoast_head":"<!-- This site is optimized with the Yoast SEO plugin v27.1.1 - https:\/\/yoast.com\/product\/yoast-seo-wordpress\/ -->\n<title>Pol\u00edtica de privacidad - Turomas PT<\/title>\n<meta name=\"robots\" content=\"noindex, follow\" \/>\n<meta property=\"og:locale\" content=\"pt_PT\" \/>\n<meta property=\"og:type\" content=\"article\" \/>\n<meta property=\"og:title\" content=\"Pol\u00edtica de privacidad - Turomas PT\" \/>\n<meta property=\"og:url\" content=\"https:\/\/turomas.unanimecreativos.com\/pt\/politica-de-privacidade\/\" \/>\n<meta property=\"og:site_name\" content=\"Turomas PT\" \/>\n<meta property=\"article:modified_time\" content=\"2026-03-27T09:05:16+00:00\" \/>\n<meta name=\"twitter:card\" content=\"summary_large_image\" \/>\n<meta name=\"twitter:label1\" content=\"Tempo estimado de leitura\" \/>\n\t<meta name=\"twitter:data1\" content=\"5 minutos\" \/>\n<script type=\"application\/ld+json\" class=\"yoast-schema-graph\">{\"@context\":\"https:\/\/schema.org\",\"@graph\":[{\"@type\":\"WebPage\",\"@id\":\"https:\/\/turomas.unanimecreativos.com\/pt\/politica-de-privacidade\/\",\"url\":\"https:\/\/turomas.unanimecreativos.com\/pt\/politica-de-privacidade\/\",\"name\":\"Pol\u00edtica de privacidad - Turomas PT\",\"isPartOf\":{\"@id\":\"https:\/\/turomas.unanimecreativos.com\/pt\/#website\"},\"datePublished\":\"2025-07-30T11:07:42+00:00\",\"dateModified\":\"2026-03-27T09:05:16+00:00\",\"breadcrumb\":{\"@id\":\"https:\/\/turomas.unanimecreativos.com\/pt\/politica-de-privacidade\/#breadcrumb\"},\"inLanguage\":\"pt-PT\",\"potentialAction\":[{\"@type\":\"ReadAction\",\"target\":[\"https:\/\/turomas.unanimecreativos.com\/pt\/politica-de-privacidade\/\"]}]},{\"@type\":\"BreadcrumbList\",\"@id\":\"https:\/\/turomas.unanimecreativos.com\/pt\/politica-de-privacidade\/#breadcrumb\",\"itemListElement\":[{\"@type\":\"ListItem\",\"position\":1,\"name\":\"Portada\",\"item\":\"https:\/\/turomas.unanimecreativos.com\/pt\/\"},{\"@type\":\"ListItem\",\"position\":2,\"name\":\"Pol\u00edtica de privacidad\"}]},{\"@type\":\"WebSite\",\"@id\":\"https:\/\/turomas.unanimecreativos.com\/pt\/#website\",\"url\":\"https:\/\/turomas.unanimecreativos.com\/pt\/\",\"name\":\"Turomas PT\",\"description\":\"\",\"potentialAction\":[{\"@type\":\"SearchAction\",\"target\":{\"@type\":\"EntryPoint\",\"urlTemplate\":\"https:\/\/turomas.unanimecreativos.com\/pt\/?s={search_term_string}\"},\"query-input\":{\"@type\":\"PropertyValueSpecification\",\"valueRequired\":true,\"valueName\":\"search_term_string\"}}],\"inLanguage\":\"pt-PT\"}]}<\/script>\n<!-- \/ Yoast SEO plugin. -->","yoast_head_json":{"title":"Pol\u00edtica de privacidad - Turomas PT","robots":{"index":"noindex","follow":"follow"},"og_locale":"pt_PT","og_type":"article","og_title":"Pol\u00edtica de privacidad - Turomas PT","og_url":"https:\/\/turomas.unanimecreativos.com\/pt\/politica-de-privacidade\/","og_site_name":"Turomas PT","article_modified_time":"2026-03-27T09:05:16+00:00","twitter_card":"summary_large_image","twitter_misc":{"Tempo estimado de leitura":"5 minutos"},"schema":{"@context":"https:\/\/schema.org","@graph":[{"@type":"WebPage","@id":"https:\/\/turomas.unanimecreativos.com\/pt\/politica-de-privacidade\/","url":"https:\/\/turomas.unanimecreativos.com\/pt\/politica-de-privacidade\/","name":"Pol\u00edtica de privacidad - Turomas PT","isPartOf":{"@id":"https:\/\/turomas.unanimecreativos.com\/pt\/#website"},"datePublished":"2025-07-30T11:07:42+00:00","dateModified":"2026-03-27T09:05:16+00:00","breadcrumb":{"@id":"https:\/\/turomas.unanimecreativos.com\/pt\/politica-de-privacidade\/#breadcrumb"},"inLanguage":"pt-PT","potentialAction":[{"@type":"ReadAction","target":["https:\/\/turomas.unanimecreativos.com\/pt\/politica-de-privacidade\/"]}]},{"@type":"BreadcrumbList","@id":"https:\/\/turomas.unanimecreativos.com\/pt\/politica-de-privacidade\/#breadcrumb","itemListElement":[{"@type":"ListItem","position":1,"name":"Portada","item":"https:\/\/turomas.unanimecreativos.com\/pt\/"},{"@type":"ListItem","position":2,"name":"Pol\u00edtica de privacidad"}]},{"@type":"WebSite","@id":"https:\/\/turomas.unanimecreativos.com\/pt\/#website","url":"https:\/\/turomas.unanimecreativos.com\/pt\/","name":"Turomas PT","description":"","potentialAction":[{"@type":"SearchAction","target":{"@type":"EntryPoint","urlTemplate":"https:\/\/turomas.unanimecreativos.com\/pt\/?s={search_term_string}"},"query-input":{"@type":"PropertyValueSpecification","valueRequired":true,"valueName":"search_term_string"}}],"inLanguage":"pt-PT"}]}},"_links":{"self":[{"href":"https:\/\/turomas.unanimecreativos.com\/pt\/wp-json\/wp\/v2\/pages\/97","targetHints":{"allow":["GET"]}}],"collection":[{"href":"https:\/\/turomas.unanimecreativos.com\/pt\/wp-json\/wp\/v2\/pages"}],"about":[{"href":"https:\/\/turomas.unanimecreativos.com\/pt\/wp-json\/wp\/v2\/types\/page"}],"author":[{"embeddable":true,"href":"https:\/\/turomas.unanimecreativos.com\/pt\/wp-json\/wp\/v2\/users\/1"}],"replies":[{"embeddable":true,"href":"https:\/\/turomas.unanimecreativos.com\/pt\/wp-json\/wp\/v2\/comments?post=97"}],"version-history":[{"count":3,"href":"https:\/\/turomas.unanimecreativos.com\/pt\/wp-json\/wp\/v2\/pages\/97\/revisions"}],"predecessor-version":[{"id":5959,"href":"https:\/\/turomas.unanimecreativos.com\/pt\/wp-json\/wp\/v2\/pages\/97\/revisions\/5959"}],"wp:attachment":[{"href":"https:\/\/turomas.unanimecreativos.com\/pt\/wp-json\/wp\/v2\/media?parent=97"}],"curies":[{"name":"wp","href":"https:\/\/api.w.org\/{rel}","templated":true}]}}