
{"id":977,"date":"2025-09-18T16:21:56","date_gmt":"2025-09-18T14:21:56","guid":{"rendered":"https:\/\/turomas.unanimecreativos.com\/?page_id=977"},"modified":"2025-09-18T16:21:56","modified_gmt":"2025-09-18T14:21:56","slug":"comparador","status":"publish","type":"page","link":"https:\/\/turomas.unanimecreativos.com\/pt\/comparador\/","title":{"rendered":"Comparador"},"content":{"rendered":"<section class=\"section-comparador\">\n    <div class=\"row\">\n        <div class=\"col small-12 medium-12 large-12 comparador-title-col\">\n            <div class=\"col-inner\">\n                <h1>\n                    Comparador                <\/h1>\n            <\/div>\n        <\/div>\n    <\/div>\n    <div id=\"turomas-comparator\" class=\"turomas-comparator\" data-max=\"4\">\n        <div class=\"tc-tabs\" role=\"tablist\"><\/div>\n        <div class=\"tc-panels\"><\/div>\n    <\/div>\n<\/section>\n<span class=\"scroll-to\" data-label=\"Scroll to: #contacto\" data-bullet=\"false\" data-link=\"#contacto\" data-title=\"contacto\"><a name=\"contacto\"><\/a><\/span>\n\n\t<div id=\"gap-792062509\" class=\"gap-element clearfix\" style=\"display:block; height:auto;\">\n\t\t\n<style>\n#gap-792062509 {\n  padding-top: 80px;\n}\n@media (min-width:550px) {\n  #gap-792062509 {\n    padding-top: 30px;\n  }\n}\n<\/style>\n\t<\/div>\n\t\n\n\n\t<section class=\"section\" id=\"section_1765945861\">\n\t\t<div class=\"section-bg fill\" >\n\t\t\t\t\t\t\t\t\t\n\t\t\t\n\n\t\t<\/div>\n\n\t\t\n\n\t\t<div class=\"section-content relative\">\n\t\t\t\n\n<div class=\"row row-collapse row-full-width align-equal\"  id=\"row-2138161871\">\n\n\n\t<div id=\"col-1720208678\" class=\"col image-height-fit medium-6 small-12 large-6\"  data-animate=\"fadeInLeft\">\n\t\t\t\t<div class=\"col-inner\"  >\n\t\t\t\n\t\t\t\n\n\t<div class=\"img has-hover x md-x lg-x y md-y lg-y\" id=\"image_2052063162\">\n\t\t\t\t\t\t\t\t<div class=\"img-inner dark\" >\n\t\t\t<img loading=\"lazy\" decoding=\"async\" width=\"950\" height=\"994\" src=\"https:\/\/turomas.unanimecreativos.com\/pt\/wp-content\/uploads\/2025\/09\/contacto-image-left-3.jpg\" class=\"attachment-large size-large\" alt=\"\" srcset=\"https:\/\/turomas.unanimecreativos.com\/pt\/wp-content\/uploads\/2025\/09\/contacto-image-left-3.jpg 950w, https:\/\/turomas.unanimecreativos.com\/pt\/wp-content\/uploads\/2025\/09\/contacto-image-left-3-287x300.jpg 287w, https:\/\/turomas.unanimecreativos.com\/pt\/wp-content\/uploads\/2025\/09\/contacto-image-left-3-768x804.jpg 768w\" sizes=\"auto, (max-width: 950px) 100vw, 950px\" \/>\t\t\t\t\t\t\n\t\t\t\t\t<\/div>\n\t\t\t\t\t\t\t\t\n<style>\n#image_2052063162 {\n  width: 100%;\n}\n<\/style>\n\t<\/div>\n\t\n\n\n\t\t<\/div>\n\t\t\t\t\t<\/div>\n\n\t\n\n\t<div id=\"col-1966319861\" class=\"col medium-6 small-12 large-6 small-col-first\"  data-animate=\"fadeInUp\">\n\t\t\t\t<div class=\"col-inner\"  >\n\t\t\t\n\t\t\t\n\n\t<div id=\"text-1738737142\" class=\"text fw-200 txt-m-0 pretitle\">\n\t\t\n\n<p>A nossa paix\u00e3o, o seu progresso<\/p>\n\t\t\n<style>\n#text-1738737142 {\n  font-size: 1.25rem;\n}\n<\/style>\n\t<\/div>\n\t\n\t<div id=\"gap-557597561\" class=\"gap-element clearfix\" style=\"display:block; height:auto;\">\n\t\t\n<style>\n#gap-557597561 {\n  padding-top: 7px;\n}\n<\/style>\n\t<\/div>\n\t\n\n\t<div id=\"text-3916679219\" class=\"text txt-m-0\">\n\t\t\n\n<h2>Oferecemos consultoria<\/h2>\n\t\t\n<style>\n#text-3916679219 {\n  font-size: 2.5rem;\n  line-height: 1.2;\n  color: #7c7c7c;\n}\n#text-3916679219 > * {\n  color: #7c7c7c;\n}\n@media (min-width:550px) {\n  #text-3916679219 {\n    font-size: 3rem;\n  }\n}\n@media (min-width:850px) {\n  #text-3916679219 {\n    font-size: 3.5rem;\n  }\n}\n<\/style>\n\t<\/div>\n\t\n\t<div id=\"gap-928500747\" class=\"gap-element clearfix\" style=\"display:block; height:auto;\">\n\t\t\n<style>\n#gap-928500747 {\n  padding-top: 30px;\n}\n<\/style>\n\t<\/div>\n\t\n\n\t<div id=\"text-3771295861\" class=\"text fw-300\">\n\t\t\n\n<p>Servi\u00e7os de assist\u00eancia e manuten\u00e7\u00e3o, incluindo pe\u00e7as sobresselentes, suporte remoto, assist\u00eancia t\u00e9cnica certificada e atendimento fora do hor\u00e1rio de trabalho.<\/p>\n\t\t\n<style>\n#text-3771295861 {\n  font-size: 1rem;\n  line-height: 1.3;\n}\n@media (min-width:550px) {\n  #text-3771295861 {\n    font-size: 1.125rem;\n  }\n}\n<\/style>\n\t<\/div>\n\t\n\n\n<div class=\"frm_forms  with_frm_style frm_style_estilo-de-formidable\" id=\"frm_form_2_container\" >\n<form enctype=\"multipart\/form-data\" method=\"post\" class=\"frm-show-form  frm_pro_form \" id=\"form_contact-form\" >\n<div class=\"frm_form_fields \">\n<fieldset>\n<legend class=\"frm_screen_reader\">Contacto<\/legend>\r\n\r\n<div class=\"frm_fields_container\">\n<input type=\"hidden\" name=\"frm_action\" value=\"create\" \/>\n<input type=\"hidden\" name=\"form_id\" value=\"2\" \/>\n<input type=\"hidden\" name=\"frm_hide_fields_2\" id=\"frm_hide_fields_2\" value=\"\" \/>\n<input type=\"hidden\" name=\"form_key\" value=\"contact-form\" \/>\n<input type=\"hidden\" name=\"item_meta[0]\" value=\"\" \/>\n<input type=\"hidden\" id=\"frm_submit_entry_2\" name=\"frm_submit_entry_2\" value=\"7c64dcd0e9\" \/><input type=\"hidden\" name=\"_wp_http_referer\" value=\"\/pt\/wp-json\/wp\/v2\/pages\/977\" \/><div id=\"frm_field_6_container\" class=\"frm_form_field form-field  frm_required_field frm_none_container\">\r\n\t<label for=\"field_c1672\" id=\"field_c1672_label\" class=\"frm_primary_label\">Empresa\r\n\t\t<span class=\"frm_required\" aria-hidden=\"true\">*<\/span>\r\n\t<\/label>\r\n\t<input  type=\"text\" id=\"field_c1672\" name=\"item_meta[6]\" value=\"\"  placeholder=\"Empresa *\" data-reqmsg=\"Empresa n\u00e3o pode ficar em branco\" aria-required=\"true\" data-invmsg=\"Empresa no es v\u00e1lido\" aria-invalid=\"false\"   \/>\r\n\t\r\n\t\r\n<\/div>\n<div id=\"frm_field_7_container\" class=\"frm_form_field form-field  frm_required_field frm_none_container\">\r\n\t<label for=\"field_ks4y9\" id=\"field_ks4y9_label\" class=\"frm_primary_label\">Pessoa de contacto\r\n\t\t<span class=\"frm_required\" aria-hidden=\"true\">*<\/span>\r\n\t<\/label>\r\n\t<input  type=\"text\" id=\"field_ks4y9\" name=\"item_meta[7]\" value=\"\"  placeholder=\"Pessoa de contacto *\" data-reqmsg=\"Pessoa de contacto n\u00e3o pode ficar em branco\" aria-required=\"true\" data-invmsg=\"Pessoa de contacto no es v\u00e1lido\" aria-invalid=\"false\"   \/>\r\n\t\r\n\t\r\n<\/div>\n<div id=\"frm_field_8_container\" class=\"frm_form_field form-field  frm_required_field frm_none_container frm_full\">\r\n\t<label for=\"field_29yf4d\" id=\"field_29yf4d_label\" class=\"frm_primary_label\">Email\r\n\t\t<span class=\"frm_required\" aria-hidden=\"true\">*<\/span>\r\n\t<\/label>\r\n\t<input type=\"email\" id=\"field_29yf4d\" name=\"item_meta[8]\" value=\"\"  placeholder=\"Email *\" data-reqmsg=\"Email n\u00e3o pode ficar em branco\" aria-required=\"true\" data-invmsg=\"Por favor, introduza um endere\u00e7o de e-mail v\u00e1lido\" aria-invalid=\"false\"  \/>\r\n\t\r\n\t\r\n<\/div>\n<div id=\"frm_field_9_container\" class=\"frm_form_field form-field  frm_required_field frm_none_container\">\r\n\t<label for=\"field_5mma\" id=\"field_5mma_label\" class=\"frm_primary_label\">Telefone \r\n\t\t<span class=\"frm_required\" aria-hidden=\"true\">*<\/span>\r\n\t<\/label>\r\n\t<input type=\"tel\" id=\"field_5mma\" name=\"item_meta[9]\" value=\"\"  placeholder=\"Telefone *\" data-reqmsg=\"Telefone  n\u00e3o pode ficar em branco\" aria-required=\"true\" data-invmsg=\"Telefone  n\u00e3o \u00e9 v\u00e1lido\" aria-invalid=\"false\" pattern=\"((\\+\\d{1,3}(-|.| )?\\(?\\d\\)?(-| |.)?\\d{1,5})|(\\(?\\d{2,6}\\)?))(-|.| )?(\\d{3,4})(-|.| )?(\\d{4})(( x| ext)\\d{1,5}){0,1}$\"  \/>\r\n\t\r\n\t\r\n<\/div>\n<div id=\"frm_field_10_container\" class=\"frm_form_field form-field  frm_required_field frm_none_container\">\r\n\t<label for=\"field_k4b7l\" id=\"field_k4b7l_label\" class=\"frm_primary_label\">Pais\r\n\t\t<span class=\"frm_required\" aria-hidden=\"true\">*<\/span>\r\n\t<\/label>\r\n\t\t\t<select  name=\"item_meta[10]\" id=\"field_k4b7l\"  data-placeholder=\"Pais *\"  data-placeholder=\" \" placeholder=\"Pais *\" data-reqmsg=\"Pais n\u00e3o pode ficar em branco\" aria-required=\"true\" data-invmsg=\"Pais is invalid\" class=\"frm_slimselect\" aria-invalid=\"false\"  >\n\t\t\t\t\t\t\t<option  data-placeholder=\"true\" value=\"\" class=\"frm-select-placeholder\">\n\t\t\t\t\tPais *\t\t\t\t<\/option>\n\t\t\t\t\t\t<\/select>\n\t\t\r\n\t\r\n\t\r\n<\/div>\n<div id=\"frm_field_11_container\" class=\"frm_form_field form-field  frm_required_field frm_none_container\">\r\n\t<label for=\"field_y9ulk\" id=\"field_y9ulk_label\" class=\"frm_primary_label\">Provincia\r\n\t\t<span class=\"frm_required\" aria-hidden=\"true\">*<\/span>\r\n\t<\/label>\r\n\t\t\t<select  name=\"item_meta[11]\" id=\"field_y9ulk\"  data-placeholder=\"Provincia *\"  data-placeholder=\" \" placeholder=\"Provincia *\" data-reqmsg=\"Provincia n\u00e3o pode ficar em branco\" aria-required=\"true\" data-invmsg=\"Provincia is invalid\" class=\"frm_slimselect\" aria-invalid=\"false\"  >\n\t\t\t\t\t\t\t<option  data-placeholder=\"true\" value=\"\" class=\"frm-select-placeholder\">\n\t\t\t\t\tProvincia *\t\t\t\t<\/option>\n\t\t\t\t\t\t<\/select>\n\t\t\r\n\t\r\n\t\r\n<\/div>\n<div id=\"frm_field_12_container\" class=\"frm_form_field form-field  frm_none_container frm_full\">\r\n\t<label for=\"field_9jv0r1\" id=\"field_9jv0r1_label\" class=\"frm_primary_label\">Mensagem\r\n\t\t<span class=\"frm_required\" aria-hidden=\"true\"><\/span>\r\n\t<\/label>\r\n\t<textarea name=\"item_meta[12]\" id=\"field_9jv0r1\" rows=\"5\"  placeholder=\"Mensagem *\" data-invmsg=\"Mensagem n\u00e3o \u00e9 v\u00e1lido\" aria-invalid=\"false\"  ><\/textarea>\r\n\t\r\n\t\r\n<\/div>\n<div id=\"frm_field_13_container\" class=\"frm_form_field form-field  frm_required_field frm_none_container vertical_radio\">\r\n\t<div  id=\"field_crsvq_label\" class=\"frm_primary_label\">RGPD\r\n\t\t<span class=\"frm_required\" aria-hidden=\"true\">*<\/span>\r\n\t<\/div>\r\n\t<div class=\"frm_opt_container\" aria-labelledby=\"field_crsvq_label\" role=\"group\">\t\t<div class=\"frm_checkbox\" id=\"frm_checkbox_13-0\">\t\t\t<label  for=\"field_crsvq-0\">\n\t\t\t<input type=\"checkbox\" name=\"item_meta[13][]\" id=\"field_crsvq-0\" value=\"Li e aceito a &lt;a href=&quot;\/pt\/politica-de-privacidade\/&quot; target=&quot;_blank&quot;&gt;pol\u00edtica de privacidade&lt;\/a&gt;\"  data-reqmsg=\"RGPD n\u00e3o pode ficar em branco\" data-invmsg=\"RGPD n\u00e3o \u00e9 v\u00e1lido\"   aria-required=\"true\"  \/> Li e aceito a <a href=\"\/pt\/politica-de-privacidade\/\" target=\"_blank\">pol\u00edtica de privacidade<\/a><\/label><\/div>\n<\/div>\r\n\t\r\n\t\r\n<\/div>\n<div id=\"frm_field_14_container\" class=\"frm_form_field form-field \">\r\n\t<div class=\"frm_submit frm_flex\">\r\n<button class=\"frm_button_submit frm_final_submit button primary is-outline has-icon\" type=\"submit\"   formnovalidate=\"formnovalidate\"><span>Enviar<\/span><\/button>\r\n\r\n\r\n\r\n<\/div>\r\n<\/div>\n\t<input type=\"hidden\" name=\"item_key\" value=\"\" \/>\n\t\t\t<div id=\"frm_field_169_container\">\n\t\t\t<label for=\"field_f9tsz\" >\n\t\t\t\tIf you are human, leave this field blank.\t\t\t<\/label>\n\t\t\t<input  id=\"field_f9tsz\" type=\"text\" class=\"frm_form_field form-field frm_verify\" name=\"item_meta[169]\" value=\"\"  \/>\n\t\t<\/div>\n\t\t<input name=\"frm_state\" type=\"hidden\" value=\"hi1clwZ2D6Yv5qV0GXBJmPo6dvIcXY+x3+Tm8FGat3YeYIOK8LZOFhvfhaH4CnUt\" \/><\/div>\n<\/fieldset>\n<\/div>\n\n<\/form>\n<\/div>\n\n\n\n\t\t<\/div>\n\t\t\t\t\n<style>\n#col-1966319861 > .col-inner {\n  padding: 50px 15px 50px 15px;\n}\n@media (min-width:550px) {\n  #col-1966319861 > .col-inner {\n    padding: 50px 50px 50px 50px;\n  }\n}\n@media (min-width:850px) {\n  #col-1966319861 > .col-inner {\n    padding: 80px 15% 80px 15%;\n  }\n}\n<\/style>\n\t<\/div>\n\n\t\n\n\n<style>\n#row-2138161871 > .col > .col-inner {\n  background-color: rgb(246, 246, 246);\n}\n<\/style>\n<\/div>\n\n\t\t<\/div>\n\n\t\t\n<style>\n#section_1765945861 {\n  padding-top: 0px;\n  padding-bottom: 0px;\n}\n<\/style>\n\t<\/section>\n\t\n<p>\t<div id=\"popup-ficha-tecnica\"\n\t     class=\"lightbox-by-id lightbox-content mfp-hide lightbox-white \"\n\t     style=\"max-width:650px ;padding:20px\">\n\t\t<\/p>\n<div class=\"descarga-form-text\">\n<div class=\"text txt-m-0 uppercase pretitle fw-200\">Solicita la ficha t\u00e9cnica<\/div>\n<h4>Comparador<\/h4>\n<\/div>\n<p><div class=\"frm_forms  with_frm_style frm_style_estilo-de-formidable\" id=\"frm_form_9_container\" data-token=\"e0c13e1bc878515379acb83c1e0325cd\">\n<form enctype=\"multipart\/form-data\" method=\"post\" class=\"frm-show-form  frm_ajax_submit  frm_pro_form \" id=\"form_contact-form3\" data-token=\"e0c13e1bc878515379acb83c1e0325cd\">\n<div class=\"frm_form_fields \">\n<fieldset>\n<legend class=\"frm_screen_reader\">Solicitar ficha t\u00e9cnica<\/legend>\r\n\r\n<div class=\"frm_fields_container\">\n<input type=\"hidden\" name=\"frm_action\" value=\"create\" \/>\n<input type=\"hidden\" name=\"form_id\" value=\"9\" \/>\n<input type=\"hidden\" name=\"frm_hide_fields_9\" id=\"frm_hide_fields_9\" value=\"\" \/>\n<input type=\"hidden\" name=\"form_key\" value=\"contact-form3\" \/>\n<input type=\"hidden\" name=\"item_meta[0]\" value=\"\" \/>\n<input type=\"hidden\" id=\"frm_submit_entry_9\" name=\"frm_submit_entry_9\" value=\"7c64dcd0e9\" \/><input type=\"hidden\" name=\"_wp_http_referer\" value=\"\/pt\/wp-json\/wp\/v2\/pages\/977\" \/><div id=\"frm_field_132_container\" class=\"frm_form_field form-field  frm_required_field frm_none_container\">\r\n\t<label for=\"field_c1673\" id=\"field_c1673_label\" class=\"frm_primary_label\">Empresa\r\n\t\t<span class=\"frm_required\" aria-hidden=\"true\">*<\/span>\r\n\t<\/label>\r\n\t<input  type=\"text\" id=\"field_c1673\" name=\"item_meta[132]\" value=\"\"  placeholder=\"Empresa *\" data-reqmsg=\"Empresa n\u00e3o pode ficar em branco\" aria-required=\"true\" data-invmsg=\"Empresa no es v\u00e1lido\" aria-invalid=\"false\"   \/>\r\n\t\r\n\t\r\n<\/div>\n<div id=\"frm_field_133_container\" class=\"frm_form_field form-field  frm_required_field frm_none_container\">\r\n\t<label for=\"field_ks4y93\" id=\"field_ks4y93_label\" class=\"frm_primary_label\">Persona de contacto\r\n\t\t<span class=\"frm_required\" aria-hidden=\"true\">*<\/span>\r\n\t<\/label>\r\n\t<input  type=\"text\" id=\"field_ks4y93\" name=\"item_meta[133]\" value=\"\"  placeholder=\"Pessoa de contacto *\" data-reqmsg=\"Persona de contacto n\u00e3o pode ficar em branco\" aria-required=\"true\" data-invmsg=\"Persona de contacto no es v\u00e1lido\" aria-invalid=\"false\"   \/>\r\n\t\r\n\t\r\n<\/div>\n<div id=\"frm_field_134_container\" class=\"frm_form_field form-field  frm_required_field frm_none_container frm_full\">\r\n\t<label for=\"field_29yf4d3\" id=\"field_29yf4d3_label\" class=\"frm_primary_label\">Email\r\n\t\t<span class=\"frm_required\" aria-hidden=\"true\">*<\/span>\r\n\t<\/label>\r\n\t<input type=\"email\" id=\"field_29yf4d3\" name=\"item_meta[134]\" value=\"\"  placeholder=\"Email *\" data-reqmsg=\"Email n\u00e3o pode ficar em branco\" aria-required=\"true\" data-invmsg=\"Por favor, introduza um endere\u00e7o de e-mail v\u00e1lido\" aria-invalid=\"false\"  \/>\r\n\t\r\n\t\r\n<\/div>\n<div id=\"frm_field_135_container\" class=\"frm_form_field form-field  frm_required_field frm_none_container\">\r\n\t<label for=\"field_5mma3\" id=\"field_5mma3_label\" class=\"frm_primary_label\">Tel\u00e9fono \r\n\t\t<span class=\"frm_required\" aria-hidden=\"true\">*<\/span>\r\n\t<\/label>\r\n\t<input type=\"tel\" id=\"field_5mma3\" name=\"item_meta[135]\" value=\"\"  placeholder=\"Tel\u00e9fone *\" data-reqmsg=\"Tel\u00e9fono  n\u00e3o pode ficar em branco\" aria-required=\"true\" data-invmsg=\"Tel\u00e9fono  n\u00e3o \u00e9 v\u00e1lido\" aria-invalid=\"false\" pattern=\"((\\+\\d{1,3}(-|.| )?\\(?\\d\\)?(-| |.)?\\d{1,5})|(\\(?\\d{2,6}\\)?))(-|.| )?(\\d{3,4})(-|.| )?(\\d{4})(( x| ext)\\d{1,5}){0,1}$\"  \/>\r\n\t\r\n\t\r\n<\/div>\n<div id=\"frm_field_136_container\" class=\"frm_form_field form-field  frm_required_field frm_none_container\">\r\n\t<label for=\"field_k4b7l3\" id=\"field_k4b7l3_label\" class=\"frm_primary_label\">Pa\u00eds\r\n\t\t<span class=\"frm_required\" aria-hidden=\"true\">*<\/span>\r\n\t<\/label>\r\n\t\t\t<select  name=\"item_meta[136]\" id=\"field_k4b7l3\"  data-placeholder=\"Pais *\"  data-placeholder=\" \" placeholder=\"Pais *\" data-reqmsg=\"Pa\u00eds n\u00e3o pode ficar em branco\" aria-required=\"true\" data-invmsg=\"Pa\u00eds is invalid\" class=\"frm_slimselect\" aria-invalid=\"false\"  >\n\t\t\t\t\t\t\t<option  data-placeholder=\"true\" value=\"\" class=\"frm-select-placeholder\">\n\t\t\t\t\tPais *\t\t\t\t<\/option>\n\t\t\t\t\t\t<\/select>\n\t\t\r\n\t\r\n\t\r\n<\/div>\n<div id=\"frm_field_137_container\" class=\"frm_form_field form-field  frm_required_field frm_none_container\">\r\n\t<label for=\"field_y9ulk3\" id=\"field_y9ulk3_label\" class=\"frm_primary_label\">Provincia\r\n\t\t<span class=\"frm_required\" aria-hidden=\"true\">*<\/span>\r\n\t<\/label>\r\n\t\t\t<select  name=\"item_meta[137]\" id=\"field_y9ulk3\"  data-placeholder=\"Provincia *\"  data-placeholder=\" \" placeholder=\"Provincia *\" data-reqmsg=\"Provincia n\u00e3o pode ficar em branco\" aria-required=\"true\" data-invmsg=\"Provincia is invalid\" class=\"frm_slimselect\" aria-invalid=\"false\"  >\n\t\t\t\t\t\t\t<option  data-placeholder=\"true\" value=\"\" class=\"frm-select-placeholder\">\n\t\t\t\t\tProvincia *\t\t\t\t<\/option>\n\t\t\t\t\t\t<\/select>\n\t\t\r\n\t\r\n\t\r\n<\/div>\n<input type=\"hidden\" name=\"item_meta[138]\" id=\"field_7xgg4\" value=\"Comparador\"  data-frmval=\"Comparador\"   \/>\n<div id=\"frm_field_139_container\" class=\"frm_form_field form-field  frm_required_field frm_none_container vertical_radio\">\r\n\t<div  id=\"field_crsvq3_label\" class=\"frm_primary_label\">RGPD\r\n\t\t<span class=\"frm_required\" aria-hidden=\"true\">*<\/span>\r\n\t<\/div>\r\n\t<div class=\"frm_opt_container\" aria-labelledby=\"field_crsvq3_label\" role=\"group\">\t\t<div class=\"frm_checkbox\" id=\"frm_checkbox_139-0\">\t\t\t<label  for=\"field_crsvq3-0\">\n\t\t\t<input type=\"checkbox\" name=\"item_meta[139][]\" id=\"field_crsvq3-0\" value=\"He le\u00eddo y acepto a &lt;a href=&quot;\/pt\/politica-privacidad\/&quot; target=&quot;_blank&quot;&gt;pol\u00edtica de privacidade&lt;\/a&gt;\"  data-reqmsg=\"RGPD cannot be blank.\" data-invmsg=\"RGPD no es v\u00e1lido\"   aria-required=\"true\"  \/> He le\u00eddo y acepto a <a href=\"\/pt\/politica-privacidad\/\" target=\"_blank\">pol\u00edtica de privacidade<\/a><\/label><\/div>\n<\/div>\r\n\t\r\n\t\r\n<\/div>\n<div id=\"frm_field_168_container\" class=\"frm_form_field form-field  frm_top_container\">\n\t<label for=\"field_8uvkd\" id=\"field_8uvkd_label\" class=\"frm_primary_label\">Website\/URL\n\t\t<span class=\"frm_required\" aria-hidden=\"true\"><\/span>\n\t<\/label>\n\t<input type=\"url\" id=\"field_8uvkd\" name=\"item_meta[168]\" value=\"\"  data-invmsg=\"Website\/URL is invalid\" aria-invalid=\"false\"  \/>\n\t\n\t\n<\/div>\n<div id=\"frm_field_140_container\" class=\"frm_form_field form-field \">\r\n\t<div class=\"frm_submit frm_flex\">\r\n<button class=\"frm_button_submit frm_final_submit button primary is-outline has-icon\" type=\"submit\"   formnovalidate=\"formnovalidate\"><span>Solicitar ficha t\u00e9cnica<\/span><\/button>\r\n\r\n\r\n\r\n<\/div>\r\n<\/div>\n\t<input type=\"hidden\" name=\"item_key\" value=\"\" \/>\n\t\t\t<div id=\"frm_field_170_container\">\n\t\t\t<label for=\"field_ifuoj\" >\n\t\t\t\tIf you are human, leave this field blank.\t\t\t<\/label>\n\t\t\t<input  id=\"field_ifuoj\" type=\"text\" class=\"frm_form_field form-field frm_verify\" name=\"item_meta[170]\" value=\"\"  \/>\n\t\t<\/div>\n\t\t<input name=\"frm_state\" type=\"hidden\" value=\"hi1clwZ2D6Yv5qV0GXBJmPo6dvIcXY+x3+Tm8FGat3bddfbbO5eiAcybVUPWPN37\" \/><\/div>\n<\/fieldset>\n<\/div>\n\n<\/form>\n<\/div>\n<br \/>\t<\/div>\n\t\n\t<\/p>\n","protected":false},"excerpt":{"rendered":"","protected":false},"author":1,"featured_media":0,"parent":0,"menu_order":0,"comment_status":"closed","ping_status":"closed","template":"","meta":{"_acf_changed":false,"footnotes":""},"class_list":["post-977","page","type-page","status-publish","hentry"],"acf":[],"yoast_head":"<!-- This site is optimized with the Yoast SEO plugin v27.1.1 - https:\/\/yoast.com\/product\/yoast-seo-wordpress\/ -->\n<title>Comparador - Turomas PT<\/title>\n<meta name=\"robots\" content=\"index, follow, max-snippet:-1, max-image-preview:large, max-video-preview:-1\" \/>\n<link rel=\"canonical\" href=\"https:\/\/turomas.unanimecreativos.com\/pt\/comparador\/\" \/>\n<meta property=\"og:locale\" content=\"pt_PT\" \/>\n<meta property=\"og:type\" content=\"article\" \/>\n<meta property=\"og:title\" content=\"Comparador - Turomas PT\" \/>\n<meta property=\"og:url\" content=\"https:\/\/turomas.unanimecreativos.com\/pt\/comparador\/\" \/>\n<meta property=\"og:site_name\" content=\"Turomas PT\" \/>\n<meta name=\"twitter:card\" content=\"summary_large_image\" \/>\n<meta name=\"twitter:label1\" content=\"Tempo estimado de leitura\" \/>\n\t<meta name=\"twitter:data1\" content=\"1 minuto\" \/>\n<script type=\"application\/ld+json\" class=\"yoast-schema-graph\">{\"@context\":\"https:\/\/schema.org\",\"@graph\":[{\"@type\":\"WebPage\",\"@id\":\"https:\/\/turomas.unanimecreativos.com\/pt\/comparador\/\",\"url\":\"https:\/\/turomas.unanimecreativos.com\/pt\/comparador\/\",\"name\":\"Comparador - Turomas PT\",\"isPartOf\":{\"@id\":\"https:\/\/turomas.unanimecreativos.com\/pt\/#website\"},\"datePublished\":\"2025-09-18T14:21:56+00:00\",\"breadcrumb\":{\"@id\":\"https:\/\/turomas.unanimecreativos.com\/pt\/comparador\/#breadcrumb\"},\"inLanguage\":\"pt-PT\",\"potentialAction\":[{\"@type\":\"ReadAction\",\"target\":[\"https:\/\/turomas.unanimecreativos.com\/pt\/comparador\/\"]}]},{\"@type\":\"BreadcrumbList\",\"@id\":\"https:\/\/turomas.unanimecreativos.com\/pt\/comparador\/#breadcrumb\",\"itemListElement\":[{\"@type\":\"ListItem\",\"position\":1,\"name\":\"Portada\",\"item\":\"https:\/\/turomas.unanimecreativos.com\/pt\/\"},{\"@type\":\"ListItem\",\"position\":2,\"name\":\"Comparador\"}]},{\"@type\":\"WebSite\",\"@id\":\"https:\/\/turomas.unanimecreativos.com\/pt\/#website\",\"url\":\"https:\/\/turomas.unanimecreativos.com\/pt\/\",\"name\":\"Turomas PT\",\"description\":\"\",\"potentialAction\":[{\"@type\":\"SearchAction\",\"target\":{\"@type\":\"EntryPoint\",\"urlTemplate\":\"https:\/\/turomas.unanimecreativos.com\/pt\/?s={search_term_string}\"},\"query-input\":{\"@type\":\"PropertyValueSpecification\",\"valueRequired\":true,\"valueName\":\"search_term_string\"}}],\"inLanguage\":\"pt-PT\"}]}<\/script>\n<!-- \/ Yoast SEO plugin. -->","yoast_head_json":{"title":"Comparador - Turomas PT","robots":{"index":"index","follow":"follow","max-snippet":"max-snippet:-1","max-image-preview":"max-image-preview:large","max-video-preview":"max-video-preview:-1"},"canonical":"https:\/\/turomas.unanimecreativos.com\/pt\/comparador\/","og_locale":"pt_PT","og_type":"article","og_title":"Comparador - Turomas PT","og_url":"https:\/\/turomas.unanimecreativos.com\/pt\/comparador\/","og_site_name":"Turomas PT","twitter_card":"summary_large_image","twitter_misc":{"Tempo estimado de leitura":"1 minuto"},"schema":{"@context":"https:\/\/schema.org","@graph":[{"@type":"WebPage","@id":"https:\/\/turomas.unanimecreativos.com\/pt\/comparador\/","url":"https:\/\/turomas.unanimecreativos.com\/pt\/comparador\/","name":"Comparador - Turomas PT","isPartOf":{"@id":"https:\/\/turomas.unanimecreativos.com\/pt\/#website"},"datePublished":"2025-09-18T14:21:56+00:00","breadcrumb":{"@id":"https:\/\/turomas.unanimecreativos.com\/pt\/comparador\/#breadcrumb"},"inLanguage":"pt-PT","potentialAction":[{"@type":"ReadAction","target":["https:\/\/turomas.unanimecreativos.com\/pt\/comparador\/"]}]},{"@type":"BreadcrumbList","@id":"https:\/\/turomas.unanimecreativos.com\/pt\/comparador\/#breadcrumb","itemListElement":[{"@type":"ListItem","position":1,"name":"Portada","item":"https:\/\/turomas.unanimecreativos.com\/pt\/"},{"@type":"ListItem","position":2,"name":"Comparador"}]},{"@type":"WebSite","@id":"https:\/\/turomas.unanimecreativos.com\/pt\/#website","url":"https:\/\/turomas.unanimecreativos.com\/pt\/","name":"Turomas PT","description":"","potentialAction":[{"@type":"SearchAction","target":{"@type":"EntryPoint","urlTemplate":"https:\/\/turomas.unanimecreativos.com\/pt\/?s={search_term_string}"},"query-input":{"@type":"PropertyValueSpecification","valueRequired":true,"valueName":"search_term_string"}}],"inLanguage":"pt-PT"}]}},"_links":{"self":[{"href":"https:\/\/turomas.unanimecreativos.com\/pt\/wp-json\/wp\/v2\/pages\/977","targetHints":{"allow":["GET"]}}],"collection":[{"href":"https:\/\/turomas.unanimecreativos.com\/pt\/wp-json\/wp\/v2\/pages"}],"about":[{"href":"https:\/\/turomas.unanimecreativos.com\/pt\/wp-json\/wp\/v2\/types\/page"}],"author":[{"embeddable":true,"href":"https:\/\/turomas.unanimecreativos.com\/pt\/wp-json\/wp\/v2\/users\/1"}],"replies":[{"embeddable":true,"href":"https:\/\/turomas.unanimecreativos.com\/pt\/wp-json\/wp\/v2\/comments?post=977"}],"version-history":[{"count":0,"href":"https:\/\/turomas.unanimecreativos.com\/pt\/wp-json\/wp\/v2\/pages\/977\/revisions"}],"wp:attachment":[{"href":"https:\/\/turomas.unanimecreativos.com\/pt\/wp-json\/wp\/v2\/media?parent=977"}],"curies":[{"name":"wp","href":"https:\/\/api.w.org\/{rel}","templated":true}]}}